{"id":2995,"date":"2023-05-03T12:31:26","date_gmt":"2023-05-03T10:31:26","guid":{"rendered":"https:\/\/tectuprint.es\/?post_type=product&#038;p=2995"},"modified":"2025-11-20T09:37:53","modified_gmt":"2025-11-20T08:37:53","slug":"aparell-delevacio-hidraulic-tec-300-series-roll-lifter","status":"publish","type":"product","link":"http:\/\/www.tectuprint.es\/ca\/productos\/aparell-delevacio-hidraulic-tec-300-series-roll-lifter\/","title":{"rendered":"APARELL D\u2019ELEVACI\u00d3 HIDR\u00c0ULIC TEC-300 SERIES \u201cROLL LIFTER\u201d"},"content":{"rendered":"<p><strong>ESPECIFICACIONS<\/strong><\/p>\n<p><strong>TEC-300<\/strong><\/p>\n<ul>\n<li aria-level=\"1\"><b>Amplada m\u00e0xima de bobina (mm):<\/b><span style=\"font-weight: 400;\"> 520<\/span><\/li>\n<li aria-level=\"1\"><b>Pes m\u00e0xim d\u2019elevaci\u00f3 (kg):<\/b><span style=\"font-weight: 400;\"> 300<\/span><\/li>\n<li aria-level=\"1\"><b>Al\u00e7ada m\u00e0xima d\u2019elevaci\u00f3 (mm):<\/b><span style=\"font-weight: 400;\"> 1156<\/span><\/li>\n<li aria-level=\"1\"><b>Dimensions LxWxH (mm):<\/b><span style=\"font-weight: 400;\"> 540 x 885 x 1780<\/span><\/li>\n<li aria-level=\"1\"><b><\/b><b>Pes (kg):<\/b><span style=\"font-weight: 400;\"> 80<\/span><\/li>\n<\/ul>\n<p style=\"margin-top: 15px;\"><strong>TEC-300H<\/strong><\/p>\n<ul>\n<li aria-level=\"1\"><b>Amplada m\u00e0xima de bobina (mm):<\/b><span style=\"font-weight: 400;\"> 520<\/span><\/li>\n<li aria-level=\"1\"><b>Pes m\u00e0xim d\u2019elevaci\u00f3 (kg):<\/b><span style=\"font-weight: 400;\"> 300<\/span><\/li>\n<li aria-level=\"1\"><b>Al\u00e7ada m\u00e0xima d\u2019elevaci\u00f3 (mm):<\/b><span style=\"font-weight: 400;\"> 1845<\/span><\/li>\n<li aria-level=\"1\"><b>Dimensions LxWxH (mm):<\/b><span style=\"font-weight: 400;\"> 580 x 950 x 2095<\/span><\/li>\n<li aria-level=\"1\"><b>Pes (kg):<\/b><span> 74<\/span><\/li>\n<\/ul>\n","protected":false},"excerpt":{"rendered":"<p><span style=\"font-weight: 400;\">Els <\/span><b>elevadors de bobina<\/b><span style=\"font-weight: 400;\"> s\u00f3n unitats d\u2019elevaci\u00f3 hidr\u00e0uliques m\u00f2bils per a la manipulaci\u00f3 de rotlles de paper per a m\u00e0quines d\u2019impressi\u00f3 i etiquetatge. L\u2019elevador de bobines inclou <\/span><b>dos models<\/b><span style=\"font-weight: 400;\">, TEC-300 i TEC-300H, amb diferent altura d\u2019elevaci\u00f3.<\/span><\/p>\n<p><span style=\"font-weight: 400;\">L\u2019eix de suport est\u00e0 equipat amb <\/span><b>rodaments de boles<\/b><span style=\"font-weight: 400;\"> a la part superior per a un millor despla\u00e7ament de la bobina. L\u2019elevador de bobina pot col\u00b7locar la bobina <\/span><b>directament a la secci\u00f3 de rebobinat o desbobinat<\/b><span style=\"font-weight: 400;\"> d\u2019una talladora o impressora. \u00c9s <\/span><b>f\u00e0cil de manejar i ergon\u00f2mic<\/b><span style=\"font-weight: 400;\">, per evitar accidents i lesions al treballador.<\/span><\/p>\n","protected":false},"featured_media":2989,"template":"","meta":{"_acf_changed":false},"product_brand":[],"product_cat":[38],"product_tag":[],"class_list":{"0":"post-2995","1":"product","2":"type-product","3":"status-publish","4":"has-post-thumbnail","6":"product_cat-sin-categoria","8":"first","9":"instock","10":"shipping-taxable","11":"product-type-simple"},"acf":[],"yoast_head":"<!-- This site is optimized with the Yoast SEO plugin v27.4 - https:\/\/yoast.com\/product\/yoast-seo-wordpress\/ -->\n<title>APARELL D\u2019ELEVACI\u00d3 HIDR\u00c0ULIC TEC-300 SERIES \u201cROLL LIFTER\u201d - Tectuprint<\/title>\n<meta name=\"robots\" content=\"index, follow, max-snippet:-1, max-image-preview:large, max-video-preview:-1\" \/>\n<link rel=\"canonical\" href=\"http:\/\/www.tectuprint.es\/ca\/productos\/aparell-delevacio-hidraulic-tec-300-series-roll-lifter\/\" \/>\n<meta property=\"og:locale\" content=\"ca_ES\" \/>\n<meta property=\"og:type\" content=\"article\" \/>\n<meta property=\"og:title\" content=\"APARELL D\u2019ELEVACI\u00d3 HIDR\u00c0ULIC TEC-300 SERIES \u201cROLL LIFTER\u201d - Tectuprint\" \/>\n<meta property=\"og:description\" content=\"Els elevadors de bobina s\u00f3n unitats d\u2019elevaci\u00f3 hidr\u00e0uliques m\u00f2bils per a la manipulaci\u00f3 de rotlles de paper per a m\u00e0quines d\u2019impressi\u00f3 i etiquetatge. L\u2019elevador de bobines inclou dos models, TEC-300 i TEC-300H, amb diferent altura d\u2019elevaci\u00f3.  L\u2019eix de suport est\u00e0 equipat amb rodaments de boles a la part superior per a un millor despla\u00e7ament de la bobina. L\u2019elevador de bobina pot col\u00b7locar la bobina directament a la secci\u00f3 de rebobinat o desbobinat d\u2019una talladora o impressora. \u00c9s f\u00e0cil de manejar i ergon\u00f2mic, per evitar accidents i lesions al treballador.\" \/>\n<meta property=\"og:url\" content=\"http:\/\/www.tectuprint.es\/ca\/productos\/aparell-delevacio-hidraulic-tec-300-series-roll-lifter\/\" \/>\n<meta property=\"og:site_name\" content=\"Tectuprint\" \/>\n<meta property=\"article:modified_time\" content=\"2025-11-20T08:37:53+00:00\" \/>\n<meta property=\"og:image\" content=\"http:\/\/www.tectuprint.es\/wp-content\/uploads\/2023\/05\/APARATO-DE-LEVANTAMIENTO-HIDRAULICO-TEC-300-SERIES-ROLL-LIFTER.jpg\" \/>\n\t<meta property=\"og:image:width\" content=\"650\" \/>\n\t<meta property=\"og:image:height\" content=\"488\" \/>\n\t<meta property=\"og:image:type\" content=\"image\/jpeg\" \/>\n<meta name=\"twitter:card\" content=\"summary_large_image\" \/>\n<meta name=\"twitter:label1\" content=\"Temps estimat de lectura\" \/>\n\t<meta name=\"twitter:data1\" content=\"1 minut\" \/>\n<script type=\"application\/ld+json\" class=\"yoast-schema-graph\">{\"@context\":\"https:\\\/\\\/schema.org\",\"@graph\":[{\"@type\":\"WebPage\",\"@id\":\"http:\\\/\\\/www.tectuprint.es\\\/ca\\\/productos\\\/aparell-delevacio-hidraulic-tec-300-series-roll-lifter\\\/\",\"url\":\"http:\\\/\\\/www.tectuprint.es\\\/ca\\\/productos\\\/aparell-delevacio-hidraulic-tec-300-series-roll-lifter\\\/\",\"name\":\"APARELL D\u2019ELEVACI\u00d3 HIDR\u00c0ULIC TEC-300 SERIES \u201cROLL LIFTER\u201d - Tectuprint\",\"isPartOf\":{\"@id\":\"http:\\\/\\\/www.tectuprint.es\\\/ca\\\/#website\"},\"primaryImageOfPage\":{\"@id\":\"http:\\\/\\\/www.tectuprint.es\\\/ca\\\/productos\\\/aparell-delevacio-hidraulic-tec-300-series-roll-lifter\\\/#primaryimage\"},\"image\":{\"@id\":\"http:\\\/\\\/www.tectuprint.es\\\/ca\\\/productos\\\/aparell-delevacio-hidraulic-tec-300-series-roll-lifter\\\/#primaryimage\"},\"thumbnailUrl\":\"http:\\\/\\\/www.tectuprint.es\\\/wp-content\\\/uploads\\\/2023\\\/05\\\/APARATO-DE-LEVANTAMIENTO-HIDRAULICO-TEC-300-SERIES-ROLL-LIFTER.jpg\",\"datePublished\":\"2023-05-03T10:31:26+00:00\",\"dateModified\":\"2025-11-20T08:37:53+00:00\",\"breadcrumb\":{\"@id\":\"http:\\\/\\\/www.tectuprint.es\\\/ca\\\/productos\\\/aparell-delevacio-hidraulic-tec-300-series-roll-lifter\\\/#breadcrumb\"},\"inLanguage\":\"ca\",\"potentialAction\":[{\"@type\":\"ReadAction\",\"target\":[\"http:\\\/\\\/www.tectuprint.es\\\/ca\\\/productos\\\/aparell-delevacio-hidraulic-tec-300-series-roll-lifter\\\/\"]}]},{\"@type\":\"ImageObject\",\"inLanguage\":\"ca\",\"@id\":\"http:\\\/\\\/www.tectuprint.es\\\/ca\\\/productos\\\/aparell-delevacio-hidraulic-tec-300-series-roll-lifter\\\/#primaryimage\",\"url\":\"http:\\\/\\\/www.tectuprint.es\\\/wp-content\\\/uploads\\\/2023\\\/05\\\/APARATO-DE-LEVANTAMIENTO-HIDRAULICO-TEC-300-SERIES-ROLL-LIFTER.jpg\",\"contentUrl\":\"http:\\\/\\\/www.tectuprint.es\\\/wp-content\\\/uploads\\\/2023\\\/05\\\/APARATO-DE-LEVANTAMIENTO-HIDRAULICO-TEC-300-SERIES-ROLL-LIFTER.jpg\",\"width\":650,\"height\":488,\"caption\":\"APARATO DE LEVANTAMIENTO HIDR\u00c1ULICO TEC-300 SERIES \u201cROLL LIFTER\u201d\"},{\"@type\":\"BreadcrumbList\",\"@id\":\"http:\\\/\\\/www.tectuprint.es\\\/ca\\\/productos\\\/aparell-delevacio-hidraulic-tec-300-series-roll-lifter\\\/#breadcrumb\",\"itemListElement\":[{\"@type\":\"ListItem\",\"position\":1,\"name\":\"Portada\",\"item\":\"https:\\\/\\\/www.tectuprint.es\\\/ca\\\/\"},{\"@type\":\"ListItem\",\"position\":2,\"name\":\"Botiga\",\"item\":\"http:\\\/\\\/www.tectuprint.es\\\/ca\\\/botiga\\\/\"},{\"@type\":\"ListItem\",\"position\":3,\"name\":\"APARELL D\u2019ELEVACI\u00d3 HIDR\u00c0ULIC TEC-300 SERIES \u201cROLL LIFTER\u201d\"}]},{\"@type\":\"WebSite\",\"@id\":\"http:\\\/\\\/www.tectuprint.es\\\/ca\\\/#website\",\"url\":\"http:\\\/\\\/www.tectuprint.es\\\/ca\\\/\",\"name\":\"Tectuprint - Soluciones para el sector gr\u00e1fico\",\"description\":\"Soluciones para el Sector Gr\u00e1fico\",\"publisher\":{\"@id\":\"http:\\\/\\\/www.tectuprint.es\\\/ca\\\/#organization\"},\"alternateName\":\"Tectuprint\",\"potentialAction\":[{\"@type\":\"SearchAction\",\"target\":{\"@type\":\"EntryPoint\",\"urlTemplate\":\"http:\\\/\\\/www.tectuprint.es\\\/ca\\\/?s={search_term_string}\"},\"query-input\":{\"@type\":\"PropertyValueSpecification\",\"valueRequired\":true,\"valueName\":\"search_term_string\"}}],\"inLanguage\":\"ca\"},{\"@type\":\"Organization\",\"@id\":\"http:\\\/\\\/www.tectuprint.es\\\/ca\\\/#organization\",\"name\":\"Tectuprint - Soluciones para el sector gr\u00e1fico\",\"alternateName\":\"Tectuprint\",\"url\":\"http:\\\/\\\/www.tectuprint.es\\\/ca\\\/\",\"logo\":{\"@type\":\"ImageObject\",\"inLanguage\":\"ca\",\"@id\":\"http:\\\/\\\/www.tectuprint.es\\\/ca\\\/#\\\/schema\\\/logo\\\/image\\\/\",\"url\":\"http:\\\/\\\/www.tectuprint.es\\\/wp-content\\\/uploads\\\/2023\\\/05\\\/tectuprint-logo.jpg\",\"contentUrl\":\"http:\\\/\\\/www.tectuprint.es\\\/wp-content\\\/uploads\\\/2023\\\/05\\\/tectuprint-logo.jpg\",\"width\":300,\"height\":65,\"caption\":\"Tectuprint - Soluciones para el sector gr\u00e1fico\"},\"image\":{\"@id\":\"http:\\\/\\\/www.tectuprint.es\\\/ca\\\/#\\\/schema\\\/logo\\\/image\\\/\"}}]}<\/script>\n<!-- \/ Yoast SEO plugin. -->","yoast_head_json":{"title":"APARELL D\u2019ELEVACI\u00d3 HIDR\u00c0ULIC TEC-300 SERIES \u201cROLL LIFTER\u201d - Tectuprint","robots":{"index":"index","follow":"follow","max-snippet":"max-snippet:-1","max-image-preview":"max-image-preview:large","max-video-preview":"max-video-preview:-1"},"canonical":"http:\/\/www.tectuprint.es\/ca\/productos\/aparell-delevacio-hidraulic-tec-300-series-roll-lifter\/","og_locale":"ca_ES","og_type":"article","og_title":"APARELL D\u2019ELEVACI\u00d3 HIDR\u00c0ULIC TEC-300 SERIES \u201cROLL LIFTER\u201d - Tectuprint","og_description":"Els elevadors de bobina s\u00f3n unitats d\u2019elevaci\u00f3 hidr\u00e0uliques m\u00f2bils per a la manipulaci\u00f3 de rotlles de paper per a m\u00e0quines d\u2019impressi\u00f3 i etiquetatge. L\u2019elevador de bobines inclou dos models, TEC-300 i TEC-300H, amb diferent altura d\u2019elevaci\u00f3.  L\u2019eix de suport est\u00e0 equipat amb rodaments de boles a la part superior per a un millor despla\u00e7ament de la bobina. L\u2019elevador de bobina pot col\u00b7locar la bobina directament a la secci\u00f3 de rebobinat o desbobinat d\u2019una talladora o impressora. \u00c9s f\u00e0cil de manejar i ergon\u00f2mic, per evitar accidents i lesions al treballador.","og_url":"http:\/\/www.tectuprint.es\/ca\/productos\/aparell-delevacio-hidraulic-tec-300-series-roll-lifter\/","og_site_name":"Tectuprint","article_modified_time":"2025-11-20T08:37:53+00:00","og_image":[{"width":650,"height":488,"url":"http:\/\/www.tectuprint.es\/wp-content\/uploads\/2023\/05\/APARATO-DE-LEVANTAMIENTO-HIDRAULICO-TEC-300-SERIES-ROLL-LIFTER.jpg","type":"image\/jpeg"}],"twitter_card":"summary_large_image","twitter_misc":{"Temps estimat de lectura":"1 minut"},"schema":{"@context":"https:\/\/schema.org","@graph":[{"@type":"WebPage","@id":"http:\/\/www.tectuprint.es\/ca\/productos\/aparell-delevacio-hidraulic-tec-300-series-roll-lifter\/","url":"http:\/\/www.tectuprint.es\/ca\/productos\/aparell-delevacio-hidraulic-tec-300-series-roll-lifter\/","name":"APARELL D\u2019ELEVACI\u00d3 HIDR\u00c0ULIC TEC-300 SERIES \u201cROLL LIFTER\u201d - Tectuprint","isPartOf":{"@id":"http:\/\/www.tectuprint.es\/ca\/#website"},"primaryImageOfPage":{"@id":"http:\/\/www.tectuprint.es\/ca\/productos\/aparell-delevacio-hidraulic-tec-300-series-roll-lifter\/#primaryimage"},"image":{"@id":"http:\/\/www.tectuprint.es\/ca\/productos\/aparell-delevacio-hidraulic-tec-300-series-roll-lifter\/#primaryimage"},"thumbnailUrl":"http:\/\/www.tectuprint.es\/wp-content\/uploads\/2023\/05\/APARATO-DE-LEVANTAMIENTO-HIDRAULICO-TEC-300-SERIES-ROLL-LIFTER.jpg","datePublished":"2023-05-03T10:31:26+00:00","dateModified":"2025-11-20T08:37:53+00:00","breadcrumb":{"@id":"http:\/\/www.tectuprint.es\/ca\/productos\/aparell-delevacio-hidraulic-tec-300-series-roll-lifter\/#breadcrumb"},"inLanguage":"ca","potentialAction":[{"@type":"ReadAction","target":["http:\/\/www.tectuprint.es\/ca\/productos\/aparell-delevacio-hidraulic-tec-300-series-roll-lifter\/"]}]},{"@type":"ImageObject","inLanguage":"ca","@id":"http:\/\/www.tectuprint.es\/ca\/productos\/aparell-delevacio-hidraulic-tec-300-series-roll-lifter\/#primaryimage","url":"http:\/\/www.tectuprint.es\/wp-content\/uploads\/2023\/05\/APARATO-DE-LEVANTAMIENTO-HIDRAULICO-TEC-300-SERIES-ROLL-LIFTER.jpg","contentUrl":"http:\/\/www.tectuprint.es\/wp-content\/uploads\/2023\/05\/APARATO-DE-LEVANTAMIENTO-HIDRAULICO-TEC-300-SERIES-ROLL-LIFTER.jpg","width":650,"height":488,"caption":"APARATO DE LEVANTAMIENTO HIDR\u00c1ULICO TEC-300 SERIES \u201cROLL LIFTER\u201d"},{"@type":"BreadcrumbList","@id":"http:\/\/www.tectuprint.es\/ca\/productos\/aparell-delevacio-hidraulic-tec-300-series-roll-lifter\/#breadcrumb","itemListElement":[{"@type":"ListItem","position":1,"name":"Portada","item":"https:\/\/www.tectuprint.es\/ca\/"},{"@type":"ListItem","position":2,"name":"Botiga","item":"http:\/\/www.tectuprint.es\/ca\/botiga\/"},{"@type":"ListItem","position":3,"name":"APARELL D\u2019ELEVACI\u00d3 HIDR\u00c0ULIC TEC-300 SERIES \u201cROLL LIFTER\u201d"}]},{"@type":"WebSite","@id":"http:\/\/www.tectuprint.es\/ca\/#website","url":"http:\/\/www.tectuprint.es\/ca\/","name":"Tectuprint - Soluciones para el sector gr\u00e1fico","description":"Soluciones para el Sector Gr\u00e1fico","publisher":{"@id":"http:\/\/www.tectuprint.es\/ca\/#organization"},"alternateName":"Tectuprint","potentialAction":[{"@type":"SearchAction","target":{"@type":"EntryPoint","urlTemplate":"http:\/\/www.tectuprint.es\/ca\/?s={search_term_string}"},"query-input":{"@type":"PropertyValueSpecification","valueRequired":true,"valueName":"search_term_string"}}],"inLanguage":"ca"},{"@type":"Organization","@id":"http:\/\/www.tectuprint.es\/ca\/#organization","name":"Tectuprint - Soluciones para el sector gr\u00e1fico","alternateName":"Tectuprint","url":"http:\/\/www.tectuprint.es\/ca\/","logo":{"@type":"ImageObject","inLanguage":"ca","@id":"http:\/\/www.tectuprint.es\/ca\/#\/schema\/logo\/image\/","url":"http:\/\/www.tectuprint.es\/wp-content\/uploads\/2023\/05\/tectuprint-logo.jpg","contentUrl":"http:\/\/www.tectuprint.es\/wp-content\/uploads\/2023\/05\/tectuprint-logo.jpg","width":300,"height":65,"caption":"Tectuprint - Soluciones para el sector gr\u00e1fico"},"image":{"@id":"http:\/\/www.tectuprint.es\/ca\/#\/schema\/logo\/image\/"}}]}},"_links":{"self":[{"href":"http:\/\/www.tectuprint.es\/ca\/wp-json\/wp\/v2\/product\/2995","targetHints":{"allow":["GET"]}}],"collection":[{"href":"http:\/\/www.tectuprint.es\/ca\/wp-json\/wp\/v2\/product"}],"about":[{"href":"http:\/\/www.tectuprint.es\/ca\/wp-json\/wp\/v2\/types\/product"}],"wp:featuredmedia":[{"embeddable":true,"href":"http:\/\/www.tectuprint.es\/ca\/wp-json\/wp\/v2\/media\/2989"}],"wp:attachment":[{"href":"http:\/\/www.tectuprint.es\/ca\/wp-json\/wp\/v2\/media?parent=2995"}],"wp:term":[{"taxonomy":"product_brand","embeddable":true,"href":"http:\/\/www.tectuprint.es\/ca\/wp-json\/wp\/v2\/product_brand?post=2995"},{"taxonomy":"product_cat","embeddable":true,"href":"http:\/\/www.tectuprint.es\/ca\/wp-json\/wp\/v2\/product_cat?post=2995"},{"taxonomy":"product_tag","embeddable":true,"href":"http:\/\/www.tectuprint.es\/ca\/wp-json\/wp\/v2\/product_tag?post=2995"}],"curies":[{"name":"wp","href":"https:\/\/api.w.org\/{rel}","templated":true}]}}