{"id":2984,"date":"2023-05-05T13:19:24","date_gmt":"2023-05-05T11:19:24","guid":{"rendered":"https:\/\/tectuprint.es\/?post_type=product&#038;p=2984"},"modified":"2025-11-20T09:22:55","modified_gmt":"2025-11-20T08:22:55","slug":"maquina-dimprimcio-per-injeccio-de-tinta-m-tower","status":"publish","type":"product","link":"http:\/\/www.tectuprint.es\/ca\/productos\/maquina-dimprimcio-per-injeccio-de-tinta-m-tower\/","title":{"rendered":"M\u00c0QUINA D\u2019IMPRIMCI\u00d3 PER INJECCI\u00d3 DE TINTA M-TOWER"},"content":{"rendered":"","protected":false},"excerpt":{"rendered":"<p><span style=\"font-weight: 400;\">Adaptable a qualsevol m\u00e0quina rotativa de formulari, permet la possibilitat de personalitzar la seva feina sense una gran inversi\u00f3. En col\u00b7laboraci\u00f3 amb <\/span><b>Kodak\u00a9<\/b><span style=\"font-weight: 400;\">, oferim suports per als seus caps d\u2019injecci\u00f3 de tinta <\/span><i><span style=\"font-weight: 400;\">Prosper<\/span><\/i><span style=\"font-weight: 400;\">, juntament amb un grup de secat per infrarojos\u2026 Tot centralitzat en un \u00fanic m\u00f2dul totalment adaptable.<\/span> <span style=\"font-weight: 400;\">Aquesta torre est\u00e0 dissenyada per al muntatge de caps d\u2019injecci\u00f3 de tinta amb <\/span><b>secadors<\/b><span style=\"font-weight: 400;\">, <\/span><b>sensor de marca de senyal<\/b><span style=\"font-weight: 400;\"> i <\/span><b>codificador de velocitat<\/b><span style=\"font-weight: 400;\">. Tamb\u00e9 ofereix la possibilitat de crear <\/span><b>l\u00ednies externes<\/b><span style=\"font-weight: 400;\"> per a treballs d\u2019acabat.<\/span> <span style=\"font-weight: 400;\">La distribuci\u00f3 mundial del <\/span><b>Matti-Tower (M-Tower)<\/b><span style=\"font-weight: 400;\"> \u00e9s a c\u00e0rrec del nostre soci de confian\u00e7a, <\/span><b>MATTI TECHNOLOGY AG<\/b><span style=\"font-weight: 400;\">. Consulteu, si us plau, les especificacions detallades al lloc web de <\/span><b>Matti Technology<\/b><span style=\"font-weight: 400;\">.<\/span> <span style=\"font-weight: 400;\">Hi ha m\u00e9s solucions que podem oferir amb els nostres m\u00f2duls.<\/span><\/p>\n","protected":false},"featured_media":2981,"template":"","meta":{"_acf_changed":false},"product_brand":[],"product_cat":[38],"product_tag":[],"class_list":{"0":"post-2984","1":"product","2":"type-product","3":"status-publish","4":"has-post-thumbnail","6":"product_cat-sin-categoria","8":"first","9":"instock","10":"shipping-taxable","11":"product-type-simple"},"acf":[],"yoast_head":"<!-- This site is optimized with the Yoast SEO plugin v27.4 - https:\/\/yoast.com\/product\/yoast-seo-wordpress\/ -->\n<title>M\u00c0QUINA D\u2019IMPRIMCI\u00d3 PER INJECCI\u00d3 DE TINTA M-TOWER - Tectuprint<\/title>\n<meta name=\"robots\" content=\"index, follow, max-snippet:-1, max-image-preview:large, max-video-preview:-1\" \/>\n<link rel=\"canonical\" href=\"http:\/\/www.tectuprint.es\/ca\/productos\/maquina-dimprimcio-per-injeccio-de-tinta-m-tower\/\" \/>\n<meta property=\"og:locale\" content=\"ca_ES\" \/>\n<meta property=\"og:type\" content=\"article\" \/>\n<meta property=\"og:title\" content=\"M\u00c0QUINA D\u2019IMPRIMCI\u00d3 PER INJECCI\u00d3 DE TINTA M-TOWER - Tectuprint\" \/>\n<meta property=\"og:description\" content=\"Adaptable a qualsevol m\u00e0quina rotativa de formulari, permet la possibilitat de personalitzar la seva feina sense una gran inversi\u00f3. En col\u00b7laboraci\u00f3 amb Kodak\u00a9, oferim suports per als seus caps d\u2019injecci\u00f3 de tinta Prosper, juntament amb un grup de secat per infrarojos\u2026 Tot centralitzat en un \u00fanic m\u00f2dul totalment adaptable. Aquesta torre est\u00e0 dissenyada per al muntatge de caps d\u2019injecci\u00f3 de tinta amb secadors, sensor de marca de senyal i codificador de velocitat. Tamb\u00e9 ofereix la possibilitat de crear l\u00ednies externes per a treballs d\u2019acabat. La distribuci\u00f3 mundial del Matti-Tower (M-Tower) \u00e9s a c\u00e0rrec del nostre soci de confian\u00e7a, MATTI TECHNOLOGY AG. Consulteu, si us plau, les especificacions detallades al lloc web de Matti Technology. Hi ha m\u00e9s solucions que podem oferir amb els nostres m\u00f2duls.\" \/>\n<meta property=\"og:url\" content=\"http:\/\/www.tectuprint.es\/ca\/productos\/maquina-dimprimcio-per-injeccio-de-tinta-m-tower\/\" \/>\n<meta property=\"og:site_name\" content=\"Tectuprint\" \/>\n<meta property=\"article:modified_time\" content=\"2025-11-20T08:22:55+00:00\" \/>\n<meta property=\"og:image\" content=\"http:\/\/www.tectuprint.es\/wp-content\/uploads\/2023\/05\/MAQUINA-DE-IMPRESION-DE-INYECCION-DE-TINTA-M-TOWER-1.jpg\" \/>\n\t<meta property=\"og:image:width\" content=\"600\" \/>\n\t<meta property=\"og:image:height\" content=\"900\" \/>\n\t<meta property=\"og:image:type\" content=\"image\/jpeg\" \/>\n<meta name=\"twitter:card\" content=\"summary_large_image\" \/>\n<script type=\"application\/ld+json\" class=\"yoast-schema-graph\">{\"@context\":\"https:\\\/\\\/schema.org\",\"@graph\":[{\"@type\":\"WebPage\",\"@id\":\"http:\\\/\\\/www.tectuprint.es\\\/ca\\\/productos\\\/maquina-dimprimcio-per-injeccio-de-tinta-m-tower\\\/\",\"url\":\"http:\\\/\\\/www.tectuprint.es\\\/ca\\\/productos\\\/maquina-dimprimcio-per-injeccio-de-tinta-m-tower\\\/\",\"name\":\"M\u00c0QUINA D\u2019IMPRIMCI\u00d3 PER INJECCI\u00d3 DE TINTA M-TOWER - Tectuprint\",\"isPartOf\":{\"@id\":\"http:\\\/\\\/www.tectuprint.es\\\/ca\\\/#website\"},\"primaryImageOfPage\":{\"@id\":\"http:\\\/\\\/www.tectuprint.es\\\/ca\\\/productos\\\/maquina-dimprimcio-per-injeccio-de-tinta-m-tower\\\/#primaryimage\"},\"image\":{\"@id\":\"http:\\\/\\\/www.tectuprint.es\\\/ca\\\/productos\\\/maquina-dimprimcio-per-injeccio-de-tinta-m-tower\\\/#primaryimage\"},\"thumbnailUrl\":\"http:\\\/\\\/www.tectuprint.es\\\/wp-content\\\/uploads\\\/2023\\\/05\\\/MAQUINA-DE-IMPRESION-DE-INYECCION-DE-TINTA-M-TOWER-1.jpg\",\"datePublished\":\"2023-05-05T11:19:24+00:00\",\"dateModified\":\"2025-11-20T08:22:55+00:00\",\"breadcrumb\":{\"@id\":\"http:\\\/\\\/www.tectuprint.es\\\/ca\\\/productos\\\/maquina-dimprimcio-per-injeccio-de-tinta-m-tower\\\/#breadcrumb\"},\"inLanguage\":\"ca\",\"potentialAction\":[{\"@type\":\"ReadAction\",\"target\":[\"http:\\\/\\\/www.tectuprint.es\\\/ca\\\/productos\\\/maquina-dimprimcio-per-injeccio-de-tinta-m-tower\\\/\"]}]},{\"@type\":\"ImageObject\",\"inLanguage\":\"ca\",\"@id\":\"http:\\\/\\\/www.tectuprint.es\\\/ca\\\/productos\\\/maquina-dimprimcio-per-injeccio-de-tinta-m-tower\\\/#primaryimage\",\"url\":\"http:\\\/\\\/www.tectuprint.es\\\/wp-content\\\/uploads\\\/2023\\\/05\\\/MAQUINA-DE-IMPRESION-DE-INYECCION-DE-TINTA-M-TOWER-1.jpg\",\"contentUrl\":\"http:\\\/\\\/www.tectuprint.es\\\/wp-content\\\/uploads\\\/2023\\\/05\\\/MAQUINA-DE-IMPRESION-DE-INYECCION-DE-TINTA-M-TOWER-1.jpg\",\"width\":600,\"height\":900,\"caption\":\"M\u00c1QUINA DE IMPRESI\u00d3N DE INYECCI\u00d3N DE TINTA M-TOWER-1\"},{\"@type\":\"BreadcrumbList\",\"@id\":\"http:\\\/\\\/www.tectuprint.es\\\/ca\\\/productos\\\/maquina-dimprimcio-per-injeccio-de-tinta-m-tower\\\/#breadcrumb\",\"itemListElement\":[{\"@type\":\"ListItem\",\"position\":1,\"name\":\"Portada\",\"item\":\"https:\\\/\\\/www.tectuprint.es\\\/ca\\\/\"},{\"@type\":\"ListItem\",\"position\":2,\"name\":\"Botiga\",\"item\":\"http:\\\/\\\/www.tectuprint.es\\\/ca\\\/botiga\\\/\"},{\"@type\":\"ListItem\",\"position\":3,\"name\":\"M\u00c0QUINA D\u2019IMPRIMCI\u00d3 PER INJECCI\u00d3 DE TINTA M-TOWER\"}]},{\"@type\":\"WebSite\",\"@id\":\"http:\\\/\\\/www.tectuprint.es\\\/ca\\\/#website\",\"url\":\"http:\\\/\\\/www.tectuprint.es\\\/ca\\\/\",\"name\":\"Tectuprint - Soluciones para el sector gr\u00e1fico\",\"description\":\"Soluciones para el Sector Gr\u00e1fico\",\"publisher\":{\"@id\":\"http:\\\/\\\/www.tectuprint.es\\\/ca\\\/#organization\"},\"alternateName\":\"Tectuprint\",\"potentialAction\":[{\"@type\":\"SearchAction\",\"target\":{\"@type\":\"EntryPoint\",\"urlTemplate\":\"http:\\\/\\\/www.tectuprint.es\\\/ca\\\/?s={search_term_string}\"},\"query-input\":{\"@type\":\"PropertyValueSpecification\",\"valueRequired\":true,\"valueName\":\"search_term_string\"}}],\"inLanguage\":\"ca\"},{\"@type\":\"Organization\",\"@id\":\"http:\\\/\\\/www.tectuprint.es\\\/ca\\\/#organization\",\"name\":\"Tectuprint - Soluciones para el sector gr\u00e1fico\",\"alternateName\":\"Tectuprint\",\"url\":\"http:\\\/\\\/www.tectuprint.es\\\/ca\\\/\",\"logo\":{\"@type\":\"ImageObject\",\"inLanguage\":\"ca\",\"@id\":\"http:\\\/\\\/www.tectuprint.es\\\/ca\\\/#\\\/schema\\\/logo\\\/image\\\/\",\"url\":\"http:\\\/\\\/www.tectuprint.es\\\/wp-content\\\/uploads\\\/2023\\\/05\\\/tectuprint-logo.jpg\",\"contentUrl\":\"http:\\\/\\\/www.tectuprint.es\\\/wp-content\\\/uploads\\\/2023\\\/05\\\/tectuprint-logo.jpg\",\"width\":300,\"height\":65,\"caption\":\"Tectuprint - Soluciones para el sector gr\u00e1fico\"},\"image\":{\"@id\":\"http:\\\/\\\/www.tectuprint.es\\\/ca\\\/#\\\/schema\\\/logo\\\/image\\\/\"}}]}<\/script>\n<!-- \/ Yoast SEO plugin. -->","yoast_head_json":{"title":"M\u00c0QUINA D\u2019IMPRIMCI\u00d3 PER INJECCI\u00d3 DE TINTA M-TOWER - Tectuprint","robots":{"index":"index","follow":"follow","max-snippet":"max-snippet:-1","max-image-preview":"max-image-preview:large","max-video-preview":"max-video-preview:-1"},"canonical":"http:\/\/www.tectuprint.es\/ca\/productos\/maquina-dimprimcio-per-injeccio-de-tinta-m-tower\/","og_locale":"ca_ES","og_type":"article","og_title":"M\u00c0QUINA D\u2019IMPRIMCI\u00d3 PER INJECCI\u00d3 DE TINTA M-TOWER - Tectuprint","og_description":"Adaptable a qualsevol m\u00e0quina rotativa de formulari, permet la possibilitat de personalitzar la seva feina sense una gran inversi\u00f3. En col\u00b7laboraci\u00f3 amb Kodak\u00a9, oferim suports per als seus caps d\u2019injecci\u00f3 de tinta Prosper, juntament amb un grup de secat per infrarojos\u2026 Tot centralitzat en un \u00fanic m\u00f2dul totalment adaptable. Aquesta torre est\u00e0 dissenyada per al muntatge de caps d\u2019injecci\u00f3 de tinta amb secadors, sensor de marca de senyal i codificador de velocitat. Tamb\u00e9 ofereix la possibilitat de crear l\u00ednies externes per a treballs d\u2019acabat. La distribuci\u00f3 mundial del Matti-Tower (M-Tower) \u00e9s a c\u00e0rrec del nostre soci de confian\u00e7a, MATTI TECHNOLOGY AG. Consulteu, si us plau, les especificacions detallades al lloc web de Matti Technology. Hi ha m\u00e9s solucions que podem oferir amb els nostres m\u00f2duls.","og_url":"http:\/\/www.tectuprint.es\/ca\/productos\/maquina-dimprimcio-per-injeccio-de-tinta-m-tower\/","og_site_name":"Tectuprint","article_modified_time":"2025-11-20T08:22:55+00:00","og_image":[{"width":600,"height":900,"url":"http:\/\/www.tectuprint.es\/wp-content\/uploads\/2023\/05\/MAQUINA-DE-IMPRESION-DE-INYECCION-DE-TINTA-M-TOWER-1.jpg","type":"image\/jpeg"}],"twitter_card":"summary_large_image","schema":{"@context":"https:\/\/schema.org","@graph":[{"@type":"WebPage","@id":"http:\/\/www.tectuprint.es\/ca\/productos\/maquina-dimprimcio-per-injeccio-de-tinta-m-tower\/","url":"http:\/\/www.tectuprint.es\/ca\/productos\/maquina-dimprimcio-per-injeccio-de-tinta-m-tower\/","name":"M\u00c0QUINA D\u2019IMPRIMCI\u00d3 PER INJECCI\u00d3 DE TINTA M-TOWER - Tectuprint","isPartOf":{"@id":"http:\/\/www.tectuprint.es\/ca\/#website"},"primaryImageOfPage":{"@id":"http:\/\/www.tectuprint.es\/ca\/productos\/maquina-dimprimcio-per-injeccio-de-tinta-m-tower\/#primaryimage"},"image":{"@id":"http:\/\/www.tectuprint.es\/ca\/productos\/maquina-dimprimcio-per-injeccio-de-tinta-m-tower\/#primaryimage"},"thumbnailUrl":"http:\/\/www.tectuprint.es\/wp-content\/uploads\/2023\/05\/MAQUINA-DE-IMPRESION-DE-INYECCION-DE-TINTA-M-TOWER-1.jpg","datePublished":"2023-05-05T11:19:24+00:00","dateModified":"2025-11-20T08:22:55+00:00","breadcrumb":{"@id":"http:\/\/www.tectuprint.es\/ca\/productos\/maquina-dimprimcio-per-injeccio-de-tinta-m-tower\/#breadcrumb"},"inLanguage":"ca","potentialAction":[{"@type":"ReadAction","target":["http:\/\/www.tectuprint.es\/ca\/productos\/maquina-dimprimcio-per-injeccio-de-tinta-m-tower\/"]}]},{"@type":"ImageObject","inLanguage":"ca","@id":"http:\/\/www.tectuprint.es\/ca\/productos\/maquina-dimprimcio-per-injeccio-de-tinta-m-tower\/#primaryimage","url":"http:\/\/www.tectuprint.es\/wp-content\/uploads\/2023\/05\/MAQUINA-DE-IMPRESION-DE-INYECCION-DE-TINTA-M-TOWER-1.jpg","contentUrl":"http:\/\/www.tectuprint.es\/wp-content\/uploads\/2023\/05\/MAQUINA-DE-IMPRESION-DE-INYECCION-DE-TINTA-M-TOWER-1.jpg","width":600,"height":900,"caption":"M\u00c1QUINA DE IMPRESI\u00d3N DE INYECCI\u00d3N DE TINTA M-TOWER-1"},{"@type":"BreadcrumbList","@id":"http:\/\/www.tectuprint.es\/ca\/productos\/maquina-dimprimcio-per-injeccio-de-tinta-m-tower\/#breadcrumb","itemListElement":[{"@type":"ListItem","position":1,"name":"Portada","item":"https:\/\/www.tectuprint.es\/ca\/"},{"@type":"ListItem","position":2,"name":"Botiga","item":"http:\/\/www.tectuprint.es\/ca\/botiga\/"},{"@type":"ListItem","position":3,"name":"M\u00c0QUINA D\u2019IMPRIMCI\u00d3 PER INJECCI\u00d3 DE TINTA M-TOWER"}]},{"@type":"WebSite","@id":"http:\/\/www.tectuprint.es\/ca\/#website","url":"http:\/\/www.tectuprint.es\/ca\/","name":"Tectuprint - Soluciones para el sector gr\u00e1fico","description":"Soluciones para el Sector Gr\u00e1fico","publisher":{"@id":"http:\/\/www.tectuprint.es\/ca\/#organization"},"alternateName":"Tectuprint","potentialAction":[{"@type":"SearchAction","target":{"@type":"EntryPoint","urlTemplate":"http:\/\/www.tectuprint.es\/ca\/?s={search_term_string}"},"query-input":{"@type":"PropertyValueSpecification","valueRequired":true,"valueName":"search_term_string"}}],"inLanguage":"ca"},{"@type":"Organization","@id":"http:\/\/www.tectuprint.es\/ca\/#organization","name":"Tectuprint - Soluciones para el sector gr\u00e1fico","alternateName":"Tectuprint","url":"http:\/\/www.tectuprint.es\/ca\/","logo":{"@type":"ImageObject","inLanguage":"ca","@id":"http:\/\/www.tectuprint.es\/ca\/#\/schema\/logo\/image\/","url":"http:\/\/www.tectuprint.es\/wp-content\/uploads\/2023\/05\/tectuprint-logo.jpg","contentUrl":"http:\/\/www.tectuprint.es\/wp-content\/uploads\/2023\/05\/tectuprint-logo.jpg","width":300,"height":65,"caption":"Tectuprint - Soluciones para el sector gr\u00e1fico"},"image":{"@id":"http:\/\/www.tectuprint.es\/ca\/#\/schema\/logo\/image\/"}}]}},"_links":{"self":[{"href":"http:\/\/www.tectuprint.es\/ca\/wp-json\/wp\/v2\/product\/2984","targetHints":{"allow":["GET"]}}],"collection":[{"href":"http:\/\/www.tectuprint.es\/ca\/wp-json\/wp\/v2\/product"}],"about":[{"href":"http:\/\/www.tectuprint.es\/ca\/wp-json\/wp\/v2\/types\/product"}],"wp:featuredmedia":[{"embeddable":true,"href":"http:\/\/www.tectuprint.es\/ca\/wp-json\/wp\/v2\/media\/2981"}],"wp:attachment":[{"href":"http:\/\/www.tectuprint.es\/ca\/wp-json\/wp\/v2\/media?parent=2984"}],"wp:term":[{"taxonomy":"product_brand","embeddable":true,"href":"http:\/\/www.tectuprint.es\/ca\/wp-json\/wp\/v2\/product_brand?post=2984"},{"taxonomy":"product_cat","embeddable":true,"href":"http:\/\/www.tectuprint.es\/ca\/wp-json\/wp\/v2\/product_cat?post=2984"},{"taxonomy":"product_tag","embeddable":true,"href":"http:\/\/www.tectuprint.es\/ca\/wp-json\/wp\/v2\/product_tag?post=2984"}],"curies":[{"name":"wp","href":"https:\/\/api.w.org\/{rel}","templated":true}]}}