{"id":2979,"date":"2023-05-06T13:14:31","date_gmt":"2023-05-06T11:14:31","guid":{"rendered":"https:\/\/tectuprint.es\/?post_type=product&#038;p=2979"},"modified":"2025-11-20T09:17:54","modified_gmt":"2025-11-20T08:17:54","slug":"maquina-de-tall-cnc-mu-520-multicut","status":"publish","type":"product","link":"http:\/\/www.tectuprint.es\/ca\/productos\/maquina-de-tall-cnc-mu-520-multicut\/","title":{"rendered":"M\u00c0QUINA DE TALL CNC MU-520 MULTICUT"},"content":{"rendered":"","protected":false},"excerpt":{"rendered":"<p><span style=\"font-weight: 400;\">Una talladora de format variable dissenyada per adaptar-se a la gran majoria de rotatives del mercat. Amb la nova generaci\u00f3 de programari digital, permet variar el tall mitjan\u00e7ant les seves c\u00e8l\u00b7lules de lectura de marca. Aquest tall pot ser en mides variables de <\/span><b>8&#8243; a 24&#8243;<\/b><span style=\"font-weight: 400;\">, amb la possibilitat de tall <\/span><i><span style=\"font-weight: 400;\">a vol<\/span><\/i><span style=\"font-weight: 400;\">, cosa que permet, ajustant la velocitat, fer diferents formats de tall <\/span><b>sense canviar el cilindre i sense aturar la m\u00e0quina<\/b><span style=\"font-weight: 400;\">.<\/span> <span style=\"font-weight: 400;\">El tall a vol fa que el cilindre de tall quedi en rep\u00f2s mentre el paper es mou i, quan arriba el senyal, el cilindre assoleix la velocitat del paper per efectuar el tall.<\/span> <span style=\"font-weight: 400;\">La <\/span><b>Multicut<\/b><span style=\"font-weight: 400;\"> es pot col\u00b7locar davant de qualsevol m\u00e0quina <\/span><b>rotativa<\/b><span style=\"font-weight: 400;\">, i el material pot arribar-hi amb tensi\u00f3, per arrossegament (tractors) o fins i tot sense tensi\u00f3 gr\u00e0cies a una <\/span><i><span style=\"font-weight: 400;\">ballerina<\/span><\/i><span style=\"font-weight: 400;\"> que permet adaptar la velocitat segons la seva posici\u00f3. <\/span><span style=\"font-weight: 400;\">Tamb\u00e9 disposem de l\u2019opci\u00f3 de connectar la Multicut en <\/span><b>mode offline<\/b><span style=\"font-weight: 400;\"> a trav\u00e9s d\u2019un <\/span><b>Desbobinador ERTEC<\/b><span style=\"font-weight: 400;\">, creant aix\u00ed una l\u00ednia externa de tall i descentralitzant els treballs. <\/span><span style=\"font-weight: 400;\">A la sortida de la Multicut podem instal\u00b7lar una <\/span><b>taula vibradora<\/b><span style=\"font-weight: 400;\"> o una <\/span><b>l\u00ednia d\u2019apilat vertical<\/b><span style=\"font-weight: 400;\">.\u00a0<\/span><\/p>\n","protected":false},"featured_media":2879,"template":"","meta":{"_acf_changed":false},"product_brand":[],"product_cat":[38],"product_tag":[],"class_list":{"0":"post-2979","1":"product","2":"type-product","3":"status-publish","4":"has-post-thumbnail","6":"product_cat-sin-categoria","8":"first","9":"instock","10":"shipping-taxable","11":"product-type-simple"},"acf":[],"yoast_head":"<!-- This site is optimized with the Yoast SEO plugin v27.4 - https:\/\/yoast.com\/product\/yoast-seo-wordpress\/ -->\n<title>M\u00c0QUINA DE TALL CNC MU-520 MULTICUT - Tectuprint<\/title>\n<meta name=\"robots\" content=\"index, follow, max-snippet:-1, max-image-preview:large, max-video-preview:-1\" \/>\n<link rel=\"canonical\" href=\"http:\/\/www.tectuprint.es\/ca\/productos\/maquina-de-tall-cnc-mu-520-multicut\/\" \/>\n<meta property=\"og:locale\" content=\"ca_ES\" \/>\n<meta property=\"og:type\" content=\"article\" \/>\n<meta property=\"og:title\" content=\"M\u00c0QUINA DE TALL CNC MU-520 MULTICUT - Tectuprint\" \/>\n<meta property=\"og:description\" content=\"Una talladora de format variable dissenyada per adaptar-se a la gran majoria de rotatives del mercat. Amb la nova generaci\u00f3 de programari digital, permet variar el tall mitjan\u00e7ant les seves c\u00e8l\u00b7lules de lectura de marca. Aquest tall pot ser en mides variables de 8&quot; a 24&quot;, amb la possibilitat de tall a vol, cosa que permet, ajustant la velocitat, fer diferents formats de tall sense canviar el cilindre i sense aturar la m\u00e0quina. El tall a vol fa que el cilindre de tall quedi en rep\u00f2s mentre el paper es mou i, quan arriba el senyal, el cilindre assoleix la velocitat del paper per efectuar el tall. La Multicut es pot col\u00b7locar davant de qualsevol m\u00e0quina rotativa, i el material pot arribar-hi amb tensi\u00f3, per arrossegament (tractors) o fins i tot sense tensi\u00f3 gr\u00e0cies a una ballerina que permet adaptar la velocitat segons la seva posici\u00f3. Tamb\u00e9 disposem de l\u2019opci\u00f3 de connectar la Multicut en mode offline a trav\u00e9s d\u2019un Desbobinador ERTEC, creant aix\u00ed una l\u00ednia externa de tall i descentralitzant els treballs. A la sortida de la Multicut podem instal\u00b7lar una taula vibradora o una l\u00ednia d\u2019apilat vertical.\u00a0\" \/>\n<meta property=\"og:url\" content=\"http:\/\/www.tectuprint.es\/ca\/productos\/maquina-de-tall-cnc-mu-520-multicut\/\" \/>\n<meta property=\"og:site_name\" content=\"Tectuprint\" \/>\n<meta property=\"article:modified_time\" content=\"2025-11-20T08:17:54+00:00\" \/>\n<meta property=\"og:image\" content=\"http:\/\/www.tectuprint.es\/wp-content\/uploads\/2023\/05\/MAQUINA-DE-CORTE-CNC-MU-520-MULTICUT-1.jpg\" \/>\n\t<meta property=\"og:image:width\" content=\"600\" \/>\n\t<meta property=\"og:image:height\" content=\"450\" \/>\n\t<meta property=\"og:image:type\" content=\"image\/jpeg\" \/>\n<meta name=\"twitter:card\" content=\"summary_large_image\" \/>\n<script type=\"application\/ld+json\" class=\"yoast-schema-graph\">{\"@context\":\"https:\\\/\\\/schema.org\",\"@graph\":[{\"@type\":\"WebPage\",\"@id\":\"http:\\\/\\\/www.tectuprint.es\\\/ca\\\/productos\\\/maquina-de-tall-cnc-mu-520-multicut\\\/\",\"url\":\"http:\\\/\\\/www.tectuprint.es\\\/ca\\\/productos\\\/maquina-de-tall-cnc-mu-520-multicut\\\/\",\"name\":\"M\u00c0QUINA DE TALL CNC MU-520 MULTICUT - Tectuprint\",\"isPartOf\":{\"@id\":\"http:\\\/\\\/www.tectuprint.es\\\/ca\\\/#website\"},\"primaryImageOfPage\":{\"@id\":\"http:\\\/\\\/www.tectuprint.es\\\/ca\\\/productos\\\/maquina-de-tall-cnc-mu-520-multicut\\\/#primaryimage\"},\"image\":{\"@id\":\"http:\\\/\\\/www.tectuprint.es\\\/ca\\\/productos\\\/maquina-de-tall-cnc-mu-520-multicut\\\/#primaryimage\"},\"thumbnailUrl\":\"http:\\\/\\\/www.tectuprint.es\\\/wp-content\\\/uploads\\\/2023\\\/05\\\/MAQUINA-DE-CORTE-CNC-MU-520-MULTICUT-1.jpg\",\"datePublished\":\"2023-05-06T11:14:31+00:00\",\"dateModified\":\"2025-11-20T08:17:54+00:00\",\"breadcrumb\":{\"@id\":\"http:\\\/\\\/www.tectuprint.es\\\/ca\\\/productos\\\/maquina-de-tall-cnc-mu-520-multicut\\\/#breadcrumb\"},\"inLanguage\":\"ca\",\"potentialAction\":[{\"@type\":\"ReadAction\",\"target\":[\"http:\\\/\\\/www.tectuprint.es\\\/ca\\\/productos\\\/maquina-de-tall-cnc-mu-520-multicut\\\/\"]}]},{\"@type\":\"ImageObject\",\"inLanguage\":\"ca\",\"@id\":\"http:\\\/\\\/www.tectuprint.es\\\/ca\\\/productos\\\/maquina-de-tall-cnc-mu-520-multicut\\\/#primaryimage\",\"url\":\"http:\\\/\\\/www.tectuprint.es\\\/wp-content\\\/uploads\\\/2023\\\/05\\\/MAQUINA-DE-CORTE-CNC-MU-520-MULTICUT-1.jpg\",\"contentUrl\":\"http:\\\/\\\/www.tectuprint.es\\\/wp-content\\\/uploads\\\/2023\\\/05\\\/MAQUINA-DE-CORTE-CNC-MU-520-MULTICUT-1.jpg\",\"width\":600,\"height\":450,\"caption\":\"M\u00c1QUINA DE CORTE CNC MU-520 MULTICUT -1\"},{\"@type\":\"BreadcrumbList\",\"@id\":\"http:\\\/\\\/www.tectuprint.es\\\/ca\\\/productos\\\/maquina-de-tall-cnc-mu-520-multicut\\\/#breadcrumb\",\"itemListElement\":[{\"@type\":\"ListItem\",\"position\":1,\"name\":\"Portada\",\"item\":\"https:\\\/\\\/www.tectuprint.es\\\/ca\\\/\"},{\"@type\":\"ListItem\",\"position\":2,\"name\":\"Botiga\",\"item\":\"http:\\\/\\\/www.tectuprint.es\\\/ca\\\/botiga\\\/\"},{\"@type\":\"ListItem\",\"position\":3,\"name\":\"M\u00c0QUINA DE TALL CNC MU-520 MULTICUT\"}]},{\"@type\":\"WebSite\",\"@id\":\"http:\\\/\\\/www.tectuprint.es\\\/ca\\\/#website\",\"url\":\"http:\\\/\\\/www.tectuprint.es\\\/ca\\\/\",\"name\":\"Tectuprint - Soluciones para el sector gr\u00e1fico\",\"description\":\"Soluciones para el Sector Gr\u00e1fico\",\"publisher\":{\"@id\":\"http:\\\/\\\/www.tectuprint.es\\\/ca\\\/#organization\"},\"alternateName\":\"Tectuprint\",\"potentialAction\":[{\"@type\":\"SearchAction\",\"target\":{\"@type\":\"EntryPoint\",\"urlTemplate\":\"http:\\\/\\\/www.tectuprint.es\\\/ca\\\/?s={search_term_string}\"},\"query-input\":{\"@type\":\"PropertyValueSpecification\",\"valueRequired\":true,\"valueName\":\"search_term_string\"}}],\"inLanguage\":\"ca\"},{\"@type\":\"Organization\",\"@id\":\"http:\\\/\\\/www.tectuprint.es\\\/ca\\\/#organization\",\"name\":\"Tectuprint - Soluciones para el sector gr\u00e1fico\",\"alternateName\":\"Tectuprint\",\"url\":\"http:\\\/\\\/www.tectuprint.es\\\/ca\\\/\",\"logo\":{\"@type\":\"ImageObject\",\"inLanguage\":\"ca\",\"@id\":\"http:\\\/\\\/www.tectuprint.es\\\/ca\\\/#\\\/schema\\\/logo\\\/image\\\/\",\"url\":\"http:\\\/\\\/www.tectuprint.es\\\/wp-content\\\/uploads\\\/2023\\\/05\\\/tectuprint-logo.jpg\",\"contentUrl\":\"http:\\\/\\\/www.tectuprint.es\\\/wp-content\\\/uploads\\\/2023\\\/05\\\/tectuprint-logo.jpg\",\"width\":300,\"height\":65,\"caption\":\"Tectuprint - Soluciones para el sector gr\u00e1fico\"},\"image\":{\"@id\":\"http:\\\/\\\/www.tectuprint.es\\\/ca\\\/#\\\/schema\\\/logo\\\/image\\\/\"}}]}<\/script>\n<!-- \/ Yoast SEO plugin. -->","yoast_head_json":{"title":"M\u00c0QUINA DE TALL CNC MU-520 MULTICUT - Tectuprint","robots":{"index":"index","follow":"follow","max-snippet":"max-snippet:-1","max-image-preview":"max-image-preview:large","max-video-preview":"max-video-preview:-1"},"canonical":"http:\/\/www.tectuprint.es\/ca\/productos\/maquina-de-tall-cnc-mu-520-multicut\/","og_locale":"ca_ES","og_type":"article","og_title":"M\u00c0QUINA DE TALL CNC MU-520 MULTICUT - Tectuprint","og_description":"Una talladora de format variable dissenyada per adaptar-se a la gran majoria de rotatives del mercat. Amb la nova generaci\u00f3 de programari digital, permet variar el tall mitjan\u00e7ant les seves c\u00e8l\u00b7lules de lectura de marca. Aquest tall pot ser en mides variables de 8\" a 24\", amb la possibilitat de tall a vol, cosa que permet, ajustant la velocitat, fer diferents formats de tall sense canviar el cilindre i sense aturar la m\u00e0quina. El tall a vol fa que el cilindre de tall quedi en rep\u00f2s mentre el paper es mou i, quan arriba el senyal, el cilindre assoleix la velocitat del paper per efectuar el tall. La Multicut es pot col\u00b7locar davant de qualsevol m\u00e0quina rotativa, i el material pot arribar-hi amb tensi\u00f3, per arrossegament (tractors) o fins i tot sense tensi\u00f3 gr\u00e0cies a una ballerina que permet adaptar la velocitat segons la seva posici\u00f3. Tamb\u00e9 disposem de l\u2019opci\u00f3 de connectar la Multicut en mode offline a trav\u00e9s d\u2019un Desbobinador ERTEC, creant aix\u00ed una l\u00ednia externa de tall i descentralitzant els treballs. A la sortida de la Multicut podem instal\u00b7lar una taula vibradora o una l\u00ednia d\u2019apilat vertical.\u00a0","og_url":"http:\/\/www.tectuprint.es\/ca\/productos\/maquina-de-tall-cnc-mu-520-multicut\/","og_site_name":"Tectuprint","article_modified_time":"2025-11-20T08:17:54+00:00","og_image":[{"width":600,"height":450,"url":"http:\/\/www.tectuprint.es\/wp-content\/uploads\/2023\/05\/MAQUINA-DE-CORTE-CNC-MU-520-MULTICUT-1.jpg","type":"image\/jpeg"}],"twitter_card":"summary_large_image","schema":{"@context":"https:\/\/schema.org","@graph":[{"@type":"WebPage","@id":"http:\/\/www.tectuprint.es\/ca\/productos\/maquina-de-tall-cnc-mu-520-multicut\/","url":"http:\/\/www.tectuprint.es\/ca\/productos\/maquina-de-tall-cnc-mu-520-multicut\/","name":"M\u00c0QUINA DE TALL CNC MU-520 MULTICUT - Tectuprint","isPartOf":{"@id":"http:\/\/www.tectuprint.es\/ca\/#website"},"primaryImageOfPage":{"@id":"http:\/\/www.tectuprint.es\/ca\/productos\/maquina-de-tall-cnc-mu-520-multicut\/#primaryimage"},"image":{"@id":"http:\/\/www.tectuprint.es\/ca\/productos\/maquina-de-tall-cnc-mu-520-multicut\/#primaryimage"},"thumbnailUrl":"http:\/\/www.tectuprint.es\/wp-content\/uploads\/2023\/05\/MAQUINA-DE-CORTE-CNC-MU-520-MULTICUT-1.jpg","datePublished":"2023-05-06T11:14:31+00:00","dateModified":"2025-11-20T08:17:54+00:00","breadcrumb":{"@id":"http:\/\/www.tectuprint.es\/ca\/productos\/maquina-de-tall-cnc-mu-520-multicut\/#breadcrumb"},"inLanguage":"ca","potentialAction":[{"@type":"ReadAction","target":["http:\/\/www.tectuprint.es\/ca\/productos\/maquina-de-tall-cnc-mu-520-multicut\/"]}]},{"@type":"ImageObject","inLanguage":"ca","@id":"http:\/\/www.tectuprint.es\/ca\/productos\/maquina-de-tall-cnc-mu-520-multicut\/#primaryimage","url":"http:\/\/www.tectuprint.es\/wp-content\/uploads\/2023\/05\/MAQUINA-DE-CORTE-CNC-MU-520-MULTICUT-1.jpg","contentUrl":"http:\/\/www.tectuprint.es\/wp-content\/uploads\/2023\/05\/MAQUINA-DE-CORTE-CNC-MU-520-MULTICUT-1.jpg","width":600,"height":450,"caption":"M\u00c1QUINA DE CORTE CNC MU-520 MULTICUT -1"},{"@type":"BreadcrumbList","@id":"http:\/\/www.tectuprint.es\/ca\/productos\/maquina-de-tall-cnc-mu-520-multicut\/#breadcrumb","itemListElement":[{"@type":"ListItem","position":1,"name":"Portada","item":"https:\/\/www.tectuprint.es\/ca\/"},{"@type":"ListItem","position":2,"name":"Botiga","item":"http:\/\/www.tectuprint.es\/ca\/botiga\/"},{"@type":"ListItem","position":3,"name":"M\u00c0QUINA DE TALL CNC MU-520 MULTICUT"}]},{"@type":"WebSite","@id":"http:\/\/www.tectuprint.es\/ca\/#website","url":"http:\/\/www.tectuprint.es\/ca\/","name":"Tectuprint - Soluciones para el sector gr\u00e1fico","description":"Soluciones para el Sector Gr\u00e1fico","publisher":{"@id":"http:\/\/www.tectuprint.es\/ca\/#organization"},"alternateName":"Tectuprint","potentialAction":[{"@type":"SearchAction","target":{"@type":"EntryPoint","urlTemplate":"http:\/\/www.tectuprint.es\/ca\/?s={search_term_string}"},"query-input":{"@type":"PropertyValueSpecification","valueRequired":true,"valueName":"search_term_string"}}],"inLanguage":"ca"},{"@type":"Organization","@id":"http:\/\/www.tectuprint.es\/ca\/#organization","name":"Tectuprint - Soluciones para el sector gr\u00e1fico","alternateName":"Tectuprint","url":"http:\/\/www.tectuprint.es\/ca\/","logo":{"@type":"ImageObject","inLanguage":"ca","@id":"http:\/\/www.tectuprint.es\/ca\/#\/schema\/logo\/image\/","url":"http:\/\/www.tectuprint.es\/wp-content\/uploads\/2023\/05\/tectuprint-logo.jpg","contentUrl":"http:\/\/www.tectuprint.es\/wp-content\/uploads\/2023\/05\/tectuprint-logo.jpg","width":300,"height":65,"caption":"Tectuprint - Soluciones para el sector gr\u00e1fico"},"image":{"@id":"http:\/\/www.tectuprint.es\/ca\/#\/schema\/logo\/image\/"}}]}},"_links":{"self":[{"href":"http:\/\/www.tectuprint.es\/ca\/wp-json\/wp\/v2\/product\/2979","targetHints":{"allow":["GET"]}}],"collection":[{"href":"http:\/\/www.tectuprint.es\/ca\/wp-json\/wp\/v2\/product"}],"about":[{"href":"http:\/\/www.tectuprint.es\/ca\/wp-json\/wp\/v2\/types\/product"}],"wp:featuredmedia":[{"embeddable":true,"href":"http:\/\/www.tectuprint.es\/ca\/wp-json\/wp\/v2\/media\/2879"}],"wp:attachment":[{"href":"http:\/\/www.tectuprint.es\/ca\/wp-json\/wp\/v2\/media?parent=2979"}],"wp:term":[{"taxonomy":"product_brand","embeddable":true,"href":"http:\/\/www.tectuprint.es\/ca\/wp-json\/wp\/v2\/product_brand?post=2979"},{"taxonomy":"product_cat","embeddable":true,"href":"http:\/\/www.tectuprint.es\/ca\/wp-json\/wp\/v2\/product_cat?post=2979"},{"taxonomy":"product_tag","embeddable":true,"href":"http:\/\/www.tectuprint.es\/ca\/wp-json\/wp\/v2\/product_tag?post=2979"}],"curies":[{"name":"wp","href":"https:\/\/api.w.org\/{rel}","templated":true}]}}