{"id":2971,"date":"2023-05-07T13:02:08","date_gmt":"2023-05-07T11:02:08","guid":{"rendered":"https:\/\/tectuprint.es\/?post_type=product&#038;p=2971"},"modified":"2025-11-20T09:11:10","modified_gmt":"2025-11-20T08:11:10","slug":"desenrotllador-i-enrotllador-de-bobina","status":"publish","type":"product","link":"http:\/\/www.tectuprint.es\/ca\/productos\/desenrotllador-i-enrotllador-de-bobina\/","title":{"rendered":"DESENROTLLADOR I ENROTLLADOR DE BOBINA"},"content":{"rendered":"<p><span style=\"font-weight: 400;\">A <\/span><b>Tectuprint<\/b><span style=\"font-weight: 400;\"> hem desenvolupat un <\/span><b>Desbobinador 520-U1<\/b><span style=\"font-weight: 400;\"> i un <\/span><b>Rebobinador 520-R1<\/b><span style=\"font-weight: 400;\"> modular que ens permeten generar l\u00ednies completes d\u2019impressi\u00f3 de bobina a bobina amb tensi\u00f3 i un acabat de bona qualitat. Aix\u00f2 ofereix la possibilitat de configurar m\u00f2duls complets de treball fora de les rotatives, en funci\u00f3 de la demanda, permetent aix\u00ed crear l\u00ednies de <\/span><i><span style=\"font-weight: 400;\">finishing<\/span><\/i><span style=\"font-weight: 400;\"> i impressi\u00f3 sota demanda.<\/span><\/p>\n<p><span style=\"font-weight: 400;\">Aquestes l\u00ednies es poden formar r\u00e0pidament i interconnectar, oferint diferents possibilitats en diversos sectors de la impressi\u00f3, ampliant aix\u00ed la producci\u00f3 i evitant dependre d\u2019una \u00fanica soluci\u00f3 per als seus equips. <\/span><span style=\"font-weight: 400;\">A Tectuprint hem creat m\u00f2duls vers\u00e0tils per treballar sota demanda, per a la personalitzaci\u00f3 d\u2019impresos, <\/span><i><span style=\"font-weight: 400;\">direct mailings<\/span><\/i><span style=\"font-weight: 400;\"> i altres sistemes d\u2019acabats d\u2019alta qualitat.<\/span><\/p>\n","protected":false},"excerpt":{"rendered":"<p>ESPECIFICACIONS<\/p>\n<ul style=\"padding-bottom: 20px;\">\n<li><b>Velocitat m\u00e0xima:<\/b><span style=\"font-weight: 400;\"> 200 m\/min<\/span><\/li>\n<li><b>Di\u00e0metre m\u00e0xim de la bobina:<\/b><span style=\"font-weight: 400;\"> 1320 mm (52&#8243;)<\/span><\/li>\n<li><b>Amplada del paper:<\/b><span style=\"font-weight: 400;\"> entre 200 mm (m\u00ednima) i 520 mm (m\u00e0xima)<\/span><\/li>\n<li><b>Pressi\u00f3 de c\u00e0rrega en el rebobinat:<\/b><span style=\"font-weight: 400;\"> 400 N<\/span><\/li>\n<li><b>Especificacions el\u00e8ctriques:<\/b><span style=\"font-weight: 400;\"> 400\/480 V 3L + PE<\/span><\/li>\n<\/ul>\n","protected":false},"featured_media":2964,"template":"","meta":{"_acf_changed":false},"product_brand":[],"product_cat":[38],"product_tag":[],"class_list":{"0":"post-2971","1":"product","2":"type-product","3":"status-publish","4":"has-post-thumbnail","6":"product_cat-sin-categoria","8":"first","9":"instock","10":"shipping-taxable","11":"product-type-simple"},"acf":[],"yoast_head":"<!-- This site is optimized with the Yoast SEO plugin v27.4 - https:\/\/yoast.com\/product\/yoast-seo-wordpress\/ -->\n<title>DESENROTLLADOR I ENROTLLADOR DE BOBINA - Tectuprint<\/title>\n<meta name=\"robots\" content=\"index, follow, max-snippet:-1, max-image-preview:large, max-video-preview:-1\" \/>\n<link rel=\"canonical\" href=\"http:\/\/www.tectuprint.es\/ca\/productos\/desenrotllador-i-enrotllador-de-bobina\/\" \/>\n<meta property=\"og:locale\" content=\"ca_ES\" \/>\n<meta property=\"og:type\" content=\"article\" \/>\n<meta property=\"og:title\" content=\"DESENROTLLADOR I ENROTLLADOR DE BOBINA - Tectuprint\" \/>\n<meta property=\"og:description\" content=\"ESPECIFICACIONS   Velocitat m\u00e0xima: 200 m\/min  Di\u00e0metre m\u00e0xim de la bobina: 1320 mm (52&quot;)  Amplada del paper: entre 200 mm (m\u00ednima) i 520 mm (m\u00e0xima)  Pressi\u00f3 de c\u00e0rrega en el rebobinat: 400 N  Especificacions el\u00e8ctriques: 400\/480 V 3L + PE\" \/>\n<meta property=\"og:url\" content=\"http:\/\/www.tectuprint.es\/ca\/productos\/desenrotllador-i-enrotllador-de-bobina\/\" \/>\n<meta property=\"og:site_name\" content=\"Tectuprint\" \/>\n<meta property=\"article:modified_time\" content=\"2025-11-20T08:11:10+00:00\" \/>\n<meta property=\"og:image\" content=\"http:\/\/www.tectuprint.es\/wp-content\/uploads\/2023\/05\/STAND-DESENROLLADOR-ENROLLADOR-DE-ROLLOS-DE-PAPEL-520-U1-R1-2.jpg\" \/>\n\t<meta property=\"og:image:width\" content=\"600\" \/>\n\t<meta property=\"og:image:height\" content=\"450\" \/>\n\t<meta property=\"og:image:type\" content=\"image\/jpeg\" \/>\n<meta name=\"twitter:card\" content=\"summary_large_image\" \/>\n<meta name=\"twitter:label1\" content=\"Temps estimat de lectura\" \/>\n\t<meta name=\"twitter:data1\" content=\"1 minut\" \/>\n<script type=\"application\/ld+json\" class=\"yoast-schema-graph\">{\"@context\":\"https:\\\/\\\/schema.org\",\"@graph\":[{\"@type\":\"WebPage\",\"@id\":\"http:\\\/\\\/www.tectuprint.es\\\/ca\\\/productos\\\/desenrotllador-i-enrotllador-de-bobina\\\/\",\"url\":\"http:\\\/\\\/www.tectuprint.es\\\/ca\\\/productos\\\/desenrotllador-i-enrotllador-de-bobina\\\/\",\"name\":\"DESENROTLLADOR I ENROTLLADOR DE BOBINA - Tectuprint\",\"isPartOf\":{\"@id\":\"http:\\\/\\\/www.tectuprint.es\\\/ca\\\/#website\"},\"primaryImageOfPage\":{\"@id\":\"http:\\\/\\\/www.tectuprint.es\\\/ca\\\/productos\\\/desenrotllador-i-enrotllador-de-bobina\\\/#primaryimage\"},\"image\":{\"@id\":\"http:\\\/\\\/www.tectuprint.es\\\/ca\\\/productos\\\/desenrotllador-i-enrotllador-de-bobina\\\/#primaryimage\"},\"thumbnailUrl\":\"http:\\\/\\\/www.tectuprint.es\\\/wp-content\\\/uploads\\\/2023\\\/05\\\/STAND-DESENROLLADOR-ENROLLADOR-DE-ROLLOS-DE-PAPEL-520-U1-R1-2.jpg\",\"datePublished\":\"2023-05-07T11:02:08+00:00\",\"dateModified\":\"2025-11-20T08:11:10+00:00\",\"breadcrumb\":{\"@id\":\"http:\\\/\\\/www.tectuprint.es\\\/ca\\\/productos\\\/desenrotllador-i-enrotllador-de-bobina\\\/#breadcrumb\"},\"inLanguage\":\"ca\",\"potentialAction\":[{\"@type\":\"ReadAction\",\"target\":[\"http:\\\/\\\/www.tectuprint.es\\\/ca\\\/productos\\\/desenrotllador-i-enrotllador-de-bobina\\\/\"]}]},{\"@type\":\"ImageObject\",\"inLanguage\":\"ca\",\"@id\":\"http:\\\/\\\/www.tectuprint.es\\\/ca\\\/productos\\\/desenrotllador-i-enrotllador-de-bobina\\\/#primaryimage\",\"url\":\"http:\\\/\\\/www.tectuprint.es\\\/wp-content\\\/uploads\\\/2023\\\/05\\\/STAND-DESENROLLADOR-ENROLLADOR-DE-ROLLOS-DE-PAPEL-520-U1-R1-2.jpg\",\"contentUrl\":\"http:\\\/\\\/www.tectuprint.es\\\/wp-content\\\/uploads\\\/2023\\\/05\\\/STAND-DESENROLLADOR-ENROLLADOR-DE-ROLLOS-DE-PAPEL-520-U1-R1-2.jpg\",\"width\":600,\"height\":450,\"caption\":\"STAND DESENROLLADOR-ENROLLADOR DE ROLLOS DE PAPEL 520-U1 \\\/ R1 -2\"},{\"@type\":\"BreadcrumbList\",\"@id\":\"http:\\\/\\\/www.tectuprint.es\\\/ca\\\/productos\\\/desenrotllador-i-enrotllador-de-bobina\\\/#breadcrumb\",\"itemListElement\":[{\"@type\":\"ListItem\",\"position\":1,\"name\":\"Portada\",\"item\":\"https:\\\/\\\/www.tectuprint.es\\\/ca\\\/\"},{\"@type\":\"ListItem\",\"position\":2,\"name\":\"Botiga\",\"item\":\"http:\\\/\\\/www.tectuprint.es\\\/ca\\\/botiga\\\/\"},{\"@type\":\"ListItem\",\"position\":3,\"name\":\"DESENROTLLADOR I ENROTLLADOR DE BOBINA\"}]},{\"@type\":\"WebSite\",\"@id\":\"http:\\\/\\\/www.tectuprint.es\\\/ca\\\/#website\",\"url\":\"http:\\\/\\\/www.tectuprint.es\\\/ca\\\/\",\"name\":\"Tectuprint - Soluciones para el sector gr\u00e1fico\",\"description\":\"Soluciones para el Sector Gr\u00e1fico\",\"publisher\":{\"@id\":\"http:\\\/\\\/www.tectuprint.es\\\/ca\\\/#organization\"},\"alternateName\":\"Tectuprint\",\"potentialAction\":[{\"@type\":\"SearchAction\",\"target\":{\"@type\":\"EntryPoint\",\"urlTemplate\":\"http:\\\/\\\/www.tectuprint.es\\\/ca\\\/?s={search_term_string}\"},\"query-input\":{\"@type\":\"PropertyValueSpecification\",\"valueRequired\":true,\"valueName\":\"search_term_string\"}}],\"inLanguage\":\"ca\"},{\"@type\":\"Organization\",\"@id\":\"http:\\\/\\\/www.tectuprint.es\\\/ca\\\/#organization\",\"name\":\"Tectuprint - Soluciones para el sector gr\u00e1fico\",\"alternateName\":\"Tectuprint\",\"url\":\"http:\\\/\\\/www.tectuprint.es\\\/ca\\\/\",\"logo\":{\"@type\":\"ImageObject\",\"inLanguage\":\"ca\",\"@id\":\"http:\\\/\\\/www.tectuprint.es\\\/ca\\\/#\\\/schema\\\/logo\\\/image\\\/\",\"url\":\"http:\\\/\\\/www.tectuprint.es\\\/wp-content\\\/uploads\\\/2023\\\/05\\\/tectuprint-logo.jpg\",\"contentUrl\":\"http:\\\/\\\/www.tectuprint.es\\\/wp-content\\\/uploads\\\/2023\\\/05\\\/tectuprint-logo.jpg\",\"width\":300,\"height\":65,\"caption\":\"Tectuprint - Soluciones para el sector gr\u00e1fico\"},\"image\":{\"@id\":\"http:\\\/\\\/www.tectuprint.es\\\/ca\\\/#\\\/schema\\\/logo\\\/image\\\/\"}}]}<\/script>\n<!-- \/ Yoast SEO plugin. -->","yoast_head_json":{"title":"DESENROTLLADOR I ENROTLLADOR DE BOBINA - Tectuprint","robots":{"index":"index","follow":"follow","max-snippet":"max-snippet:-1","max-image-preview":"max-image-preview:large","max-video-preview":"max-video-preview:-1"},"canonical":"http:\/\/www.tectuprint.es\/ca\/productos\/desenrotllador-i-enrotllador-de-bobina\/","og_locale":"ca_ES","og_type":"article","og_title":"DESENROTLLADOR I ENROTLLADOR DE BOBINA - Tectuprint","og_description":"ESPECIFICACIONS   Velocitat m\u00e0xima: 200 m\/min  Di\u00e0metre m\u00e0xim de la bobina: 1320 mm (52\")  Amplada del paper: entre 200 mm (m\u00ednima) i 520 mm (m\u00e0xima)  Pressi\u00f3 de c\u00e0rrega en el rebobinat: 400 N  Especificacions el\u00e8ctriques: 400\/480 V 3L + PE","og_url":"http:\/\/www.tectuprint.es\/ca\/productos\/desenrotllador-i-enrotllador-de-bobina\/","og_site_name":"Tectuprint","article_modified_time":"2025-11-20T08:11:10+00:00","og_image":[{"width":600,"height":450,"url":"http:\/\/www.tectuprint.es\/wp-content\/uploads\/2023\/05\/STAND-DESENROLLADOR-ENROLLADOR-DE-ROLLOS-DE-PAPEL-520-U1-R1-2.jpg","type":"image\/jpeg"}],"twitter_card":"summary_large_image","twitter_misc":{"Temps estimat de lectura":"1 minut"},"schema":{"@context":"https:\/\/schema.org","@graph":[{"@type":"WebPage","@id":"http:\/\/www.tectuprint.es\/ca\/productos\/desenrotllador-i-enrotllador-de-bobina\/","url":"http:\/\/www.tectuprint.es\/ca\/productos\/desenrotllador-i-enrotllador-de-bobina\/","name":"DESENROTLLADOR I ENROTLLADOR DE BOBINA - Tectuprint","isPartOf":{"@id":"http:\/\/www.tectuprint.es\/ca\/#website"},"primaryImageOfPage":{"@id":"http:\/\/www.tectuprint.es\/ca\/productos\/desenrotllador-i-enrotllador-de-bobina\/#primaryimage"},"image":{"@id":"http:\/\/www.tectuprint.es\/ca\/productos\/desenrotllador-i-enrotllador-de-bobina\/#primaryimage"},"thumbnailUrl":"http:\/\/www.tectuprint.es\/wp-content\/uploads\/2023\/05\/STAND-DESENROLLADOR-ENROLLADOR-DE-ROLLOS-DE-PAPEL-520-U1-R1-2.jpg","datePublished":"2023-05-07T11:02:08+00:00","dateModified":"2025-11-20T08:11:10+00:00","breadcrumb":{"@id":"http:\/\/www.tectuprint.es\/ca\/productos\/desenrotllador-i-enrotllador-de-bobina\/#breadcrumb"},"inLanguage":"ca","potentialAction":[{"@type":"ReadAction","target":["http:\/\/www.tectuprint.es\/ca\/productos\/desenrotllador-i-enrotllador-de-bobina\/"]}]},{"@type":"ImageObject","inLanguage":"ca","@id":"http:\/\/www.tectuprint.es\/ca\/productos\/desenrotllador-i-enrotllador-de-bobina\/#primaryimage","url":"http:\/\/www.tectuprint.es\/wp-content\/uploads\/2023\/05\/STAND-DESENROLLADOR-ENROLLADOR-DE-ROLLOS-DE-PAPEL-520-U1-R1-2.jpg","contentUrl":"http:\/\/www.tectuprint.es\/wp-content\/uploads\/2023\/05\/STAND-DESENROLLADOR-ENROLLADOR-DE-ROLLOS-DE-PAPEL-520-U1-R1-2.jpg","width":600,"height":450,"caption":"STAND DESENROLLADOR-ENROLLADOR DE ROLLOS DE PAPEL 520-U1 \/ R1 -2"},{"@type":"BreadcrumbList","@id":"http:\/\/www.tectuprint.es\/ca\/productos\/desenrotllador-i-enrotllador-de-bobina\/#breadcrumb","itemListElement":[{"@type":"ListItem","position":1,"name":"Portada","item":"https:\/\/www.tectuprint.es\/ca\/"},{"@type":"ListItem","position":2,"name":"Botiga","item":"http:\/\/www.tectuprint.es\/ca\/botiga\/"},{"@type":"ListItem","position":3,"name":"DESENROTLLADOR I ENROTLLADOR DE BOBINA"}]},{"@type":"WebSite","@id":"http:\/\/www.tectuprint.es\/ca\/#website","url":"http:\/\/www.tectuprint.es\/ca\/","name":"Tectuprint - Soluciones para el sector gr\u00e1fico","description":"Soluciones para el Sector Gr\u00e1fico","publisher":{"@id":"http:\/\/www.tectuprint.es\/ca\/#organization"},"alternateName":"Tectuprint","potentialAction":[{"@type":"SearchAction","target":{"@type":"EntryPoint","urlTemplate":"http:\/\/www.tectuprint.es\/ca\/?s={search_term_string}"},"query-input":{"@type":"PropertyValueSpecification","valueRequired":true,"valueName":"search_term_string"}}],"inLanguage":"ca"},{"@type":"Organization","@id":"http:\/\/www.tectuprint.es\/ca\/#organization","name":"Tectuprint - Soluciones para el sector gr\u00e1fico","alternateName":"Tectuprint","url":"http:\/\/www.tectuprint.es\/ca\/","logo":{"@type":"ImageObject","inLanguage":"ca","@id":"http:\/\/www.tectuprint.es\/ca\/#\/schema\/logo\/image\/","url":"http:\/\/www.tectuprint.es\/wp-content\/uploads\/2023\/05\/tectuprint-logo.jpg","contentUrl":"http:\/\/www.tectuprint.es\/wp-content\/uploads\/2023\/05\/tectuprint-logo.jpg","width":300,"height":65,"caption":"Tectuprint - Soluciones para el sector gr\u00e1fico"},"image":{"@id":"http:\/\/www.tectuprint.es\/ca\/#\/schema\/logo\/image\/"}}]}},"_links":{"self":[{"href":"http:\/\/www.tectuprint.es\/ca\/wp-json\/wp\/v2\/product\/2971","targetHints":{"allow":["GET"]}}],"collection":[{"href":"http:\/\/www.tectuprint.es\/ca\/wp-json\/wp\/v2\/product"}],"about":[{"href":"http:\/\/www.tectuprint.es\/ca\/wp-json\/wp\/v2\/types\/product"}],"wp:featuredmedia":[{"embeddable":true,"href":"http:\/\/www.tectuprint.es\/ca\/wp-json\/wp\/v2\/media\/2964"}],"wp:attachment":[{"href":"http:\/\/www.tectuprint.es\/ca\/wp-json\/wp\/v2\/media?parent=2971"}],"wp:term":[{"taxonomy":"product_brand","embeddable":true,"href":"http:\/\/www.tectuprint.es\/ca\/wp-json\/wp\/v2\/product_brand?post=2971"},{"taxonomy":"product_cat","embeddable":true,"href":"http:\/\/www.tectuprint.es\/ca\/wp-json\/wp\/v2\/product_cat?post=2971"},{"taxonomy":"product_tag","embeddable":true,"href":"http:\/\/www.tectuprint.es\/ca\/wp-json\/wp\/v2\/product_tag?post=2971"}],"curies":[{"name":"wp","href":"https:\/\/api.w.org\/{rel}","templated":true}]}}