{"id":2962,"date":"2023-05-08T11:54:06","date_gmt":"2023-05-08T09:54:06","guid":{"rendered":"https:\/\/tectuprint.es\/?post_type=product&#038;p=2962"},"modified":"2025-11-20T09:04:00","modified_gmt":"2025-11-20T08:04:00","slug":"maquina-apiladora-automatica-stacker-520-st","status":"publish","type":"product","link":"http:\/\/www.tectuprint.es\/ca\/productos\/maquina-apiladora-automatica-stacker-520-st\/","title":{"rendered":"M\u00c0QUINA APILADORA AUTOM\u00c0TICA STACKER 520-ST"},"content":{"rendered":"<p><span style=\"font-weight: 400;\">El <\/span><b>m\u00f2dul d\u2019espirals i stack<\/b><span style=\"font-weight: 400;\"> es col\u00b7loca a la sortida de pr\u00e0cticament qualsevol talladora o m\u00e0quina de sortida a fulles est\u00e0ndard. Les corretges de la taula d\u2019entrada reben el full i l\u2019eleven cap a l\u2019entrada de les espirals. Aquestes es posaran en marxa quan la c\u00e8l\u00b7lula de lectura detecti que s\u2019acosta un full. La posici\u00f3 de l\u2019espiral es calcular\u00e0 per situar-se al punt exacte perqu\u00e8, des del primer full, tots siguin productius.<\/span><\/p>\n<p><span style=\"font-weight: 400;\">Aquesta m\u00e0quina permet que el paper pugui contenir algun document integrat. El <\/span><b>Stacker<\/b><span style=\"font-weight: 400;\"> deixa cada full en una part individual de l\u2019espiral, sense que hi hagi lliscament entre els fulls, evitant aix\u00ed el marcatge o la generaci\u00f3 d\u2019electricitat est\u00e0tica.<\/span><\/p>\n<p><span style=\"font-weight: 400;\">De manera suau, deixar\u00e0 caure el full en una pila de la mida que h\u00e0gim preseleccionat. Quan arribem a la quantitat fixada, la m\u00e0quina realitzar\u00e0 la maniobra de <\/span><b>stack<\/b><span style=\"font-weight: 400;\"> i retirar\u00e0 el material de la l\u00ednia, generant les piles que h\u00e0gim preseleccionat.<\/span><\/p>\n<p><span style=\"font-weight: 400;\">Tamb\u00e9 disposa de la funci\u00f3 de <\/span><b>buidatge<\/b><span style=\"font-weight: 400;\">; \u00e9s a dir, quan la m\u00e0quina mare (rotativa) s\u2019aturi, el <\/span><b>Stacker<\/b><span style=\"font-weight: 400;\"> es buidar\u00e0 deixant tota la m\u00e0quina neta i s\u2019aturar\u00e0 finalment quan ja no hi quedi material a l\u2019interior.<\/span><\/p>\n","protected":false},"excerpt":{"rendered":"<p>ESPECIFICACIONS<\/p>\n<ul style=\"padding-bottom: 20px;\">\n<li><span style=\"font-weight: 400;\">Amplada m\u00e0xima del paper: <\/span><b>520 mm (20&#8243;)<\/b><\/li>\n<li><span style=\"font-weight: 400;\">Amplada m\u00ednima del paper: <\/span><b>200 mm (8&#8243;)<\/b><\/li>\n<li><span style=\"font-weight: 400;\">Pes del paper (gramatge): <\/span><b>60\u2013220 g\/m\u00b2<\/b><\/li>\n<li><span style=\"font-weight: 400;\">Mides del full de paper (formats): de <\/span><b>152 mm (6&#8243;)<\/b><span style=\"font-weight: 400;\"> a <\/span><b>406 mm (16&#8243;)<\/b><\/li>\n<li><span style=\"font-weight: 400;\">Capacitat m\u00e0xima de l\u2019apilador: <\/span><b>1.000 fulls de 70 g\/m\u00b2<\/b><\/li>\n<li><span style=\"font-weight: 400;\">Velocitat m\u00e0xima en sortida simple (un full) a l\u2019amplada<\/span><\/li>\n<li style=\"font-weight: 400;\" aria-level=\"1\"><span style=\"font-weight: 400;\">Producci\u00f3 simple i doble<\/span><\/li>\n<\/ul>\n","protected":false},"featured_media":2830,"template":"","meta":{"_acf_changed":false},"product_brand":[],"product_cat":[38],"product_tag":[],"class_list":{"0":"post-2962","1":"product","2":"type-product","3":"status-publish","4":"has-post-thumbnail","6":"product_cat-sin-categoria","8":"first","9":"instock","10":"shipping-taxable","11":"product-type-simple"},"acf":[],"yoast_head":"<!-- This site is optimized with the Yoast SEO plugin v27.4 - https:\/\/yoast.com\/product\/yoast-seo-wordpress\/ -->\n<title>M\u00c0QUINA APILADORA AUTOM\u00c0TICA STACKER 520-ST - Tectuprint<\/title>\n<meta name=\"robots\" content=\"index, follow, max-snippet:-1, max-image-preview:large, max-video-preview:-1\" \/>\n<link rel=\"canonical\" href=\"http:\/\/www.tectuprint.es\/ca\/productos\/maquina-apiladora-automatica-stacker-520-st\/\" \/>\n<meta property=\"og:locale\" content=\"ca_ES\" \/>\n<meta property=\"og:type\" content=\"article\" \/>\n<meta property=\"og:title\" content=\"M\u00c0QUINA APILADORA AUTOM\u00c0TICA STACKER 520-ST - Tectuprint\" \/>\n<meta property=\"og:description\" content=\"ESPECIFICACIONS   Amplada m\u00e0xima del paper: 520 mm (20&quot;)  Amplada m\u00ednima del paper: 200 mm (8&quot;)  Pes del paper (gramatge): 60\u2013220 g\/m\u00b2  Mides del full de paper (formats): de 152 mm (6&quot;) a 406 mm (16&quot;)  Capacitat m\u00e0xima de l\u2019apilador: 1.000 fulls de 70 g\/m\u00b2  Velocitat m\u00e0xima en sortida simple (un full) a l\u2019amplada  Producci\u00f3 simple i doble\" \/>\n<meta property=\"og:url\" content=\"http:\/\/www.tectuprint.es\/ca\/productos\/maquina-apiladora-automatica-stacker-520-st\/\" \/>\n<meta property=\"og:site_name\" content=\"Tectuprint\" \/>\n<meta property=\"article:modified_time\" content=\"2025-11-20T08:04:00+00:00\" \/>\n<meta property=\"og:image\" content=\"http:\/\/www.tectuprint.es\/wp-content\/uploads\/2023\/05\/MAQUINA-APILADORA-AUTOMATICA-STACKER-520-ST-1.jpg\" \/>\n\t<meta property=\"og:image:width\" content=\"600\" \/>\n\t<meta property=\"og:image:height\" content=\"450\" \/>\n\t<meta property=\"og:image:type\" content=\"image\/jpeg\" \/>\n<meta name=\"twitter:card\" content=\"summary_large_image\" \/>\n<meta name=\"twitter:label1\" content=\"Temps estimat de lectura\" \/>\n\t<meta name=\"twitter:data1\" content=\"2 minuts\" \/>\n<script type=\"application\/ld+json\" class=\"yoast-schema-graph\">{\"@context\":\"https:\\\/\\\/schema.org\",\"@graph\":[{\"@type\":\"WebPage\",\"@id\":\"http:\\\/\\\/www.tectuprint.es\\\/ca\\\/productos\\\/maquina-apiladora-automatica-stacker-520-st\\\/\",\"url\":\"http:\\\/\\\/www.tectuprint.es\\\/ca\\\/productos\\\/maquina-apiladora-automatica-stacker-520-st\\\/\",\"name\":\"M\u00c0QUINA APILADORA AUTOM\u00c0TICA STACKER 520-ST - Tectuprint\",\"isPartOf\":{\"@id\":\"http:\\\/\\\/www.tectuprint.es\\\/ca\\\/#website\"},\"primaryImageOfPage\":{\"@id\":\"http:\\\/\\\/www.tectuprint.es\\\/ca\\\/productos\\\/maquina-apiladora-automatica-stacker-520-st\\\/#primaryimage\"},\"image\":{\"@id\":\"http:\\\/\\\/www.tectuprint.es\\\/ca\\\/productos\\\/maquina-apiladora-automatica-stacker-520-st\\\/#primaryimage\"},\"thumbnailUrl\":\"http:\\\/\\\/www.tectuprint.es\\\/wp-content\\\/uploads\\\/2023\\\/05\\\/MAQUINA-APILADORA-AUTOMATICA-STACKER-520-ST-1.jpg\",\"datePublished\":\"2023-05-08T09:54:06+00:00\",\"dateModified\":\"2025-11-20T08:04:00+00:00\",\"breadcrumb\":{\"@id\":\"http:\\\/\\\/www.tectuprint.es\\\/ca\\\/productos\\\/maquina-apiladora-automatica-stacker-520-st\\\/#breadcrumb\"},\"inLanguage\":\"ca\",\"potentialAction\":[{\"@type\":\"ReadAction\",\"target\":[\"http:\\\/\\\/www.tectuprint.es\\\/ca\\\/productos\\\/maquina-apiladora-automatica-stacker-520-st\\\/\"]}]},{\"@type\":\"ImageObject\",\"inLanguage\":\"ca\",\"@id\":\"http:\\\/\\\/www.tectuprint.es\\\/ca\\\/productos\\\/maquina-apiladora-automatica-stacker-520-st\\\/#primaryimage\",\"url\":\"http:\\\/\\\/www.tectuprint.es\\\/wp-content\\\/uploads\\\/2023\\\/05\\\/MAQUINA-APILADORA-AUTOMATICA-STACKER-520-ST-1.jpg\",\"contentUrl\":\"http:\\\/\\\/www.tectuprint.es\\\/wp-content\\\/uploads\\\/2023\\\/05\\\/MAQUINA-APILADORA-AUTOMATICA-STACKER-520-ST-1.jpg\",\"width\":600,\"height\":450,\"caption\":\"M\u00c1QUINA APILADORA AUTOM\u00c1TICA STACKER 520 ST-1\"},{\"@type\":\"BreadcrumbList\",\"@id\":\"http:\\\/\\\/www.tectuprint.es\\\/ca\\\/productos\\\/maquina-apiladora-automatica-stacker-520-st\\\/#breadcrumb\",\"itemListElement\":[{\"@type\":\"ListItem\",\"position\":1,\"name\":\"Portada\",\"item\":\"https:\\\/\\\/www.tectuprint.es\\\/ca\\\/\"},{\"@type\":\"ListItem\",\"position\":2,\"name\":\"Botiga\",\"item\":\"http:\\\/\\\/www.tectuprint.es\\\/ca\\\/botiga\\\/\"},{\"@type\":\"ListItem\",\"position\":3,\"name\":\"M\u00c0QUINA APILADORA AUTOM\u00c0TICA STACKER 520-ST\"}]},{\"@type\":\"WebSite\",\"@id\":\"http:\\\/\\\/www.tectuprint.es\\\/ca\\\/#website\",\"url\":\"http:\\\/\\\/www.tectuprint.es\\\/ca\\\/\",\"name\":\"Tectuprint - Soluciones para el sector gr\u00e1fico\",\"description\":\"Soluciones para el Sector Gr\u00e1fico\",\"publisher\":{\"@id\":\"http:\\\/\\\/www.tectuprint.es\\\/ca\\\/#organization\"},\"alternateName\":\"Tectuprint\",\"potentialAction\":[{\"@type\":\"SearchAction\",\"target\":{\"@type\":\"EntryPoint\",\"urlTemplate\":\"http:\\\/\\\/www.tectuprint.es\\\/ca\\\/?s={search_term_string}\"},\"query-input\":{\"@type\":\"PropertyValueSpecification\",\"valueRequired\":true,\"valueName\":\"search_term_string\"}}],\"inLanguage\":\"ca\"},{\"@type\":\"Organization\",\"@id\":\"http:\\\/\\\/www.tectuprint.es\\\/ca\\\/#organization\",\"name\":\"Tectuprint - Soluciones para el sector gr\u00e1fico\",\"alternateName\":\"Tectuprint\",\"url\":\"http:\\\/\\\/www.tectuprint.es\\\/ca\\\/\",\"logo\":{\"@type\":\"ImageObject\",\"inLanguage\":\"ca\",\"@id\":\"http:\\\/\\\/www.tectuprint.es\\\/ca\\\/#\\\/schema\\\/logo\\\/image\\\/\",\"url\":\"http:\\\/\\\/www.tectuprint.es\\\/wp-content\\\/uploads\\\/2023\\\/05\\\/tectuprint-logo.jpg\",\"contentUrl\":\"http:\\\/\\\/www.tectuprint.es\\\/wp-content\\\/uploads\\\/2023\\\/05\\\/tectuprint-logo.jpg\",\"width\":300,\"height\":65,\"caption\":\"Tectuprint - Soluciones para el sector gr\u00e1fico\"},\"image\":{\"@id\":\"http:\\\/\\\/www.tectuprint.es\\\/ca\\\/#\\\/schema\\\/logo\\\/image\\\/\"}}]}<\/script>\n<!-- \/ Yoast SEO plugin. -->","yoast_head_json":{"title":"M\u00c0QUINA APILADORA AUTOM\u00c0TICA STACKER 520-ST - Tectuprint","robots":{"index":"index","follow":"follow","max-snippet":"max-snippet:-1","max-image-preview":"max-image-preview:large","max-video-preview":"max-video-preview:-1"},"canonical":"http:\/\/www.tectuprint.es\/ca\/productos\/maquina-apiladora-automatica-stacker-520-st\/","og_locale":"ca_ES","og_type":"article","og_title":"M\u00c0QUINA APILADORA AUTOM\u00c0TICA STACKER 520-ST - Tectuprint","og_description":"ESPECIFICACIONS   Amplada m\u00e0xima del paper: 520 mm (20\")  Amplada m\u00ednima del paper: 200 mm (8\")  Pes del paper (gramatge): 60\u2013220 g\/m\u00b2  Mides del full de paper (formats): de 152 mm (6\") a 406 mm (16\")  Capacitat m\u00e0xima de l\u2019apilador: 1.000 fulls de 70 g\/m\u00b2  Velocitat m\u00e0xima en sortida simple (un full) a l\u2019amplada  Producci\u00f3 simple i doble","og_url":"http:\/\/www.tectuprint.es\/ca\/productos\/maquina-apiladora-automatica-stacker-520-st\/","og_site_name":"Tectuprint","article_modified_time":"2025-11-20T08:04:00+00:00","og_image":[{"width":600,"height":450,"url":"http:\/\/www.tectuprint.es\/wp-content\/uploads\/2023\/05\/MAQUINA-APILADORA-AUTOMATICA-STACKER-520-ST-1.jpg","type":"image\/jpeg"}],"twitter_card":"summary_large_image","twitter_misc":{"Temps estimat de lectura":"2 minuts"},"schema":{"@context":"https:\/\/schema.org","@graph":[{"@type":"WebPage","@id":"http:\/\/www.tectuprint.es\/ca\/productos\/maquina-apiladora-automatica-stacker-520-st\/","url":"http:\/\/www.tectuprint.es\/ca\/productos\/maquina-apiladora-automatica-stacker-520-st\/","name":"M\u00c0QUINA APILADORA AUTOM\u00c0TICA STACKER 520-ST - Tectuprint","isPartOf":{"@id":"http:\/\/www.tectuprint.es\/ca\/#website"},"primaryImageOfPage":{"@id":"http:\/\/www.tectuprint.es\/ca\/productos\/maquina-apiladora-automatica-stacker-520-st\/#primaryimage"},"image":{"@id":"http:\/\/www.tectuprint.es\/ca\/productos\/maquina-apiladora-automatica-stacker-520-st\/#primaryimage"},"thumbnailUrl":"http:\/\/www.tectuprint.es\/wp-content\/uploads\/2023\/05\/MAQUINA-APILADORA-AUTOMATICA-STACKER-520-ST-1.jpg","datePublished":"2023-05-08T09:54:06+00:00","dateModified":"2025-11-20T08:04:00+00:00","breadcrumb":{"@id":"http:\/\/www.tectuprint.es\/ca\/productos\/maquina-apiladora-automatica-stacker-520-st\/#breadcrumb"},"inLanguage":"ca","potentialAction":[{"@type":"ReadAction","target":["http:\/\/www.tectuprint.es\/ca\/productos\/maquina-apiladora-automatica-stacker-520-st\/"]}]},{"@type":"ImageObject","inLanguage":"ca","@id":"http:\/\/www.tectuprint.es\/ca\/productos\/maquina-apiladora-automatica-stacker-520-st\/#primaryimage","url":"http:\/\/www.tectuprint.es\/wp-content\/uploads\/2023\/05\/MAQUINA-APILADORA-AUTOMATICA-STACKER-520-ST-1.jpg","contentUrl":"http:\/\/www.tectuprint.es\/wp-content\/uploads\/2023\/05\/MAQUINA-APILADORA-AUTOMATICA-STACKER-520-ST-1.jpg","width":600,"height":450,"caption":"M\u00c1QUINA APILADORA AUTOM\u00c1TICA STACKER 520 ST-1"},{"@type":"BreadcrumbList","@id":"http:\/\/www.tectuprint.es\/ca\/productos\/maquina-apiladora-automatica-stacker-520-st\/#breadcrumb","itemListElement":[{"@type":"ListItem","position":1,"name":"Portada","item":"https:\/\/www.tectuprint.es\/ca\/"},{"@type":"ListItem","position":2,"name":"Botiga","item":"http:\/\/www.tectuprint.es\/ca\/botiga\/"},{"@type":"ListItem","position":3,"name":"M\u00c0QUINA APILADORA AUTOM\u00c0TICA STACKER 520-ST"}]},{"@type":"WebSite","@id":"http:\/\/www.tectuprint.es\/ca\/#website","url":"http:\/\/www.tectuprint.es\/ca\/","name":"Tectuprint - Soluciones para el sector gr\u00e1fico","description":"Soluciones para el Sector Gr\u00e1fico","publisher":{"@id":"http:\/\/www.tectuprint.es\/ca\/#organization"},"alternateName":"Tectuprint","potentialAction":[{"@type":"SearchAction","target":{"@type":"EntryPoint","urlTemplate":"http:\/\/www.tectuprint.es\/ca\/?s={search_term_string}"},"query-input":{"@type":"PropertyValueSpecification","valueRequired":true,"valueName":"search_term_string"}}],"inLanguage":"ca"},{"@type":"Organization","@id":"http:\/\/www.tectuprint.es\/ca\/#organization","name":"Tectuprint - Soluciones para el sector gr\u00e1fico","alternateName":"Tectuprint","url":"http:\/\/www.tectuprint.es\/ca\/","logo":{"@type":"ImageObject","inLanguage":"ca","@id":"http:\/\/www.tectuprint.es\/ca\/#\/schema\/logo\/image\/","url":"http:\/\/www.tectuprint.es\/wp-content\/uploads\/2023\/05\/tectuprint-logo.jpg","contentUrl":"http:\/\/www.tectuprint.es\/wp-content\/uploads\/2023\/05\/tectuprint-logo.jpg","width":300,"height":65,"caption":"Tectuprint - Soluciones para el sector gr\u00e1fico"},"image":{"@id":"http:\/\/www.tectuprint.es\/ca\/#\/schema\/logo\/image\/"}}]}},"_links":{"self":[{"href":"http:\/\/www.tectuprint.es\/ca\/wp-json\/wp\/v2\/product\/2962","targetHints":{"allow":["GET"]}}],"collection":[{"href":"http:\/\/www.tectuprint.es\/ca\/wp-json\/wp\/v2\/product"}],"about":[{"href":"http:\/\/www.tectuprint.es\/ca\/wp-json\/wp\/v2\/types\/product"}],"wp:featuredmedia":[{"embeddable":true,"href":"http:\/\/www.tectuprint.es\/ca\/wp-json\/wp\/v2\/media\/2830"}],"wp:attachment":[{"href":"http:\/\/www.tectuprint.es\/ca\/wp-json\/wp\/v2\/media?parent=2962"}],"wp:term":[{"taxonomy":"product_brand","embeddable":true,"href":"http:\/\/www.tectuprint.es\/ca\/wp-json\/wp\/v2\/product_brand?post=2962"},{"taxonomy":"product_cat","embeddable":true,"href":"http:\/\/www.tectuprint.es\/ca\/wp-json\/wp\/v2\/product_cat?post=2962"},{"taxonomy":"product_tag","embeddable":true,"href":"http:\/\/www.tectuprint.es\/ca\/wp-json\/wp\/v2\/product_tag?post=2962"}],"curies":[{"name":"wp","href":"https:\/\/api.w.org\/{rel}","templated":true}]}}