{"id":2956,"date":"2023-05-08T12:00:14","date_gmt":"2023-05-08T10:00:14","guid":{"rendered":"https:\/\/tectuprint.es\/?post_type=product&#038;p=2956"},"modified":"2025-11-20T08:55:46","modified_gmt":"2025-11-20T07:55:46","slug":"modulo-de-perforacion-longitudinal-continuo-punch-520-pu","status":"publish","type":"product","link":"http:\/\/www.tectuprint.es\/ca\/productos\/modulo-de-perforacion-longitudinal-continuo-punch-520-pu\/","title":{"rendered":"M\u00d2DUL DE PERFORACI\u00d3  LONGITUDINAL CONT\u00cdNUA  PUNCH 520-PU"},"content":{"rendered":"<p><strong><u>Unitat de perforaci\u00f3 d\u2019orificis d\u2019arrossegament<\/u><\/strong><\/p>\n<div id='gallery-1' class='gallery galleryid-2956 gallery-columns-4 gallery-size-large'><figure class='gallery-item'>\n\t\t\t<div class='gallery-icon portrait'>\n\t\t\t\t<img fetchpriority=\"high\" decoding=\"async\" width=\"640\" height=\"678\" src=\"http:\/\/www.tectuprint.es\/wp-content\/uploads\/2023\/05\/taladro_de-agujeros_2.png\" class=\"attachment-large size-large\" alt=\"taladro de agujeros -2\" srcset=\"http:\/\/www.tectuprint.es\/wp-content\/uploads\/2023\/05\/taladro_de-agujeros_2.png 735w, http:\/\/www.tectuprint.es\/wp-content\/uploads\/2023\/05\/taladro_de-agujeros_2-283x300.png 283w, http:\/\/www.tectuprint.es\/wp-content\/uploads\/2023\/05\/taladro_de-agujeros_2-600x636.png 600w\" sizes=\"(max-width: 640px) 100vw, 640px\" \/>\n\t\t\t<\/div><\/figure><figure class='gallery-item'>\n\t\t\t<div class='gallery-icon portrait'>\n\t\t\t\t<img decoding=\"async\" width=\"625\" height=\"710\" src=\"http:\/\/www.tectuprint.es\/wp-content\/uploads\/2023\/05\/taladro_de_agujeros.png\" class=\"attachment-large size-large\" alt=\"taladro de agujeros\" srcset=\"http:\/\/www.tectuprint.es\/wp-content\/uploads\/2023\/05\/taladro_de_agujeros.png 625w, http:\/\/www.tectuprint.es\/wp-content\/uploads\/2023\/05\/taladro_de_agujeros-264x300.png 264w, http:\/\/www.tectuprint.es\/wp-content\/uploads\/2023\/05\/taladro_de_agujeros-600x682.png 600w\" sizes=\"(max-width: 625px) 100vw, 625px\" \/>\n\t\t\t<\/div><\/figure>\n\t\t<\/div>\n\n<p><strong>Cos independent motoritzat<\/strong><\/p>\n<p><span style=\"font-weight: 400;\">Velocitat regulable al cos impressor mitjan\u00e7ant encoder o ballarina<\/span><\/p>\n<p><span style=\"font-weight: 400;\">Amplada m\u00e0xima del paper\u2026\u2026\u2026\u2026\u2026\u2026\u2026\u2026. <\/span><b>500 mm<\/b><\/p>\n<p><span style=\"font-weight: 400;\">Dist\u00e0ncia entre forats: <\/span><b>\u00bd\u201d (anelles de 24)<\/b><\/p>\n<p><span style=\"font-weight: 400;\">Punxons i matrius de producci\u00f3 simple<\/span><\/p>\n<p><span style=\"font-weight: 400;\">Tracci\u00f3 d\u2019entrada i sortida de m\u00e0quina<\/span><\/p>\n<p><span style=\"font-weight: 400;\">Dip\u00f2sit per a la recollida del confeti<\/span><\/p>\n<p><span style=\"font-weight: 400;\">Velocitat m\u00e0xima: <\/span><b>150 m\/min<\/b><\/p>\n<p><b>Opcions:<\/b><\/p>\n<p><span style=\"font-weight: 400;\">Aspirador de confeti amb bossa<\/span><\/p>\n<p><span style=\"font-weight: 400;\">Carrets de perforaci\u00f3 lateral<\/span><\/p>\n<p>&nbsp;<\/p>\n","protected":false},"excerpt":{"rendered":"<p><b>Punching Module 520-PU1<\/b><span style=\"font-weight: 400;\"> \u00e9s la soluci\u00f3 per a <\/span><b>Data Centers<\/b><span style=\"font-weight: 400;\"> que requereixen <\/span><b>sistemes de tracci\u00f3<\/b><span style=\"font-weight: 400;\">. \u00c9s una <\/span><b>l\u00ednia de punxonat<\/b><span style=\"font-weight: 400;\"> que permet realitzar la <\/span><b>perforaci\u00f3 lateral en el paper de banda cont\u00ednua<\/b><span style=\"font-weight: 400;\">, de manera que l\u2019impr\u00e8s pugui ser posteriorment arrossegat per un <\/span><b>m\u00f2dul de tractors<\/b><span style=\"font-weight: 400;\"> o introdu\u00eft en una <\/span><b>l\u00ednia d\u2019ensobrat<\/b><span style=\"font-weight: 400;\"> o en <\/span><b>l\u00ednies digitals<\/b><span style=\"font-weight: 400;\">. La possibilitat de comprar <\/span><b>paper sense perforacions<\/b><span style=\"font-weight: 400;\">, m\u00e9s econ\u00f2mic i, posteriorment, en el moment de la producci\u00f3, realitzar la perforaci\u00f3, permetr\u00e0 adquirir <\/span><b>paper est\u00e0ndard<\/b><span style=\"font-weight: 400;\">, sent aquest m\u00e9s econ\u00f2mic.<\/span><\/p>\n<p><span style=\"font-weight: 400;\">En aquest <\/span><b>m\u00f2dul<\/b><span style=\"font-weight: 400;\"> tamb\u00e9 es poden afegir <\/span><b>perforacions cont\u00ednues<\/b><span style=\"font-weight: 400;\">, tant <\/span><b>longitudinals<\/b><span style=\"font-weight: 400;\"> com <\/span><b>transversals<\/b><span style=\"font-weight: 400;\">, o <\/span><b>cassets de punxonat en format d\u2019arxiu<\/b><span style=\"font-weight: 400;\">. El grup pot anar acompanyat d\u2019un <\/span><b>aspirador de confeti<\/b><span style=\"font-weight: 400;\">, que reduir\u00e0 les parades de la m\u00e0quina en buidar el material sobrant de l\u2019equip, mantenint-lo net i reduint el <\/span><b>nivell de pols<\/b><span style=\"font-weight: 400;\">.<\/span><\/p>\n","protected":false},"featured_media":2831,"template":"","meta":{"_acf_changed":false},"product_brand":[],"product_cat":[38],"product_tag":[],"class_list":{"0":"post-2956","1":"product","2":"type-product","3":"status-publish","4":"has-post-thumbnail","6":"product_cat-sin-categoria","8":"first","9":"instock","10":"shipping-taxable","11":"product-type-simple"},"acf":[],"yoast_head":"<!-- This site is optimized with the Yoast SEO plugin v27.4 - https:\/\/yoast.com\/product\/yoast-seo-wordpress\/ -->\n<title>M\u00d2DUL DE PERFORACI\u00d3 LONGITUDINAL CONT\u00cdNUA PUNCH 520-PU - Tectuprint<\/title>\n<meta name=\"robots\" content=\"index, follow, max-snippet:-1, max-image-preview:large, max-video-preview:-1\" \/>\n<link rel=\"canonical\" href=\"http:\/\/www.tectuprint.es\/ca\/productos\/modulo-de-perforacion-longitudinal-continuo-punch-520-pu\/\" \/>\n<meta property=\"og:locale\" content=\"ca_ES\" \/>\n<meta property=\"og:type\" content=\"article\" \/>\n<meta property=\"og:title\" content=\"M\u00d2DUL DE PERFORACI\u00d3 LONGITUDINAL CONT\u00cdNUA PUNCH 520-PU - Tectuprint\" \/>\n<meta property=\"og:description\" content=\"Punching Module 520-PU1 \u00e9s la soluci\u00f3 per a Data Centers que requereixen sistemes de tracci\u00f3. \u00c9s una l\u00ednia de punxonat que permet realitzar la perforaci\u00f3 lateral en el paper de banda cont\u00ednua, de manera que l\u2019impr\u00e8s pugui ser posteriorment arrossegat per un m\u00f2dul de tractors o introdu\u00eft en una l\u00ednia d\u2019ensobrat o en l\u00ednies digitals. La possibilitat de comprar paper sense perforacions, m\u00e9s econ\u00f2mic i, posteriorment, en el moment de la producci\u00f3, realitzar la perforaci\u00f3, permetr\u00e0 adquirir paper est\u00e0ndard, sent aquest m\u00e9s econ\u00f2mic.  En aquest m\u00f2dul tamb\u00e9 es poden afegir perforacions cont\u00ednues, tant longitudinals com transversals, o cassets de punxonat en format d\u2019arxiu. El grup pot anar acompanyat d\u2019un aspirador de confeti, que reduir\u00e0 les parades de la m\u00e0quina en buidar el material sobrant de l\u2019equip, mantenint-lo net i reduint el nivell de pols.\" \/>\n<meta property=\"og:url\" content=\"http:\/\/www.tectuprint.es\/ca\/productos\/modulo-de-perforacion-longitudinal-continuo-punch-520-pu\/\" \/>\n<meta property=\"og:site_name\" content=\"Tectuprint\" \/>\n<meta property=\"article:modified_time\" content=\"2025-11-20T07:55:46+00:00\" \/>\n<meta property=\"og:image\" content=\"http:\/\/www.tectuprint.es\/wp-content\/uploads\/2023\/05\/MAQUINA-PERFORADORA-A-LO-LARGO-PUNCH-PERF-520-PU1-2.jpg\" \/>\n\t<meta property=\"og:image:width\" content=\"600\" \/>\n\t<meta property=\"og:image:height\" content=\"400\" \/>\n\t<meta property=\"og:image:type\" content=\"image\/jpeg\" \/>\n<meta name=\"twitter:card\" content=\"summary_large_image\" \/>\n<meta name=\"twitter:label1\" content=\"Temps estimat de lectura\" \/>\n\t<meta name=\"twitter:data1\" content=\"1 minut\" \/>\n<script type=\"application\/ld+json\" class=\"yoast-schema-graph\">{\"@context\":\"https:\\\/\\\/schema.org\",\"@graph\":[{\"@type\":\"WebPage\",\"@id\":\"http:\\\/\\\/www.tectuprint.es\\\/ca\\\/productos\\\/modulo-de-perforacion-longitudinal-continuo-punch-520-pu\\\/\",\"url\":\"http:\\\/\\\/www.tectuprint.es\\\/ca\\\/productos\\\/modulo-de-perforacion-longitudinal-continuo-punch-520-pu\\\/\",\"name\":\"M\u00d2DUL DE PERFORACI\u00d3 LONGITUDINAL CONT\u00cdNUA PUNCH 520-PU - Tectuprint\",\"isPartOf\":{\"@id\":\"http:\\\/\\\/www.tectuprint.es\\\/ca\\\/#website\"},\"primaryImageOfPage\":{\"@id\":\"http:\\\/\\\/www.tectuprint.es\\\/ca\\\/productos\\\/modulo-de-perforacion-longitudinal-continuo-punch-520-pu\\\/#primaryimage\"},\"image\":{\"@id\":\"http:\\\/\\\/www.tectuprint.es\\\/ca\\\/productos\\\/modulo-de-perforacion-longitudinal-continuo-punch-520-pu\\\/#primaryimage\"},\"thumbnailUrl\":\"http:\\\/\\\/www.tectuprint.es\\\/wp-content\\\/uploads\\\/2023\\\/05\\\/MAQUINA-PERFORADORA-A-LO-LARGO-PUNCH-PERF-520-PU1-2.jpg\",\"datePublished\":\"2023-05-08T10:00:14+00:00\",\"dateModified\":\"2025-11-20T07:55:46+00:00\",\"breadcrumb\":{\"@id\":\"http:\\\/\\\/www.tectuprint.es\\\/ca\\\/productos\\\/modulo-de-perforacion-longitudinal-continuo-punch-520-pu\\\/#breadcrumb\"},\"inLanguage\":\"ca\",\"potentialAction\":[{\"@type\":\"ReadAction\",\"target\":[\"http:\\\/\\\/www.tectuprint.es\\\/ca\\\/productos\\\/modulo-de-perforacion-longitudinal-continuo-punch-520-pu\\\/\"]}]},{\"@type\":\"ImageObject\",\"inLanguage\":\"ca\",\"@id\":\"http:\\\/\\\/www.tectuprint.es\\\/ca\\\/productos\\\/modulo-de-perforacion-longitudinal-continuo-punch-520-pu\\\/#primaryimage\",\"url\":\"http:\\\/\\\/www.tectuprint.es\\\/wp-content\\\/uploads\\\/2023\\\/05\\\/MAQUINA-PERFORADORA-A-LO-LARGO-PUNCH-PERF-520-PU1-2.jpg\",\"contentUrl\":\"http:\\\/\\\/www.tectuprint.es\\\/wp-content\\\/uploads\\\/2023\\\/05\\\/MAQUINA-PERFORADORA-A-LO-LARGO-PUNCH-PERF-520-PU1-2.jpg\",\"width\":600,\"height\":400,\"caption\":\"M\u00c1QUINA PERFORADORA A LO LARGO PUNCH PERF 520 PU1-2\"},{\"@type\":\"BreadcrumbList\",\"@id\":\"http:\\\/\\\/www.tectuprint.es\\\/ca\\\/productos\\\/modulo-de-perforacion-longitudinal-continuo-punch-520-pu\\\/#breadcrumb\",\"itemListElement\":[{\"@type\":\"ListItem\",\"position\":1,\"name\":\"Portada\",\"item\":\"https:\\\/\\\/www.tectuprint.es\\\/ca\\\/\"},{\"@type\":\"ListItem\",\"position\":2,\"name\":\"Botiga\",\"item\":\"http:\\\/\\\/www.tectuprint.es\\\/ca\\\/botiga\\\/\"},{\"@type\":\"ListItem\",\"position\":3,\"name\":\"M\u00d2DUL DE PERFORACI\u00d3 LONGITUDINAL CONT\u00cdNUA PUNCH 520-PU\"}]},{\"@type\":\"WebSite\",\"@id\":\"http:\\\/\\\/www.tectuprint.es\\\/ca\\\/#website\",\"url\":\"http:\\\/\\\/www.tectuprint.es\\\/ca\\\/\",\"name\":\"Tectuprint - Soluciones para el sector gr\u00e1fico\",\"description\":\"Soluciones para el Sector Gr\u00e1fico\",\"publisher\":{\"@id\":\"http:\\\/\\\/www.tectuprint.es\\\/ca\\\/#organization\"},\"alternateName\":\"Tectuprint\",\"potentialAction\":[{\"@type\":\"SearchAction\",\"target\":{\"@type\":\"EntryPoint\",\"urlTemplate\":\"http:\\\/\\\/www.tectuprint.es\\\/ca\\\/?s={search_term_string}\"},\"query-input\":{\"@type\":\"PropertyValueSpecification\",\"valueRequired\":true,\"valueName\":\"search_term_string\"}}],\"inLanguage\":\"ca\"},{\"@type\":\"Organization\",\"@id\":\"http:\\\/\\\/www.tectuprint.es\\\/ca\\\/#organization\",\"name\":\"Tectuprint - Soluciones para el sector gr\u00e1fico\",\"alternateName\":\"Tectuprint\",\"url\":\"http:\\\/\\\/www.tectuprint.es\\\/ca\\\/\",\"logo\":{\"@type\":\"ImageObject\",\"inLanguage\":\"ca\",\"@id\":\"http:\\\/\\\/www.tectuprint.es\\\/ca\\\/#\\\/schema\\\/logo\\\/image\\\/\",\"url\":\"http:\\\/\\\/www.tectuprint.es\\\/wp-content\\\/uploads\\\/2023\\\/05\\\/tectuprint-logo.jpg\",\"contentUrl\":\"http:\\\/\\\/www.tectuprint.es\\\/wp-content\\\/uploads\\\/2023\\\/05\\\/tectuprint-logo.jpg\",\"width\":300,\"height\":65,\"caption\":\"Tectuprint - Soluciones para el sector gr\u00e1fico\"},\"image\":{\"@id\":\"http:\\\/\\\/www.tectuprint.es\\\/ca\\\/#\\\/schema\\\/logo\\\/image\\\/\"}}]}<\/script>\n<!-- \/ Yoast SEO plugin. -->","yoast_head_json":{"title":"M\u00d2DUL DE PERFORACI\u00d3 LONGITUDINAL CONT\u00cdNUA PUNCH 520-PU - Tectuprint","robots":{"index":"index","follow":"follow","max-snippet":"max-snippet:-1","max-image-preview":"max-image-preview:large","max-video-preview":"max-video-preview:-1"},"canonical":"http:\/\/www.tectuprint.es\/ca\/productos\/modulo-de-perforacion-longitudinal-continuo-punch-520-pu\/","og_locale":"ca_ES","og_type":"article","og_title":"M\u00d2DUL DE PERFORACI\u00d3 LONGITUDINAL CONT\u00cdNUA PUNCH 520-PU - Tectuprint","og_description":"Punching Module 520-PU1 \u00e9s la soluci\u00f3 per a Data Centers que requereixen sistemes de tracci\u00f3. \u00c9s una l\u00ednia de punxonat que permet realitzar la perforaci\u00f3 lateral en el paper de banda cont\u00ednua, de manera que l\u2019impr\u00e8s pugui ser posteriorment arrossegat per un m\u00f2dul de tractors o introdu\u00eft en una l\u00ednia d\u2019ensobrat o en l\u00ednies digitals. La possibilitat de comprar paper sense perforacions, m\u00e9s econ\u00f2mic i, posteriorment, en el moment de la producci\u00f3, realitzar la perforaci\u00f3, permetr\u00e0 adquirir paper est\u00e0ndard, sent aquest m\u00e9s econ\u00f2mic.  En aquest m\u00f2dul tamb\u00e9 es poden afegir perforacions cont\u00ednues, tant longitudinals com transversals, o cassets de punxonat en format d\u2019arxiu. El grup pot anar acompanyat d\u2019un aspirador de confeti, que reduir\u00e0 les parades de la m\u00e0quina en buidar el material sobrant de l\u2019equip, mantenint-lo net i reduint el nivell de pols.","og_url":"http:\/\/www.tectuprint.es\/ca\/productos\/modulo-de-perforacion-longitudinal-continuo-punch-520-pu\/","og_site_name":"Tectuprint","article_modified_time":"2025-11-20T07:55:46+00:00","og_image":[{"width":600,"height":400,"url":"http:\/\/www.tectuprint.es\/wp-content\/uploads\/2023\/05\/MAQUINA-PERFORADORA-A-LO-LARGO-PUNCH-PERF-520-PU1-2.jpg","type":"image\/jpeg"}],"twitter_card":"summary_large_image","twitter_misc":{"Temps estimat de lectura":"1 minut"},"schema":{"@context":"https:\/\/schema.org","@graph":[{"@type":"WebPage","@id":"http:\/\/www.tectuprint.es\/ca\/productos\/modulo-de-perforacion-longitudinal-continuo-punch-520-pu\/","url":"http:\/\/www.tectuprint.es\/ca\/productos\/modulo-de-perforacion-longitudinal-continuo-punch-520-pu\/","name":"M\u00d2DUL DE PERFORACI\u00d3 LONGITUDINAL CONT\u00cdNUA PUNCH 520-PU - Tectuprint","isPartOf":{"@id":"http:\/\/www.tectuprint.es\/ca\/#website"},"primaryImageOfPage":{"@id":"http:\/\/www.tectuprint.es\/ca\/productos\/modulo-de-perforacion-longitudinal-continuo-punch-520-pu\/#primaryimage"},"image":{"@id":"http:\/\/www.tectuprint.es\/ca\/productos\/modulo-de-perforacion-longitudinal-continuo-punch-520-pu\/#primaryimage"},"thumbnailUrl":"http:\/\/www.tectuprint.es\/wp-content\/uploads\/2023\/05\/MAQUINA-PERFORADORA-A-LO-LARGO-PUNCH-PERF-520-PU1-2.jpg","datePublished":"2023-05-08T10:00:14+00:00","dateModified":"2025-11-20T07:55:46+00:00","breadcrumb":{"@id":"http:\/\/www.tectuprint.es\/ca\/productos\/modulo-de-perforacion-longitudinal-continuo-punch-520-pu\/#breadcrumb"},"inLanguage":"ca","potentialAction":[{"@type":"ReadAction","target":["http:\/\/www.tectuprint.es\/ca\/productos\/modulo-de-perforacion-longitudinal-continuo-punch-520-pu\/"]}]},{"@type":"ImageObject","inLanguage":"ca","@id":"http:\/\/www.tectuprint.es\/ca\/productos\/modulo-de-perforacion-longitudinal-continuo-punch-520-pu\/#primaryimage","url":"http:\/\/www.tectuprint.es\/wp-content\/uploads\/2023\/05\/MAQUINA-PERFORADORA-A-LO-LARGO-PUNCH-PERF-520-PU1-2.jpg","contentUrl":"http:\/\/www.tectuprint.es\/wp-content\/uploads\/2023\/05\/MAQUINA-PERFORADORA-A-LO-LARGO-PUNCH-PERF-520-PU1-2.jpg","width":600,"height":400,"caption":"M\u00c1QUINA PERFORADORA A LO LARGO PUNCH PERF 520 PU1-2"},{"@type":"BreadcrumbList","@id":"http:\/\/www.tectuprint.es\/ca\/productos\/modulo-de-perforacion-longitudinal-continuo-punch-520-pu\/#breadcrumb","itemListElement":[{"@type":"ListItem","position":1,"name":"Portada","item":"https:\/\/www.tectuprint.es\/ca\/"},{"@type":"ListItem","position":2,"name":"Botiga","item":"http:\/\/www.tectuprint.es\/ca\/botiga\/"},{"@type":"ListItem","position":3,"name":"M\u00d2DUL DE PERFORACI\u00d3 LONGITUDINAL CONT\u00cdNUA PUNCH 520-PU"}]},{"@type":"WebSite","@id":"http:\/\/www.tectuprint.es\/ca\/#website","url":"http:\/\/www.tectuprint.es\/ca\/","name":"Tectuprint - Soluciones para el sector gr\u00e1fico","description":"Soluciones para el Sector Gr\u00e1fico","publisher":{"@id":"http:\/\/www.tectuprint.es\/ca\/#organization"},"alternateName":"Tectuprint","potentialAction":[{"@type":"SearchAction","target":{"@type":"EntryPoint","urlTemplate":"http:\/\/www.tectuprint.es\/ca\/?s={search_term_string}"},"query-input":{"@type":"PropertyValueSpecification","valueRequired":true,"valueName":"search_term_string"}}],"inLanguage":"ca"},{"@type":"Organization","@id":"http:\/\/www.tectuprint.es\/ca\/#organization","name":"Tectuprint - Soluciones para el sector gr\u00e1fico","alternateName":"Tectuprint","url":"http:\/\/www.tectuprint.es\/ca\/","logo":{"@type":"ImageObject","inLanguage":"ca","@id":"http:\/\/www.tectuprint.es\/ca\/#\/schema\/logo\/image\/","url":"http:\/\/www.tectuprint.es\/wp-content\/uploads\/2023\/05\/tectuprint-logo.jpg","contentUrl":"http:\/\/www.tectuprint.es\/wp-content\/uploads\/2023\/05\/tectuprint-logo.jpg","width":300,"height":65,"caption":"Tectuprint - Soluciones para el sector gr\u00e1fico"},"image":{"@id":"http:\/\/www.tectuprint.es\/ca\/#\/schema\/logo\/image\/"}}]}},"_links":{"self":[{"href":"http:\/\/www.tectuprint.es\/ca\/wp-json\/wp\/v2\/product\/2956","targetHints":{"allow":["GET"]}}],"collection":[{"href":"http:\/\/www.tectuprint.es\/ca\/wp-json\/wp\/v2\/product"}],"about":[{"href":"http:\/\/www.tectuprint.es\/ca\/wp-json\/wp\/v2\/types\/product"}],"wp:featuredmedia":[{"embeddable":true,"href":"http:\/\/www.tectuprint.es\/ca\/wp-json\/wp\/v2\/media\/2831"}],"wp:attachment":[{"href":"http:\/\/www.tectuprint.es\/ca\/wp-json\/wp\/v2\/media?parent=2956"}],"wp:term":[{"taxonomy":"product_brand","embeddable":true,"href":"http:\/\/www.tectuprint.es\/ca\/wp-json\/wp\/v2\/product_brand?post=2956"},{"taxonomy":"product_cat","embeddable":true,"href":"http:\/\/www.tectuprint.es\/ca\/wp-json\/wp\/v2\/product_cat?post=2956"},{"taxonomy":"product_tag","embeddable":true,"href":"http:\/\/www.tectuprint.es\/ca\/wp-json\/wp\/v2\/product_tag?post=2956"}],"curies":[{"name":"wp","href":"https:\/\/api.w.org\/{rel}","templated":true}]}}