{"id":2938,"date":"2023-05-22T10:18:52","date_gmt":"2023-05-22T08:18:52","guid":{"rendered":"https:\/\/tectuprint.es\/?post_type=product&#038;p=2938"},"modified":"2025-11-19T15:58:59","modified_gmt":"2025-11-19T14:58:59","slug":"talladora-de-format-variable-per-a-impremta-rotativa-model-starcut-520","status":"publish","type":"product","link":"http:\/\/www.tectuprint.es\/ca\/productos\/talladora-de-format-variable-per-a-impremta-rotativa-model-starcut-520\/","title":{"rendered":"TALLADORA DE FORMAT VARIABLE PER A IMPREMTA ROTATIVA, MODEL STARCUT-520"},"content":{"rendered":"<h2><b>Talladora de paper per a impremta a Barcelona<\/b><\/h2>\n<p><strong>ESPECIFICACIONS:<\/strong><\/p>\n<p><span style=\"font-weight: 400;\">L\u2019engranatge electr\u00f2nic permet tallar qualsevol mida i s\u2019adapta a la marca de registre mitjan\u00e7ant la <\/span><b>pantalla t\u00e0ctil<\/b><span style=\"font-weight: 400;\">. La velocitat es pren del sistema host per un <\/span><b>codificador o bailarina<\/b><span style=\"font-weight: 400;\">. Es pot moure d\u2019una m\u00e0quina a una altra en pocs minuts.<\/span><\/p>\n<p><b>TALLADORA DE PAPER DIGITAL CUTTER \u201c520-S1\u201d<\/b><\/p>\n<p><a href=\"https:\/\/es.kompass.com\/p\/cortadora-cutter-520-s1\/1093facb-9430-40e5-82cf-39d80d34bd38\/\"><b>TALLADORA CUTTER 520-S1<\/b><\/a><\/p>\n<p><span style=\"font-weight: 400;\">El nostre producte estrella de tall <\/span><b>ERTEC<\/b><span style=\"font-weight: 400;\">, \u00e9s el tallador m\u00e9s vers\u00e0til del mercat. La <\/span><b>StarCut<\/b><span style=\"font-weight: 400;\">, gr\u00e0cies a una construcci\u00f3 molt robusta, un maneig f\u00e0cil i la possibilitat d\u2019adaptar-se a la gran majoria de m\u00e0quines rotatives del mercat, ens ha perm\u00e8s instal\u00b7lar m\u00e9s de <\/span><b>170 m\u00e0quines d\u2019aquest model<\/b><span style=\"font-weight: 400;\"> arreu del m\u00f3n.<\/span><\/p>\n<p><span style=\"font-weight: 400;\">Aquesta talladora est\u00e0 dissenyada per al negoci del <\/span><b>paper continu<\/b><span style=\"font-weight: 400;\">, les <\/span><b>etiquetes<\/b><span style=\"font-weight: 400;\">, el <\/span><b>sector farmac\u00e8utic<\/b><span style=\"font-weight: 400;\"> i el <\/span><b>cart\u00f3<\/b><span style=\"font-weight: 400;\">.<\/span><\/p>\n<p><span style=\"font-weight: 400;\">La connexi\u00f3 a trav\u00e9s de <\/span><b>bailarina o encoder<\/b><span style=\"font-weight: 400;\"> \u00e9s r\u00e0pida i precisa, aix\u00ed els canvis de posici\u00f3 en diferents l\u00ednies d\u2019impressi\u00f3 rotativa s\u00f3n q\u00fcesti\u00f3 de pocs minuts, permetent disposar d\u2019aquest equip integrat a la sortida de diferents equips segons les necessitats de fabricaci\u00f3, obtenint un major rendiment de la inversi\u00f3.<\/span><\/p>\n<p><span style=\"font-weight: 400;\">L\u2019alimentaci\u00f3 (arribada de material) a la <\/span><b>StarCut<\/b><span style=\"font-weight: 400;\"> pot ser a trav\u00e9s de <\/span><b>banda de paper en forma cont\u00ednua amb tensi\u00f3<\/b><span style=\"font-weight: 400;\">, a trav\u00e9s de <\/span><b>tractors<\/b><span style=\"font-weight: 400;\">, o fins i tot sense tensi\u00f3, amb una <\/span><b>bailarina<\/b><span style=\"font-weight: 400;\">, permetent col\u00b7locar la talladora a la sortida de qualsevol m\u00e0quina col\u00b7lectora, rotativa o l\u00ednia d\u2019acabat, tant <\/span><b>offset com digital<\/b><span style=\"font-weight: 400;\">.<\/span><\/p>\n<h2><b>La talladora de paper per a impremta a Barcelona que necessites<\/b><\/h2>\n<p><span style=\"font-weight: 400;\">Fes-te ja amb una eina essencial que garanteix <\/span><b>talls precisos i d\u2019alta qualitat<\/b><span style=\"font-weight: 400;\"> en diferents tipus de paper. Amb la seva efici\u00e8ncia i precisi\u00f3, aquesta m\u00e0quina es converteix en un aliat indispensable per a les impremtes a Barcelona, permetent oferir <\/span><b>resultats professionals<\/b><span style=\"font-weight: 400;\"> i destacar en el competitiu m\u00f3n de la producci\u00f3 gr\u00e0fica.<\/span><\/p>\n","protected":false},"excerpt":{"rendered":"<ul style=\"padding-bottom: 20px;\">\n<li>Amplada m\u00e0xima del paper: 520mm (20\u201d)<\/li>\n<li>Amplada m\u00ednima del paper: 203mm (8\u201d)<\/li>\n<li>Grosor m\u00ednim del paper 60 gr.m2.<\/li>\n<li>Grosor m\u00e0xim del paper 180gr.m2<\/li>\n<li>Format de tall variable entre 152mm (6\u201d) y 406mm (16\u201d)<\/li>\n<li>Doble tall<span style=\"font-weight: 400;\"> per poder fer format DIN-A4 des d\u2019impressi\u00f3 a 12<\/span>\u201d<\/li>\n<li>M\u00e0xim de fulls en pila (Stack):<span style=\"font-weight: 400;\"> 1000 fulls de 70 g\/m\u00b2<\/span><\/li>\n<li>Sortida<b>:<\/b><span style=\"font-weight: 400;\"> simple o doble producci\u00f3<\/span><\/li>\n<li>Ganivetes de tall (refine) laterals<span style=\"font-weight: 400;\"> (als dos costats)<\/span><\/li>\n<li>Velocitat m\u00e0xima<b>:<\/b><span style=\"font-weight: 400;\"> 180 m\/min (<\/span>dep\u00e8n del gramatge del paper<span style=\"font-weight: 400;\">)<\/span><\/li>\n<li>Velocitat m\u00e0xima amb cilindre de doble tall i extracci\u00f3 del sobrants per buit:<span style=\"font-weight: 400;\"> 160 m\/min<\/span><\/li>\n<li>Velocitat m\u00e0xima si s\u2019utilitza el sistema de tracci\u00f3 per tractors<\/li>\n<li>Pes de la m\u00e0quina 1.200 Kg.<\/li>\n<li>Especificacions el\u00e8ctriques: 400\/480V 3L+PE<\/li>\n<\/ul>\n","protected":false},"featured_media":2833,"template":"","meta":{"_acf_changed":false},"product_brand":[],"product_cat":[38],"product_tag":[],"class_list":{"0":"post-2938","1":"product","2":"type-product","3":"status-publish","4":"has-post-thumbnail","6":"product_cat-sin-categoria","8":"first","9":"outofstock","10":"shipping-taxable","11":"product-type-simple"},"acf":[],"yoast_head":"<!-- This site is optimized with the Yoast SEO plugin v27.4 - https:\/\/yoast.com\/product\/yoast-seo-wordpress\/ -->\n<title>TALLADORA DE FORMAT VARIABLE PER A IMPREMTA ROTATIVA, MODEL STARCUT-520 - Tectuprint<\/title>\n<meta name=\"robots\" content=\"index, follow, max-snippet:-1, max-image-preview:large, max-video-preview:-1\" \/>\n<link rel=\"canonical\" href=\"http:\/\/www.tectuprint.es\/ca\/productos\/talladora-de-format-variable-per-a-impremta-rotativa-model-starcut-520\/\" \/>\n<meta property=\"og:locale\" content=\"ca_ES\" \/>\n<meta property=\"og:type\" content=\"article\" \/>\n<meta property=\"og:title\" content=\"TALLADORA DE FORMAT VARIABLE PER A IMPREMTA ROTATIVA, MODEL STARCUT-520 - Tectuprint\" \/>\n<meta property=\"og:description\" content=\"Amplada m\u00e0xima del paper: 520mm (20\u201d)  Amplada m\u00ednima del paper: 203mm (8\u201d)  Grosor m\u00ednim del paper 60 gr.m2.  Grosor m\u00e0xim del paper 180gr.m2  Format de tall variable entre 152mm (6\u201d) y 406mm (16\u201d)  Doble tall per poder fer format DIN-A4 des d\u2019impressi\u00f3 a 12\u201d  M\u00e0xim de fulls en pila (Stack): 1000 fulls de 70 g\/m\u00b2  Sortida: simple o doble producci\u00f3  Ganivetes de tall (refine) laterals (als dos costats)  Velocitat m\u00e0xima: 180 m\/min (dep\u00e8n del gramatge del paper)  Velocitat m\u00e0xima amb cilindre de doble tall i extracci\u00f3 del sobrants per buit: 160 m\/min  Velocitat m\u00e0xima si s\u2019utilitza el sistema de tracci\u00f3 per tractors  Pes de la m\u00e0quina 1.200 Kg.  Especificacions el\u00e8ctriques: 400\/480V 3L+PE\" \/>\n<meta property=\"og:url\" content=\"http:\/\/www.tectuprint.es\/ca\/productos\/talladora-de-format-variable-per-a-impremta-rotativa-model-starcut-520\/\" \/>\n<meta property=\"og:site_name\" content=\"Tectuprint\" \/>\n<meta property=\"article:modified_time\" content=\"2025-11-19T14:58:59+00:00\" \/>\n<meta property=\"og:image\" content=\"http:\/\/www.tectuprint.es\/wp-content\/uploads\/2023\/05\/1.-MAQUINA-CORTADORA-DE-PAPEL-PARA-IMPRENTA-STARCUT-520.jpg\" \/>\n\t<meta property=\"og:image:width\" content=\"600\" \/>\n\t<meta property=\"og:image:height\" content=\"450\" \/>\n\t<meta property=\"og:image:type\" content=\"image\/jpeg\" \/>\n<meta name=\"twitter:card\" content=\"summary_large_image\" \/>\n<meta name=\"twitter:label1\" content=\"Temps estimat de lectura\" \/>\n\t<meta name=\"twitter:data1\" content=\"2 minuts\" \/>\n<script type=\"application\/ld+json\" class=\"yoast-schema-graph\">{\"@context\":\"https:\\\/\\\/schema.org\",\"@graph\":[{\"@type\":\"WebPage\",\"@id\":\"http:\\\/\\\/www.tectuprint.es\\\/ca\\\/productos\\\/talladora-de-format-variable-per-a-impremta-rotativa-model-starcut-520\\\/\",\"url\":\"http:\\\/\\\/www.tectuprint.es\\\/ca\\\/productos\\\/talladora-de-format-variable-per-a-impremta-rotativa-model-starcut-520\\\/\",\"name\":\"TALLADORA DE FORMAT VARIABLE PER A IMPREMTA ROTATIVA, MODEL STARCUT-520 - Tectuprint\",\"isPartOf\":{\"@id\":\"http:\\\/\\\/www.tectuprint.es\\\/ca\\\/#website\"},\"primaryImageOfPage\":{\"@id\":\"http:\\\/\\\/www.tectuprint.es\\\/ca\\\/productos\\\/talladora-de-format-variable-per-a-impremta-rotativa-model-starcut-520\\\/#primaryimage\"},\"image\":{\"@id\":\"http:\\\/\\\/www.tectuprint.es\\\/ca\\\/productos\\\/talladora-de-format-variable-per-a-impremta-rotativa-model-starcut-520\\\/#primaryimage\"},\"thumbnailUrl\":\"http:\\\/\\\/www.tectuprint.es\\\/wp-content\\\/uploads\\\/2023\\\/05\\\/1.-MAQUINA-CORTADORA-DE-PAPEL-PARA-IMPRENTA-STARCUT-520.jpg\",\"datePublished\":\"2023-05-22T08:18:52+00:00\",\"dateModified\":\"2025-11-19T14:58:59+00:00\",\"breadcrumb\":{\"@id\":\"http:\\\/\\\/www.tectuprint.es\\\/ca\\\/productos\\\/talladora-de-format-variable-per-a-impremta-rotativa-model-starcut-520\\\/#breadcrumb\"},\"inLanguage\":\"ca\",\"potentialAction\":[{\"@type\":\"ReadAction\",\"target\":[\"http:\\\/\\\/www.tectuprint.es\\\/ca\\\/productos\\\/talladora-de-format-variable-per-a-impremta-rotativa-model-starcut-520\\\/\"]}]},{\"@type\":\"ImageObject\",\"inLanguage\":\"ca\",\"@id\":\"http:\\\/\\\/www.tectuprint.es\\\/ca\\\/productos\\\/talladora-de-format-variable-per-a-impremta-rotativa-model-starcut-520\\\/#primaryimage\",\"url\":\"http:\\\/\\\/www.tectuprint.es\\\/wp-content\\\/uploads\\\/2023\\\/05\\\/1.-MAQUINA-CORTADORA-DE-PAPEL-PARA-IMPRENTA-STARCUT-520.jpg\",\"contentUrl\":\"http:\\\/\\\/www.tectuprint.es\\\/wp-content\\\/uploads\\\/2023\\\/05\\\/1.-MAQUINA-CORTADORA-DE-PAPEL-PARA-IMPRENTA-STARCUT-520.jpg\",\"width\":600,\"height\":450,\"caption\":\"1. M\u00c1QUINA CORTADORA DE PAPEL PARA IMPRENTA STARCUT 520\"},{\"@type\":\"BreadcrumbList\",\"@id\":\"http:\\\/\\\/www.tectuprint.es\\\/ca\\\/productos\\\/talladora-de-format-variable-per-a-impremta-rotativa-model-starcut-520\\\/#breadcrumb\",\"itemListElement\":[{\"@type\":\"ListItem\",\"position\":1,\"name\":\"Portada\",\"item\":\"https:\\\/\\\/www.tectuprint.es\\\/ca\\\/\"},{\"@type\":\"ListItem\",\"position\":2,\"name\":\"Botiga\",\"item\":\"http:\\\/\\\/www.tectuprint.es\\\/ca\\\/botiga\\\/\"},{\"@type\":\"ListItem\",\"position\":3,\"name\":\"TALLADORA DE FORMAT VARIABLE PER A IMPREMTA ROTATIVA, MODEL STARCUT-520\"}]},{\"@type\":\"WebSite\",\"@id\":\"http:\\\/\\\/www.tectuprint.es\\\/ca\\\/#website\",\"url\":\"http:\\\/\\\/www.tectuprint.es\\\/ca\\\/\",\"name\":\"Tectuprint - Soluciones para el sector gr\u00e1fico\",\"description\":\"Soluciones para el Sector Gr\u00e1fico\",\"publisher\":{\"@id\":\"http:\\\/\\\/www.tectuprint.es\\\/ca\\\/#organization\"},\"alternateName\":\"Tectuprint\",\"potentialAction\":[{\"@type\":\"SearchAction\",\"target\":{\"@type\":\"EntryPoint\",\"urlTemplate\":\"http:\\\/\\\/www.tectuprint.es\\\/ca\\\/?s={search_term_string}\"},\"query-input\":{\"@type\":\"PropertyValueSpecification\",\"valueRequired\":true,\"valueName\":\"search_term_string\"}}],\"inLanguage\":\"ca\"},{\"@type\":\"Organization\",\"@id\":\"http:\\\/\\\/www.tectuprint.es\\\/ca\\\/#organization\",\"name\":\"Tectuprint - Soluciones para el sector gr\u00e1fico\",\"alternateName\":\"Tectuprint\",\"url\":\"http:\\\/\\\/www.tectuprint.es\\\/ca\\\/\",\"logo\":{\"@type\":\"ImageObject\",\"inLanguage\":\"ca\",\"@id\":\"http:\\\/\\\/www.tectuprint.es\\\/ca\\\/#\\\/schema\\\/logo\\\/image\\\/\",\"url\":\"http:\\\/\\\/www.tectuprint.es\\\/wp-content\\\/uploads\\\/2023\\\/05\\\/tectuprint-logo.jpg\",\"contentUrl\":\"http:\\\/\\\/www.tectuprint.es\\\/wp-content\\\/uploads\\\/2023\\\/05\\\/tectuprint-logo.jpg\",\"width\":300,\"height\":65,\"caption\":\"Tectuprint - Soluciones para el sector gr\u00e1fico\"},\"image\":{\"@id\":\"http:\\\/\\\/www.tectuprint.es\\\/ca\\\/#\\\/schema\\\/logo\\\/image\\\/\"}}]}<\/script>\n<!-- \/ Yoast SEO plugin. -->","yoast_head_json":{"title":"TALLADORA DE FORMAT VARIABLE PER A IMPREMTA ROTATIVA, MODEL STARCUT-520 - Tectuprint","robots":{"index":"index","follow":"follow","max-snippet":"max-snippet:-1","max-image-preview":"max-image-preview:large","max-video-preview":"max-video-preview:-1"},"canonical":"http:\/\/www.tectuprint.es\/ca\/productos\/talladora-de-format-variable-per-a-impremta-rotativa-model-starcut-520\/","og_locale":"ca_ES","og_type":"article","og_title":"TALLADORA DE FORMAT VARIABLE PER A IMPREMTA ROTATIVA, MODEL STARCUT-520 - Tectuprint","og_description":"Amplada m\u00e0xima del paper: 520mm (20\u201d)  Amplada m\u00ednima del paper: 203mm (8\u201d)  Grosor m\u00ednim del paper 60 gr.m2.  Grosor m\u00e0xim del paper 180gr.m2  Format de tall variable entre 152mm (6\u201d) y 406mm (16\u201d)  Doble tall per poder fer format DIN-A4 des d\u2019impressi\u00f3 a 12\u201d  M\u00e0xim de fulls en pila (Stack): 1000 fulls de 70 g\/m\u00b2  Sortida: simple o doble producci\u00f3  Ganivetes de tall (refine) laterals (als dos costats)  Velocitat m\u00e0xima: 180 m\/min (dep\u00e8n del gramatge del paper)  Velocitat m\u00e0xima amb cilindre de doble tall i extracci\u00f3 del sobrants per buit: 160 m\/min  Velocitat m\u00e0xima si s\u2019utilitza el sistema de tracci\u00f3 per tractors  Pes de la m\u00e0quina 1.200 Kg.  Especificacions el\u00e8ctriques: 400\/480V 3L+PE","og_url":"http:\/\/www.tectuprint.es\/ca\/productos\/talladora-de-format-variable-per-a-impremta-rotativa-model-starcut-520\/","og_site_name":"Tectuprint","article_modified_time":"2025-11-19T14:58:59+00:00","og_image":[{"width":600,"height":450,"url":"http:\/\/www.tectuprint.es\/wp-content\/uploads\/2023\/05\/1.-MAQUINA-CORTADORA-DE-PAPEL-PARA-IMPRENTA-STARCUT-520.jpg","type":"image\/jpeg"}],"twitter_card":"summary_large_image","twitter_misc":{"Temps estimat de lectura":"2 minuts"},"schema":{"@context":"https:\/\/schema.org","@graph":[{"@type":"WebPage","@id":"http:\/\/www.tectuprint.es\/ca\/productos\/talladora-de-format-variable-per-a-impremta-rotativa-model-starcut-520\/","url":"http:\/\/www.tectuprint.es\/ca\/productos\/talladora-de-format-variable-per-a-impremta-rotativa-model-starcut-520\/","name":"TALLADORA DE FORMAT VARIABLE PER A IMPREMTA ROTATIVA, MODEL STARCUT-520 - Tectuprint","isPartOf":{"@id":"http:\/\/www.tectuprint.es\/ca\/#website"},"primaryImageOfPage":{"@id":"http:\/\/www.tectuprint.es\/ca\/productos\/talladora-de-format-variable-per-a-impremta-rotativa-model-starcut-520\/#primaryimage"},"image":{"@id":"http:\/\/www.tectuprint.es\/ca\/productos\/talladora-de-format-variable-per-a-impremta-rotativa-model-starcut-520\/#primaryimage"},"thumbnailUrl":"http:\/\/www.tectuprint.es\/wp-content\/uploads\/2023\/05\/1.-MAQUINA-CORTADORA-DE-PAPEL-PARA-IMPRENTA-STARCUT-520.jpg","datePublished":"2023-05-22T08:18:52+00:00","dateModified":"2025-11-19T14:58:59+00:00","breadcrumb":{"@id":"http:\/\/www.tectuprint.es\/ca\/productos\/talladora-de-format-variable-per-a-impremta-rotativa-model-starcut-520\/#breadcrumb"},"inLanguage":"ca","potentialAction":[{"@type":"ReadAction","target":["http:\/\/www.tectuprint.es\/ca\/productos\/talladora-de-format-variable-per-a-impremta-rotativa-model-starcut-520\/"]}]},{"@type":"ImageObject","inLanguage":"ca","@id":"http:\/\/www.tectuprint.es\/ca\/productos\/talladora-de-format-variable-per-a-impremta-rotativa-model-starcut-520\/#primaryimage","url":"http:\/\/www.tectuprint.es\/wp-content\/uploads\/2023\/05\/1.-MAQUINA-CORTADORA-DE-PAPEL-PARA-IMPRENTA-STARCUT-520.jpg","contentUrl":"http:\/\/www.tectuprint.es\/wp-content\/uploads\/2023\/05\/1.-MAQUINA-CORTADORA-DE-PAPEL-PARA-IMPRENTA-STARCUT-520.jpg","width":600,"height":450,"caption":"1. M\u00c1QUINA CORTADORA DE PAPEL PARA IMPRENTA STARCUT 520"},{"@type":"BreadcrumbList","@id":"http:\/\/www.tectuprint.es\/ca\/productos\/talladora-de-format-variable-per-a-impremta-rotativa-model-starcut-520\/#breadcrumb","itemListElement":[{"@type":"ListItem","position":1,"name":"Portada","item":"https:\/\/www.tectuprint.es\/ca\/"},{"@type":"ListItem","position":2,"name":"Botiga","item":"http:\/\/www.tectuprint.es\/ca\/botiga\/"},{"@type":"ListItem","position":3,"name":"TALLADORA DE FORMAT VARIABLE PER A IMPREMTA ROTATIVA, MODEL STARCUT-520"}]},{"@type":"WebSite","@id":"http:\/\/www.tectuprint.es\/ca\/#website","url":"http:\/\/www.tectuprint.es\/ca\/","name":"Tectuprint - Soluciones para el sector gr\u00e1fico","description":"Soluciones para el Sector Gr\u00e1fico","publisher":{"@id":"http:\/\/www.tectuprint.es\/ca\/#organization"},"alternateName":"Tectuprint","potentialAction":[{"@type":"SearchAction","target":{"@type":"EntryPoint","urlTemplate":"http:\/\/www.tectuprint.es\/ca\/?s={search_term_string}"},"query-input":{"@type":"PropertyValueSpecification","valueRequired":true,"valueName":"search_term_string"}}],"inLanguage":"ca"},{"@type":"Organization","@id":"http:\/\/www.tectuprint.es\/ca\/#organization","name":"Tectuprint - Soluciones para el sector gr\u00e1fico","alternateName":"Tectuprint","url":"http:\/\/www.tectuprint.es\/ca\/","logo":{"@type":"ImageObject","inLanguage":"ca","@id":"http:\/\/www.tectuprint.es\/ca\/#\/schema\/logo\/image\/","url":"http:\/\/www.tectuprint.es\/wp-content\/uploads\/2023\/05\/tectuprint-logo.jpg","contentUrl":"http:\/\/www.tectuprint.es\/wp-content\/uploads\/2023\/05\/tectuprint-logo.jpg","width":300,"height":65,"caption":"Tectuprint - Soluciones para el sector gr\u00e1fico"},"image":{"@id":"http:\/\/www.tectuprint.es\/ca\/#\/schema\/logo\/image\/"}}]}},"_links":{"self":[{"href":"http:\/\/www.tectuprint.es\/ca\/wp-json\/wp\/v2\/product\/2938","targetHints":{"allow":["GET"]}}],"collection":[{"href":"http:\/\/www.tectuprint.es\/ca\/wp-json\/wp\/v2\/product"}],"about":[{"href":"http:\/\/www.tectuprint.es\/ca\/wp-json\/wp\/v2\/types\/product"}],"wp:featuredmedia":[{"embeddable":true,"href":"http:\/\/www.tectuprint.es\/ca\/wp-json\/wp\/v2\/media\/2833"}],"wp:attachment":[{"href":"http:\/\/www.tectuprint.es\/ca\/wp-json\/wp\/v2\/media?parent=2938"}],"wp:term":[{"taxonomy":"product_brand","embeddable":true,"href":"http:\/\/www.tectuprint.es\/ca\/wp-json\/wp\/v2\/product_brand?post=2938"},{"taxonomy":"product_cat","embeddable":true,"href":"http:\/\/www.tectuprint.es\/ca\/wp-json\/wp\/v2\/product_cat?post=2938"},{"taxonomy":"product_tag","embeddable":true,"href":"http:\/\/www.tectuprint.es\/ca\/wp-json\/wp\/v2\/product_tag?post=2938"}],"curies":[{"name":"wp","href":"https:\/\/api.w.org\/{rel}","templated":true}]}}