{"id":2932,"date":"2025-10-29T14:15:21","date_gmt":"2025-10-29T13:15:21","guid":{"rendered":"https:\/\/tectuprint.es\/?post_type=product&#038;p=2932"},"modified":"2025-11-25T09:15:57","modified_gmt":"2025-11-25T08:15:57","slug":"sdf-sped-master","status":"publish","type":"product","link":"http:\/\/www.tectuprint.es\/ca\/productos\/sdf-sped-master\/","title":{"rendered":"SDF sped master"},"content":{"rendered":"<p><strong><u>ESPECIFICACIONS T\u00c8CNIQUES<\/u><\/strong><\/p>\n<p>Toler\u00e0ncia de registre de troquelat \u2013 Subministrament d\u2019aire<\/p>\n<table>\n<tbody>\n<tr>\n<td width=\"304\">MODEL<\/td>\n<td width=\"135\">SDF 370<\/td>\n<td width=\"167\">SDF 430<\/td>\n<td>SDF 530<\/td>\n<\/tr>\n<tr>\n<td width=\"304\">Amplada m\u00e0xima de banda<\/td>\n<td width=\"135\">380 mm<\/td>\n<td width=\"167\">440 mm<\/td>\n<td>540 mm<\/td>\n<\/tr>\n<tr>\n<td width=\"304\">Di\u00e0metre m\u00e0xim de desenrotllament<\/td>\n<td width=\"135\">800 mm<\/td>\n<td width=\"167\">800 mm<\/td>\n<td>800 mm<\/td>\n<\/tr>\n<tr>\n<td width=\"304\">Di\u00e0metre m\u00e0xim de rebobinat<\/td>\n<td width=\"135\">600 mm<\/td>\n<td width=\"167\">600 mm<\/td>\n<td>600 mm<\/td>\n<\/tr>\n<tr>\n<td width=\"304\">Amplada m\u00e0xima de troquelat<\/td>\n<td width=\"135\">370 mm<\/td>\n<td width=\"167\">430 mm<\/td>\n<td>520 mm<\/td>\n<\/tr>\n<tr>\n<td width=\"304\">Velocitat mec\u00e0nica m\u00e0xima en rotatiu complet<\/td>\n<td width=\"135\">150 m\/min<\/td>\n<td width=\"167\">150 m\/min<\/td>\n<td>150 m\/min<\/td>\n<\/tr>\n<tr>\n<td width=\"304\">Velocitat mec\u00e0nica m\u00e0xima en semirotatiu<\/td>\n<td width=\"135\">95-110 m \/ min<\/td>\n<td width=\"167\">95-110 m \/ min<\/td>\n<td>95-110 m \/ min<\/td>\n<\/tr>\n<tr>\n<td width=\"304\">Longitud de repetici\u00f3 semirotativa<\/td>\n<td colspan=\"3\">30%-80% del per\u00edmetre del cilindre magn\u00e8tic<\/td>\n<\/tr>\n<tr>\n<td width=\"135\">Toler\u00e0ncia de registre de troquelat<\/td>\n<td width=\"167\">\u00b10,15 mm<\/td>\n<td>\u00b10,15 mm<\/td>\n<td><\/td>\n<\/tr>\n<tr>\n<td width=\"304\">Pressi\u00f3 nominal<\/td>\n<td width=\"135\">8bar<\/td>\n<td width=\"167\">8bar<\/td>\n<td>8bar<\/td>\n<\/tr>\n<tr>\n<td width=\"135\">3PH+N+PE<\/td>\n<td width=\"167\">3PH+N+PE<\/td>\n<td>3PH+N+PE<\/td>\n<td><\/td>\n<\/tr>\n<tr>\n<td width=\"304\">Pes de la m\u00e0quina<\/td>\n<td width=\"135\">3T<\/td>\n<td width=\"167\">3.5T<\/td>\n<td>4T<\/td>\n<\/tr>\n<\/tbody>\n<\/table>\n<p>&nbsp;<\/p>\n<p><strong><u>UNITATS DE FUNCIONAMENT<\/u><\/strong><\/p>\n<p><em>Caracter\u00edstiques est\u00e0ndard:<\/em><\/p>\n<p>Unitat flexogr\u00e0fica rotativa completa per a impressi\u00f3, envernissat puntual, superbarn\u00eds, estampaci\u00f3 en fred, laminaci\u00f3.<\/p>\n<p>Unitat de troquelat rotatiu\/ semirotatiu complet, eliminaci\u00f3 de matriu, tall i doble rebobinat. Adequada per a cilindre magn\u00e8tic o cilindre s\u00f2lid.<\/p>\n<p>&nbsp;<\/p>\n<p><strong><u>CARACTER\u00cdSTIQUES I AVANTATGES<\/u><\/strong><\/p>\n<p>Unitat flexogr\u00e0fica servoaccionada i totalment autom\u00e0tica, per a impressi\u00f3 flexogr\u00e0fica, estampaci\u00f3 en fred, laminaci\u00f3, envernissat i superbarn\u00eds. Assecador UV \/ LED UV amb corr\u00f3 refrigerat per mantenir una tensi\u00f3 estable i una temperatura constant a totes les velocitats.<\/p>\n<p>La unitat de troquelat servoaccionada disposa de sistema de registre autom\u00e0tic i es pot intercanviar entre mode rotatiu complet i semirotatiu. Adequada per a treballs de tirades curtes o mitjanes, especialment per a etiquetes impreses digitalment.<\/p>\n<p>L&#8217;assecador d\u2019aire calent (I\/R) \u00e9s una opci\u00f3 per a imprimaci\u00f3, revestiment i laminaci\u00f3 a base d\u2019aigua.<\/p>\n<p><strong><u>APLICACIONS<\/u><\/strong><\/p>\n<p>Tot l\u2019acabat d\u2019impressi\u00f3 digital electr\u00f2nica, cosm\u00e8tics, envasos, productes farmac\u00e8utics, joguines, log\u00edstica, peces de vestir, seguretat.<\/p>\n<p><strong><u>SUBSTRATS<\/u><\/strong><\/p>\n<p>El gruix est\u00e0ndard del material \u00e9s de 35 ~ 280 \u03bcm de pel\u00b7l\u00edcula \/ paper \/ material adhesiu \/ cartr\u00f3 lleuger. \u00c9s necessari provar altres materials especials.<\/p>\n","protected":false},"excerpt":{"rendered":"<p>Aquesta nova generaci\u00f3 de soluci\u00f3 ins\u00edgnia pot augmentar la seva velocitat de producci\u00f3 fins a 95-110 m\/min en mode semirotatiu i 150 m\/min en mode rotatiu complet. El seu disseny modular i basat en plataformes permet una producci\u00f3 econ\u00f2mica en tirades petites. Tamb\u00e9 \u00e9s compatible amb el c\u00e0lcul autom\u00e0tic de distorsi\u00f3, diagn\u00f2stic remot per Internet, plataforma intercanviable entre l\u2019estaci\u00f3 flexogr\u00e0fica i l\u2019estaci\u00f3 de troquelat, dos sentits de flux de treball (d\u2019esquerra a dreta i de dreta a esquerra) i una plataforma que s\u2019adapta a una amplada de banda de 370\/430\/530.<\/p>\n","protected":false},"featured_media":2931,"template":"","meta":{"_acf_changed":false},"product_brand":[],"product_cat":[38],"product_tag":[],"class_list":{"0":"post-2932","1":"product","2":"type-product","3":"status-publish","4":"has-post-thumbnail","6":"product_cat-sin-categoria","8":"first","9":"instock","10":"shipping-taxable","11":"product-type-simple"},"acf":[],"yoast_head":"<!-- This site is optimized with the Yoast SEO plugin v27.4 - https:\/\/yoast.com\/product\/yoast-seo-wordpress\/ -->\n<title>SDF sped master - Tectuprint<\/title>\n<meta name=\"robots\" content=\"index, follow, max-snippet:-1, max-image-preview:large, max-video-preview:-1\" \/>\n<link rel=\"canonical\" href=\"http:\/\/www.tectuprint.es\/ca\/productos\/sdf-sped-master\/\" \/>\n<meta property=\"og:locale\" content=\"ca_ES\" \/>\n<meta property=\"og:type\" content=\"article\" \/>\n<meta property=\"og:title\" content=\"SDF sped master - Tectuprint\" \/>\n<meta property=\"og:description\" content=\"Aquesta nova generaci\u00f3 de soluci\u00f3 ins\u00edgnia pot augmentar la seva velocitat de producci\u00f3 fins a 95-110 m\/min en mode semirotatiu i 150 m\/min en mode rotatiu complet. El seu disseny modular i basat en plataformes permet una producci\u00f3 econ\u00f2mica en tirades petites. Tamb\u00e9 \u00e9s compatible amb el c\u00e0lcul autom\u00e0tic de distorsi\u00f3, diagn\u00f2stic remot per Internet, plataforma intercanviable entre l\u2019estaci\u00f3 flexogr\u00e0fica i l\u2019estaci\u00f3 de troquelat, dos sentits de flux de treball (d\u2019esquerra a dreta i de dreta a esquerra) i una plataforma que s\u2019adapta a una amplada de banda de 370\/430\/530.\" \/>\n<meta property=\"og:url\" content=\"http:\/\/www.tectuprint.es\/ca\/productos\/sdf-sped-master\/\" \/>\n<meta property=\"og:site_name\" content=\"Tectuprint\" \/>\n<meta property=\"article:modified_time\" content=\"2025-11-25T08:15:57+00:00\" \/>\n<meta property=\"og:image\" content=\"http:\/\/www.tectuprint.es\/wp-content\/uploads\/2025\/10\/2.jpg\" \/>\n\t<meta property=\"og:image:width\" content=\"1300\" \/>\n\t<meta property=\"og:image:height\" content=\"975\" \/>\n\t<meta property=\"og:image:type\" content=\"image\/jpeg\" \/>\n<meta name=\"twitter:card\" content=\"summary_large_image\" \/>\n<meta name=\"twitter:label1\" content=\"Temps estimat de lectura\" \/>\n\t<meta name=\"twitter:data1\" content=\"2 minuts\" \/>\n<script type=\"application\/ld+json\" class=\"yoast-schema-graph\">{\"@context\":\"https:\\\/\\\/schema.org\",\"@graph\":[{\"@type\":\"WebPage\",\"@id\":\"http:\\\/\\\/www.tectuprint.es\\\/ca\\\/productos\\\/sdf-sped-master\\\/\",\"url\":\"http:\\\/\\\/www.tectuprint.es\\\/ca\\\/productos\\\/sdf-sped-master\\\/\",\"name\":\"SDF sped master - Tectuprint\",\"isPartOf\":{\"@id\":\"http:\\\/\\\/www.tectuprint.es\\\/ca\\\/#website\"},\"primaryImageOfPage\":{\"@id\":\"http:\\\/\\\/www.tectuprint.es\\\/ca\\\/productos\\\/sdf-sped-master\\\/#primaryimage\"},\"image\":{\"@id\":\"http:\\\/\\\/www.tectuprint.es\\\/ca\\\/productos\\\/sdf-sped-master\\\/#primaryimage\"},\"thumbnailUrl\":\"http:\\\/\\\/www.tectuprint.es\\\/wp-content\\\/uploads\\\/2025\\\/10\\\/2.jpg\",\"datePublished\":\"2025-10-29T13:15:21+00:00\",\"dateModified\":\"2025-11-25T08:15:57+00:00\",\"breadcrumb\":{\"@id\":\"http:\\\/\\\/www.tectuprint.es\\\/ca\\\/productos\\\/sdf-sped-master\\\/#breadcrumb\"},\"inLanguage\":\"ca\",\"potentialAction\":[{\"@type\":\"ReadAction\",\"target\":[\"http:\\\/\\\/www.tectuprint.es\\\/ca\\\/productos\\\/sdf-sped-master\\\/\"]}]},{\"@type\":\"ImageObject\",\"inLanguage\":\"ca\",\"@id\":\"http:\\\/\\\/www.tectuprint.es\\\/ca\\\/productos\\\/sdf-sped-master\\\/#primaryimage\",\"url\":\"http:\\\/\\\/www.tectuprint.es\\\/wp-content\\\/uploads\\\/2025\\\/10\\\/2.jpg\",\"contentUrl\":\"http:\\\/\\\/www.tectuprint.es\\\/wp-content\\\/uploads\\\/2025\\\/10\\\/2.jpg\",\"width\":1300,\"height\":975},{\"@type\":\"BreadcrumbList\",\"@id\":\"http:\\\/\\\/www.tectuprint.es\\\/ca\\\/productos\\\/sdf-sped-master\\\/#breadcrumb\",\"itemListElement\":[{\"@type\":\"ListItem\",\"position\":1,\"name\":\"Portada\",\"item\":\"https:\\\/\\\/www.tectuprint.es\\\/ca\\\/\"},{\"@type\":\"ListItem\",\"position\":2,\"name\":\"Botiga\",\"item\":\"http:\\\/\\\/www.tectuprint.es\\\/ca\\\/botiga\\\/\"},{\"@type\":\"ListItem\",\"position\":3,\"name\":\"SDF sped master\"}]},{\"@type\":\"WebSite\",\"@id\":\"http:\\\/\\\/www.tectuprint.es\\\/ca\\\/#website\",\"url\":\"http:\\\/\\\/www.tectuprint.es\\\/ca\\\/\",\"name\":\"Tectuprint - Soluciones para el sector gr\u00e1fico\",\"description\":\"Soluciones para el Sector Gr\u00e1fico\",\"publisher\":{\"@id\":\"http:\\\/\\\/www.tectuprint.es\\\/ca\\\/#organization\"},\"alternateName\":\"Tectuprint\",\"potentialAction\":[{\"@type\":\"SearchAction\",\"target\":{\"@type\":\"EntryPoint\",\"urlTemplate\":\"http:\\\/\\\/www.tectuprint.es\\\/ca\\\/?s={search_term_string}\"},\"query-input\":{\"@type\":\"PropertyValueSpecification\",\"valueRequired\":true,\"valueName\":\"search_term_string\"}}],\"inLanguage\":\"ca\"},{\"@type\":\"Organization\",\"@id\":\"http:\\\/\\\/www.tectuprint.es\\\/ca\\\/#organization\",\"name\":\"Tectuprint - Soluciones para el sector gr\u00e1fico\",\"alternateName\":\"Tectuprint\",\"url\":\"http:\\\/\\\/www.tectuprint.es\\\/ca\\\/\",\"logo\":{\"@type\":\"ImageObject\",\"inLanguage\":\"ca\",\"@id\":\"http:\\\/\\\/www.tectuprint.es\\\/ca\\\/#\\\/schema\\\/logo\\\/image\\\/\",\"url\":\"http:\\\/\\\/www.tectuprint.es\\\/wp-content\\\/uploads\\\/2023\\\/05\\\/tectuprint-logo.jpg\",\"contentUrl\":\"http:\\\/\\\/www.tectuprint.es\\\/wp-content\\\/uploads\\\/2023\\\/05\\\/tectuprint-logo.jpg\",\"width\":300,\"height\":65,\"caption\":\"Tectuprint - Soluciones para el sector gr\u00e1fico\"},\"image\":{\"@id\":\"http:\\\/\\\/www.tectuprint.es\\\/ca\\\/#\\\/schema\\\/logo\\\/image\\\/\"}}]}<\/script>\n<!-- \/ Yoast SEO plugin. -->","yoast_head_json":{"title":"SDF sped master - Tectuprint","robots":{"index":"index","follow":"follow","max-snippet":"max-snippet:-1","max-image-preview":"max-image-preview:large","max-video-preview":"max-video-preview:-1"},"canonical":"http:\/\/www.tectuprint.es\/ca\/productos\/sdf-sped-master\/","og_locale":"ca_ES","og_type":"article","og_title":"SDF sped master - Tectuprint","og_description":"Aquesta nova generaci\u00f3 de soluci\u00f3 ins\u00edgnia pot augmentar la seva velocitat de producci\u00f3 fins a 95-110 m\/min en mode semirotatiu i 150 m\/min en mode rotatiu complet. El seu disseny modular i basat en plataformes permet una producci\u00f3 econ\u00f2mica en tirades petites. Tamb\u00e9 \u00e9s compatible amb el c\u00e0lcul autom\u00e0tic de distorsi\u00f3, diagn\u00f2stic remot per Internet, plataforma intercanviable entre l\u2019estaci\u00f3 flexogr\u00e0fica i l\u2019estaci\u00f3 de troquelat, dos sentits de flux de treball (d\u2019esquerra a dreta i de dreta a esquerra) i una plataforma que s\u2019adapta a una amplada de banda de 370\/430\/530.","og_url":"http:\/\/www.tectuprint.es\/ca\/productos\/sdf-sped-master\/","og_site_name":"Tectuprint","article_modified_time":"2025-11-25T08:15:57+00:00","og_image":[{"width":1300,"height":975,"url":"http:\/\/www.tectuprint.es\/wp-content\/uploads\/2025\/10\/2.jpg","type":"image\/jpeg"}],"twitter_card":"summary_large_image","twitter_misc":{"Temps estimat de lectura":"2 minuts"},"schema":{"@context":"https:\/\/schema.org","@graph":[{"@type":"WebPage","@id":"http:\/\/www.tectuprint.es\/ca\/productos\/sdf-sped-master\/","url":"http:\/\/www.tectuprint.es\/ca\/productos\/sdf-sped-master\/","name":"SDF sped master - Tectuprint","isPartOf":{"@id":"http:\/\/www.tectuprint.es\/ca\/#website"},"primaryImageOfPage":{"@id":"http:\/\/www.tectuprint.es\/ca\/productos\/sdf-sped-master\/#primaryimage"},"image":{"@id":"http:\/\/www.tectuprint.es\/ca\/productos\/sdf-sped-master\/#primaryimage"},"thumbnailUrl":"http:\/\/www.tectuprint.es\/wp-content\/uploads\/2025\/10\/2.jpg","datePublished":"2025-10-29T13:15:21+00:00","dateModified":"2025-11-25T08:15:57+00:00","breadcrumb":{"@id":"http:\/\/www.tectuprint.es\/ca\/productos\/sdf-sped-master\/#breadcrumb"},"inLanguage":"ca","potentialAction":[{"@type":"ReadAction","target":["http:\/\/www.tectuprint.es\/ca\/productos\/sdf-sped-master\/"]}]},{"@type":"ImageObject","inLanguage":"ca","@id":"http:\/\/www.tectuprint.es\/ca\/productos\/sdf-sped-master\/#primaryimage","url":"http:\/\/www.tectuprint.es\/wp-content\/uploads\/2025\/10\/2.jpg","contentUrl":"http:\/\/www.tectuprint.es\/wp-content\/uploads\/2025\/10\/2.jpg","width":1300,"height":975},{"@type":"BreadcrumbList","@id":"http:\/\/www.tectuprint.es\/ca\/productos\/sdf-sped-master\/#breadcrumb","itemListElement":[{"@type":"ListItem","position":1,"name":"Portada","item":"https:\/\/www.tectuprint.es\/ca\/"},{"@type":"ListItem","position":2,"name":"Botiga","item":"http:\/\/www.tectuprint.es\/ca\/botiga\/"},{"@type":"ListItem","position":3,"name":"SDF sped master"}]},{"@type":"WebSite","@id":"http:\/\/www.tectuprint.es\/ca\/#website","url":"http:\/\/www.tectuprint.es\/ca\/","name":"Tectuprint - Soluciones para el sector gr\u00e1fico","description":"Soluciones para el Sector Gr\u00e1fico","publisher":{"@id":"http:\/\/www.tectuprint.es\/ca\/#organization"},"alternateName":"Tectuprint","potentialAction":[{"@type":"SearchAction","target":{"@type":"EntryPoint","urlTemplate":"http:\/\/www.tectuprint.es\/ca\/?s={search_term_string}"},"query-input":{"@type":"PropertyValueSpecification","valueRequired":true,"valueName":"search_term_string"}}],"inLanguage":"ca"},{"@type":"Organization","@id":"http:\/\/www.tectuprint.es\/ca\/#organization","name":"Tectuprint - Soluciones para el sector gr\u00e1fico","alternateName":"Tectuprint","url":"http:\/\/www.tectuprint.es\/ca\/","logo":{"@type":"ImageObject","inLanguage":"ca","@id":"http:\/\/www.tectuprint.es\/ca\/#\/schema\/logo\/image\/","url":"http:\/\/www.tectuprint.es\/wp-content\/uploads\/2023\/05\/tectuprint-logo.jpg","contentUrl":"http:\/\/www.tectuprint.es\/wp-content\/uploads\/2023\/05\/tectuprint-logo.jpg","width":300,"height":65,"caption":"Tectuprint - Soluciones para el sector gr\u00e1fico"},"image":{"@id":"http:\/\/www.tectuprint.es\/ca\/#\/schema\/logo\/image\/"}}]}},"_links":{"self":[{"href":"http:\/\/www.tectuprint.es\/ca\/wp-json\/wp\/v2\/product\/2932","targetHints":{"allow":["GET"]}}],"collection":[{"href":"http:\/\/www.tectuprint.es\/ca\/wp-json\/wp\/v2\/product"}],"about":[{"href":"http:\/\/www.tectuprint.es\/ca\/wp-json\/wp\/v2\/types\/product"}],"wp:featuredmedia":[{"embeddable":true,"href":"http:\/\/www.tectuprint.es\/ca\/wp-json\/wp\/v2\/media\/2931"}],"wp:attachment":[{"href":"http:\/\/www.tectuprint.es\/ca\/wp-json\/wp\/v2\/media?parent=2932"}],"wp:term":[{"taxonomy":"product_brand","embeddable":true,"href":"http:\/\/www.tectuprint.es\/ca\/wp-json\/wp\/v2\/product_brand?post=2932"},{"taxonomy":"product_cat","embeddable":true,"href":"http:\/\/www.tectuprint.es\/ca\/wp-json\/wp\/v2\/product_cat?post=2932"},{"taxonomy":"product_tag","embeddable":true,"href":"http:\/\/www.tectuprint.es\/ca\/wp-json\/wp\/v2\/product_tag?post=2932"}],"curies":[{"name":"wp","href":"https:\/\/api.w.org\/{rel}","templated":true}]}}