{"id":2834,"date":"2020-11-08T05:34:45","date_gmt":"2020-11-08T04:34:45","guid":{"rendered":"https:\/\/tectuprint.es\/?page_id=2834"},"modified":"2025-11-19T14:51:52","modified_gmt":"2025-11-19T13:51:52","slug":"productes","status":"publish","type":"page","link":"http:\/\/www.tectuprint.es\/ca\/productes\/","title":{"rendered":"Productes"},"content":{"rendered":"\t\t<div data-elementor-type=\"wp-page\" data-elementor-id=\"2834\" class=\"elementor elementor-2834 elementor-35\">\n\t\t\t\t\t\t<section class=\"elementor-section elementor-top-section elementor-element elementor-element-367fa50 elementor-section-boxed elementor-section-height-default elementor-section-height-default\" data-id=\"367fa50\" data-element_type=\"section\" data-e-type=\"section\">\n\t\t\t\t\t\t<div class=\"elementor-container elementor-column-gap-default\">\n\t\t\t\t\t<div class=\"elementor-column elementor-col-100 elementor-top-column elementor-element elementor-element-bc7df0d\" data-id=\"bc7df0d\" data-element_type=\"column\" data-e-type=\"column\">\n\t\t\t<div class=\"elementor-widget-wrap elementor-element-populated\">\n\t\t\t\t\t\t<div class=\"elementor-element elementor-element-9f1458b elementor-widget elementor-widget-woo-products-widgets-products\" data-id=\"9f1458b\" data-element_type=\"widget\" data-e-type=\"widget\" data-widget_type=\"woo-products-widgets-products.default\">\n\t\t\t\t<div class=\"elementor-widget-container\">\n\t\t\t\t\t<div class=\"elementor-woo-products-widgets-products woo-products-widgets\">\n<div class=\"woo-products-products woo-products-products--preset-1 col-row  woo-products-equal-cols\"><div class=\"woo-products-products__item col-desk-3\">\n\t<div class=\"woo-products-products__inner-box\">\n<div class=\"woo-products-product-thumbnail\">\n\t<a href=\"http:\/\/www.tectuprint.es\/ca\/productos\/sdf-sped-master\/\" rel=\"bookmark\"><img fetchpriority=\"high\" decoding=\"async\" width=\"600\" height=\"600\" src=\"http:\/\/www.tectuprint.es\/wp-content\/uploads\/2025\/10\/2-600x600.jpg\" class=\"attachment-woocommerce_thumbnail size-woocommerce_thumbnail\" alt=\"\" \/><\/a>\n\t<div class=\"woo-products-product-img-overlay\"><\/div><\/div>\n<div class=\"woo-products-product-title\"><a href=\"http:\/\/www.tectuprint.es\/ca\/productos\/sdf-sped-master\/\" rel=\"bookmark\">SDF sped master<\/a><\/div>\n<\/div>\n<\/div><div class=\"woo-products-products__item col-desk-3\">\n\t<div class=\"woo-products-products__inner-box\">\n<div class=\"woo-products-product-thumbnail\">\n\t<a href=\"http:\/\/www.tectuprint.es\/ca\/productos\/sistema-de-troquelado-digital-sdd\/\" rel=\"bookmark\"><img decoding=\"async\" width=\"600\" height=\"600\" src=\"http:\/\/www.tectuprint.es\/wp-content\/uploads\/2025\/10\/3-600x600.jpg\" class=\"attachment-woocommerce_thumbnail size-woocommerce_thumbnail\" alt=\"\" \/><\/a>\n\t<div class=\"woo-products-product-img-overlay\"><\/div><\/div>\n<div class=\"woo-products-product-title\"><a href=\"http:\/\/www.tectuprint.es\/ca\/productos\/sistema-de-troquelado-digital-sdd\/\" rel=\"bookmark\">Sistema de troquelat digital SDD<\/a><\/div>\n<\/div>\n<\/div><div class=\"woo-products-products__item col-desk-3\">\n\t<div class=\"woo-products-products__inner-box\">\n<div class=\"woo-products-product-thumbnail\">\n\t<a href=\"http:\/\/www.tectuprint.es\/ca\/productos\/sistema-de-acabado-de-etiquetas-digitales-cdf\/\" rel=\"bookmark\"><img decoding=\"async\" width=\"600\" height=\"600\" src=\"http:\/\/www.tectuprint.es\/wp-content\/uploads\/2025\/10\/1-600x600.jpg\" class=\"attachment-woocommerce_thumbnail size-woocommerce_thumbnail\" alt=\"Sistema de acabado de etiquetas digitales CDF\" \/><\/a>\n\t<div class=\"woo-products-product-img-overlay\"><\/div><\/div>\n<div class=\"woo-products-product-title\"><a href=\"http:\/\/www.tectuprint.es\/ca\/productos\/sistema-de-acabado-de-etiquetas-digitales-cdf\/\" rel=\"bookmark\">Sistema d\u2019acabat d\u2019etiquetes digitals CDF<\/a><\/div>\n<\/div>\n<\/div><div class=\"woo-products-products__item col-desk-3\">\n\t<div class=\"woo-products-products__inner-box\">\n<div class=\"woo-products-product-thumbnail\">\n\t<a href=\"http:\/\/www.tectuprint.es\/ca\/productos\/talladora-de-format-variable-per-a-impremta-rotativa-model-starcut-520\/\" rel=\"bookmark\"><img loading=\"lazy\" decoding=\"async\" width=\"600\" height=\"450\" src=\"http:\/\/www.tectuprint.es\/wp-content\/uploads\/2023\/05\/1.-MAQUINA-CORTADORA-DE-PAPEL-PARA-IMPRENTA-STARCUT-520.jpg\" class=\"attachment-woocommerce_thumbnail size-woocommerce_thumbnail\" alt=\"1. M\u00c1QUINA CORTADORA DE PAPEL PARA IMPRENTA STARCUT 520\" \/><\/a>\n\t<div class=\"woo-products-product-img-overlay\"><\/div><\/div>\n<div class=\"woo-products-product-title\"><a href=\"http:\/\/www.tectuprint.es\/ca\/productos\/talladora-de-format-variable-per-a-impremta-rotativa-model-starcut-520\/\" rel=\"bookmark\">TALLADORA DE FORMAT VARIABLE PER A IMPREMTA ROTATIVA, MODEL STARCUT-520<\/a><\/div>\n<\/div>\n<\/div><div class=\"woo-products-products__item col-desk-3\">\n\t<div class=\"woo-products-products__inner-box\">\n<div class=\"woo-products-product-thumbnail\">\n\t<a href=\"http:\/\/www.tectuprint.es\/ca\/productos\/maquina-perforadora-de-papel-dynamic-perf-520-dp1\/\" rel=\"bookmark\"><img loading=\"lazy\" decoding=\"async\" width=\"600\" height=\"600\" src=\"http:\/\/www.tectuprint.es\/wp-content\/uploads\/2023\/05\/SP09_025-600x600.jpg\" class=\"attachment-woocommerce_thumbnail size-woocommerce_thumbnail\" alt=\"2. M\u00c1QUINA PERFORADORA DE PAPEL DYNAMIC\u201d PERF 520-DP1\u201d\" \/><\/a>\n\t<div class=\"woo-products-product-img-overlay\"><\/div><\/div>\n<div class=\"woo-products-product-title\"><a href=\"http:\/\/www.tectuprint.es\/ca\/productos\/maquina-perforadora-de-papel-dynamic-perf-520-dp1\/\" rel=\"bookmark\">M\u00c0QUINA PERFORADORA DE PAPER DYNAMIC \u201cPERF 520-DP1\u201d<\/a><\/div>\n<\/div>\n<\/div><div class=\"woo-products-products__item col-desk-3\">\n\t<div class=\"woo-products-products__inner-box\">\n<div class=\"woo-products-product-thumbnail\">\n\t<a href=\"http:\/\/www.tectuprint.es\/ca\/productos\/modulo-de-perforacion-longitudinal-continuo-punch-520-pu\/\" rel=\"bookmark\"><img loading=\"lazy\" decoding=\"async\" width=\"600\" height=\"400\" src=\"http:\/\/www.tectuprint.es\/wp-content\/uploads\/2023\/05\/MAQUINA-PERFORADORA-A-LO-LARGO-PUNCH-PERF-520-PU1-2.jpg\" class=\"attachment-woocommerce_thumbnail size-woocommerce_thumbnail\" alt=\"M\u00c1QUINA PERFORADORA A LO LARGO PUNCH PERF 520 PU1-2\" \/><\/a>\n\t<div class=\"woo-products-product-img-overlay\"><\/div><\/div>\n<div class=\"woo-products-product-title\"><a href=\"http:\/\/www.tectuprint.es\/ca\/productos\/modulo-de-perforacion-longitudinal-continuo-punch-520-pu\/\" rel=\"bookmark\">M\u00d2DUL DE PERFORACI\u00d3 LONGITUDINAL CONT\u00cdNUA PUNCH 520-PU<\/a><\/div>\n<\/div>\n<\/div><div class=\"woo-products-products__item col-desk-3\">\n\t<div class=\"woo-products-products__inner-box\">\n<div class=\"woo-products-product-thumbnail\">\n\t<a href=\"http:\/\/www.tectuprint.es\/ca\/productos\/maquina-apiladora-automatica-stacker-520-st\/\" rel=\"bookmark\"><img loading=\"lazy\" decoding=\"async\" width=\"600\" height=\"450\" src=\"http:\/\/www.tectuprint.es\/wp-content\/uploads\/2023\/05\/MAQUINA-APILADORA-AUTOMATICA-STACKER-520-ST-1.jpg\" class=\"attachment-woocommerce_thumbnail size-woocommerce_thumbnail\" alt=\"M\u00c1QUINA APILADORA AUTOM\u00c1TICA STACKER 520 ST-1\" \/><\/a>\n\t<div class=\"woo-products-product-img-overlay\"><\/div><\/div>\n<div class=\"woo-products-product-title\"><a href=\"http:\/\/www.tectuprint.es\/ca\/productos\/maquina-apiladora-automatica-stacker-520-st\/\" rel=\"bookmark\">M\u00c0QUINA APILADORA AUTOM\u00c0TICA STACKER 520-ST<\/a><\/div>\n<\/div>\n<\/div><div class=\"woo-products-products__item col-desk-3\">\n\t<div class=\"woo-products-products__inner-box\">\n<div class=\"woo-products-product-thumbnail\">\n\t<a href=\"http:\/\/www.tectuprint.es\/ca\/productos\/desenrotllador-i-enrotllador-de-bobina\/\" rel=\"bookmark\"><img loading=\"lazy\" decoding=\"async\" width=\"600\" height=\"450\" src=\"http:\/\/www.tectuprint.es\/wp-content\/uploads\/2023\/05\/STAND-DESENROLLADOR-ENROLLADOR-DE-ROLLOS-DE-PAPEL-520-U1-R1-2.jpg\" class=\"attachment-woocommerce_thumbnail size-woocommerce_thumbnail\" alt=\"STAND DESENROLLADOR-ENROLLADOR DE ROLLOS DE PAPEL 520-U1 \/ R1 -2\" \/><\/a>\n\t<div class=\"woo-products-product-img-overlay\"><\/div><\/div>\n<div class=\"woo-products-product-title\"><a href=\"http:\/\/www.tectuprint.es\/ca\/productos\/desenrotllador-i-enrotllador-de-bobina\/\" rel=\"bookmark\">DESENROTLLADOR I ENROTLLADOR DE BOBINA<\/a><\/div>\n<\/div>\n<\/div><div class=\"woo-products-products__item col-desk-3\">\n\t<div class=\"woo-products-products__inner-box\">\n<div class=\"woo-products-product-thumbnail\">\n\t<a href=\"http:\/\/www.tectuprint.es\/ca\/productos\/maquina-de-tall-cnc-mu-520-multicut\/\" rel=\"bookmark\"><img loading=\"lazy\" decoding=\"async\" width=\"600\" height=\"450\" src=\"http:\/\/www.tectuprint.es\/wp-content\/uploads\/2023\/05\/MAQUINA-DE-CORTE-CNC-MU-520-MULTICUT-1.jpg\" class=\"attachment-woocommerce_thumbnail size-woocommerce_thumbnail\" alt=\"M\u00c1QUINA DE CORTE CNC MU-520 MULTICUT -1\" \/><\/a>\n\t<div class=\"woo-products-product-img-overlay\"><\/div><\/div>\n<div class=\"woo-products-product-title\"><a href=\"http:\/\/www.tectuprint.es\/ca\/productos\/maquina-de-tall-cnc-mu-520-multicut\/\" rel=\"bookmark\">M\u00c0QUINA DE TALL CNC MU-520 MULTICUT<\/a><\/div>\n<\/div>\n<\/div><div class=\"woo-products-products__item col-desk-3\">\n\t<div class=\"woo-products-products__inner-box\">\n<div class=\"woo-products-product-thumbnail\">\n\t<a href=\"http:\/\/www.tectuprint.es\/ca\/productos\/maquina-dimprimcio-per-injeccio-de-tinta-m-tower\/\" rel=\"bookmark\"><img loading=\"lazy\" decoding=\"async\" width=\"600\" height=\"600\" src=\"http:\/\/www.tectuprint.es\/wp-content\/uploads\/2023\/05\/MAQUINA-DE-IMPRESION-DE-INYECCION-DE-TINTA-M-TOWER-1-600x600.jpg\" class=\"attachment-woocommerce_thumbnail size-woocommerce_thumbnail\" alt=\"M\u00c1QUINA DE IMPRESI\u00d3N DE INYECCI\u00d3N DE TINTA M-TOWER-1\" \/><\/a>\n\t<div class=\"woo-products-product-img-overlay\"><\/div><\/div>\n<div class=\"woo-products-product-title\"><a href=\"http:\/\/www.tectuprint.es\/ca\/productos\/maquina-dimprimcio-per-injeccio-de-tinta-m-tower\/\" rel=\"bookmark\">M\u00c0QUINA D\u2019IMPRIMCI\u00d3 PER INJECCI\u00d3 DE TINTA M-TOWER<\/a><\/div>\n<\/div>\n<\/div><div class=\"woo-products-products__item col-desk-3\">\n\t<div class=\"woo-products-products__inner-box\">\n<div class=\"woo-products-product-thumbnail\">\n\t<a href=\"http:\/\/www.tectuprint.es\/ca\/productos\/maquina-de-tall-per-punxonat-eiger-350-450\/\" rel=\"bookmark\"><img loading=\"lazy\" decoding=\"async\" width=\"600\" height=\"450\" src=\"http:\/\/www.tectuprint.es\/wp-content\/uploads\/2023\/05\/MAQUINA-DE-CORTE-DE-PUNZONADO-EIGER-350-450-2.jpg\" class=\"attachment-woocommerce_thumbnail size-woocommerce_thumbnail\" alt=\"M\u00c1QUINA DE CORTE DE PUNZONADO EIGER 350 50-2\" \/><\/a>\n\t<div class=\"woo-products-product-img-overlay\"><\/div><\/div>\n<div class=\"woo-products-product-title\"><a href=\"http:\/\/www.tectuprint.es\/ca\/productos\/maquina-de-tall-per-punxonat-eiger-350-450\/\" rel=\"bookmark\">M\u00c0QUINA DE TALL PER PUNXONAT EIGER 350\/450<\/a><\/div>\n<\/div>\n<\/div><div class=\"woo-products-products__item col-desk-3\">\n\t<div class=\"woo-products-products__inner-box\">\n<div class=\"woo-products-product-thumbnail\">\n\t<a href=\"http:\/\/www.tectuprint.es\/ca\/productos\/aparell-delevacio-hidraulic-tec-300-series-roll-lifter\/\" rel=\"bookmark\"><img loading=\"lazy\" decoding=\"async\" width=\"600\" height=\"488\" src=\"http:\/\/www.tectuprint.es\/wp-content\/uploads\/2023\/05\/APARATO-DE-LEVANTAMIENTO-HIDRAULICO-TEC-300-SERIES-ROLL-LIFTER-600x488.jpg\" class=\"attachment-woocommerce_thumbnail size-woocommerce_thumbnail\" alt=\"APARATO DE LEVANTAMIENTO HIDR\u00c1ULICO TEC-300 SERIES \u201cROLL LIFTER\u201d\" \/><\/a>\n\t<div class=\"woo-products-product-img-overlay\"><\/div><\/div>\n<div class=\"woo-products-product-title\"><a href=\"http:\/\/www.tectuprint.es\/ca\/productos\/aparell-delevacio-hidraulic-tec-300-series-roll-lifter\/\" rel=\"bookmark\">APARELL D\u2019ELEVACI\u00d3 HIDR\u00c0ULIC TEC-300 SERIES \u201cROLL LIFTER\u201d<\/a><\/div>\n<\/div>\n<\/div><div class=\"woo-products-products__item col-desk-3\">\n\t<div class=\"woo-products-products__inner-box\">\n<div class=\"woo-products-product-thumbnail\">\n\t<a href=\"http:\/\/www.tectuprint.es\/ca\/productos\/premsa-flexografica-semi-tec-330\/\" rel=\"bookmark\"><img loading=\"lazy\" decoding=\"async\" width=\"600\" height=\"488\" src=\"http:\/\/www.tectuprint.es\/wp-content\/uploads\/2023\/05\/10.-PRENSA-FLEXOGRAFICA-SEMI-TEC-330-4-600x488.jpg\" class=\"attachment-woocommerce_thumbnail size-woocommerce_thumbnail\" alt=\"10. PRENSA FLEXOGR\u00c1FICA SEMI-TEC 330\" \/><\/a>\n\t<div class=\"woo-products-product-img-overlay\"><\/div><\/div>\n<div class=\"woo-products-product-title\"><a href=\"http:\/\/www.tectuprint.es\/ca\/productos\/premsa-flexografica-semi-tec-330\/\" rel=\"bookmark\">PREMSA FLEXOGR\u00c0FICA SEMI-TEC 330<\/a><\/div>\n<\/div>\n<\/div><div class=\"woo-products-products__item col-desk-3\">\n\t<div class=\"woo-products-products__inner-box\">\n<div class=\"woo-products-product-thumbnail\">\n\t<a href=\"http:\/\/www.tectuprint.es\/ca\/productos\/maquina-semi-rotativa\/\" rel=\"bookmark\"><img loading=\"lazy\" decoding=\"async\" width=\"600\" height=\"488\" src=\"http:\/\/www.tectuprint.es\/wp-content\/uploads\/2023\/05\/MAQUINA-SEMI-ROTATIVA-22-600x488.jpg\" class=\"attachment-woocommerce_thumbnail size-woocommerce_thumbnail\" alt=\"M\u00c1QUINA SEMI-ROTATIVA\" \/><\/a>\n\t<div class=\"woo-products-product-img-overlay\"><\/div><\/div>\n<div class=\"woo-products-product-title\"><a href=\"http:\/\/www.tectuprint.es\/ca\/productos\/maquina-semi-rotativa\/\" rel=\"bookmark\">M\u00c0QUINA SEMIROTATIVA<\/a><\/div>\n<\/div>\n<\/div><\/div>\n<\/div>\t\t\t\t<\/div>\n\t\t\t\t<\/div>\n\t\t\t\t\t<\/div>\n\t\t<\/div>\n\t\t\t\t\t<\/div>\n\t\t<\/section>\n\t\t\t\t<\/div>\n\t\t","protected":false},"excerpt":{"rendered":"<p>M\u00c1QUINA APILADORA AUTOM\u00c1TICA STACKER 520-ST M\u00c1QUINA PERFORADORA A LO LARGO PUNCH PERF 520-PU1 M\u00c1QUINA PERFORADORA DE PAPEL DYNAMIC\u201d PERF 520-DP1\u201d M\u00c1QUINA CORTADORA DE PAPEL PARA IMPRENTA STARCUT 520<\/p>\n","protected":false},"author":1,"featured_media":0,"parent":0,"menu_order":0,"comment_status":"closed","ping_status":"closed","template":"","meta":{"_acf_changed":false,"footnotes":""},"class_list":["post-2834","page","type-page","status-publish","hentry"],"acf":[],"yoast_head":"<!-- This site is optimized with the Yoast SEO plugin v27.4 - https:\/\/yoast.com\/product\/yoast-seo-wordpress\/ -->\n<title>Productes - Tectuprint<\/title>\n<meta name=\"robots\" content=\"index, follow, max-snippet:-1, max-image-preview:large, max-video-preview:-1\" \/>\n<link rel=\"canonical\" href=\"http:\/\/www.tectuprint.es\/ca\/productes\/\" \/>\n<meta property=\"og:locale\" content=\"ca_ES\" \/>\n<meta property=\"og:type\" content=\"article\" \/>\n<meta property=\"og:title\" content=\"Productes - Tectuprint\" \/>\n<meta property=\"og:description\" content=\"M\u00c1QUINA APILADORA AUTOM\u00c1TICA STACKER 520-ST M\u00c1QUINA PERFORADORA A LO LARGO PUNCH PERF 520-PU1 M\u00c1QUINA PERFORADORA DE PAPEL DYNAMIC\u201d PERF 520-DP1\u201d M\u00c1QUINA CORTADORA DE PAPEL PARA IMPRENTA STARCUT 520\" \/>\n<meta property=\"og:url\" content=\"http:\/\/www.tectuprint.es\/ca\/productes\/\" \/>\n<meta property=\"og:site_name\" content=\"Tectuprint\" \/>\n<meta property=\"article:modified_time\" content=\"2025-11-19T13:51:52+00:00\" \/>\n<meta property=\"og:image\" content=\"http:\/\/tectuprint.es\/wp-content\/uploads\/2023\/05\/MAQUINA-APILADORA-AUTOMATICA-STACKER-520-ST-1.jpg\" \/>\n<meta name=\"twitter:card\" content=\"summary_large_image\" \/>\n<meta name=\"twitter:label1\" content=\"Temps estimat de lectura\" \/>\n\t<meta name=\"twitter:data1\" content=\"1 minut\" \/>\n<script type=\"application\/ld+json\" class=\"yoast-schema-graph\">{\"@context\":\"https:\\\/\\\/schema.org\",\"@graph\":[{\"@type\":\"WebPage\",\"@id\":\"http:\\\/\\\/www.tectuprint.es\\\/ca\\\/productes\\\/\",\"url\":\"http:\\\/\\\/www.tectuprint.es\\\/ca\\\/productes\\\/\",\"name\":\"Productes - Tectuprint\",\"isPartOf\":{\"@id\":\"http:\\\/\\\/www.tectuprint.es\\\/ca\\\/#website\"},\"primaryImageOfPage\":{\"@id\":\"http:\\\/\\\/www.tectuprint.es\\\/ca\\\/productes\\\/#primaryimage\"},\"image\":{\"@id\":\"http:\\\/\\\/www.tectuprint.es\\\/ca\\\/productes\\\/#primaryimage\"},\"thumbnailUrl\":\"http:\\\/\\\/tectuprint.es\\\/wp-content\\\/uploads\\\/2023\\\/05\\\/MAQUINA-APILADORA-AUTOMATICA-STACKER-520-ST-1.jpg\",\"datePublished\":\"2020-11-08T04:34:45+00:00\",\"dateModified\":\"2025-11-19T13:51:52+00:00\",\"breadcrumb\":{\"@id\":\"http:\\\/\\\/www.tectuprint.es\\\/ca\\\/productes\\\/#breadcrumb\"},\"inLanguage\":\"ca\",\"potentialAction\":[{\"@type\":\"ReadAction\",\"target\":[\"http:\\\/\\\/www.tectuprint.es\\\/ca\\\/productes\\\/\"]}]},{\"@type\":\"ImageObject\",\"inLanguage\":\"ca\",\"@id\":\"http:\\\/\\\/www.tectuprint.es\\\/ca\\\/productes\\\/#primaryimage\",\"url\":\"http:\\\/\\\/tectuprint.es\\\/wp-content\\\/uploads\\\/2023\\\/05\\\/MAQUINA-APILADORA-AUTOMATICA-STACKER-520-ST-1.jpg\",\"contentUrl\":\"http:\\\/\\\/tectuprint.es\\\/wp-content\\\/uploads\\\/2023\\\/05\\\/MAQUINA-APILADORA-AUTOMATICA-STACKER-520-ST-1.jpg\"},{\"@type\":\"BreadcrumbList\",\"@id\":\"http:\\\/\\\/www.tectuprint.es\\\/ca\\\/productes\\\/#breadcrumb\",\"itemListElement\":[{\"@type\":\"ListItem\",\"position\":1,\"name\":\"Portada\",\"item\":\"https:\\\/\\\/www.tectuprint.es\\\/ca\\\/\"},{\"@type\":\"ListItem\",\"position\":2,\"name\":\"Productes\"}]},{\"@type\":\"WebSite\",\"@id\":\"http:\\\/\\\/www.tectuprint.es\\\/ca\\\/#website\",\"url\":\"http:\\\/\\\/www.tectuprint.es\\\/ca\\\/\",\"name\":\"Tectuprint - Soluciones para el sector gr\u00e1fico\",\"description\":\"Soluciones para el Sector Gr\u00e1fico\",\"publisher\":{\"@id\":\"http:\\\/\\\/www.tectuprint.es\\\/ca\\\/#organization\"},\"alternateName\":\"Tectuprint\",\"potentialAction\":[{\"@type\":\"SearchAction\",\"target\":{\"@type\":\"EntryPoint\",\"urlTemplate\":\"http:\\\/\\\/www.tectuprint.es\\\/ca\\\/?s={search_term_string}\"},\"query-input\":{\"@type\":\"PropertyValueSpecification\",\"valueRequired\":true,\"valueName\":\"search_term_string\"}}],\"inLanguage\":\"ca\"},{\"@type\":\"Organization\",\"@id\":\"http:\\\/\\\/www.tectuprint.es\\\/ca\\\/#organization\",\"name\":\"Tectuprint - Soluciones para el sector gr\u00e1fico\",\"alternateName\":\"Tectuprint\",\"url\":\"http:\\\/\\\/www.tectuprint.es\\\/ca\\\/\",\"logo\":{\"@type\":\"ImageObject\",\"inLanguage\":\"ca\",\"@id\":\"http:\\\/\\\/www.tectuprint.es\\\/ca\\\/#\\\/schema\\\/logo\\\/image\\\/\",\"url\":\"http:\\\/\\\/www.tectuprint.es\\\/wp-content\\\/uploads\\\/2023\\\/05\\\/tectuprint-logo.jpg\",\"contentUrl\":\"http:\\\/\\\/www.tectuprint.es\\\/wp-content\\\/uploads\\\/2023\\\/05\\\/tectuprint-logo.jpg\",\"width\":300,\"height\":65,\"caption\":\"Tectuprint - Soluciones para el sector gr\u00e1fico\"},\"image\":{\"@id\":\"http:\\\/\\\/www.tectuprint.es\\\/ca\\\/#\\\/schema\\\/logo\\\/image\\\/\"}}]}<\/script>\n<!-- \/ Yoast SEO plugin. -->","yoast_head_json":{"title":"Productes - Tectuprint","robots":{"index":"index","follow":"follow","max-snippet":"max-snippet:-1","max-image-preview":"max-image-preview:large","max-video-preview":"max-video-preview:-1"},"canonical":"http:\/\/www.tectuprint.es\/ca\/productes\/","og_locale":"ca_ES","og_type":"article","og_title":"Productes - Tectuprint","og_description":"M\u00c1QUINA APILADORA AUTOM\u00c1TICA STACKER 520-ST M\u00c1QUINA PERFORADORA A LO LARGO PUNCH PERF 520-PU1 M\u00c1QUINA PERFORADORA DE PAPEL DYNAMIC\u201d PERF 520-DP1\u201d M\u00c1QUINA CORTADORA DE PAPEL PARA IMPRENTA STARCUT 520","og_url":"http:\/\/www.tectuprint.es\/ca\/productes\/","og_site_name":"Tectuprint","article_modified_time":"2025-11-19T13:51:52+00:00","og_image":[{"url":"http:\/\/tectuprint.es\/wp-content\/uploads\/2023\/05\/MAQUINA-APILADORA-AUTOMATICA-STACKER-520-ST-1.jpg","type":"","width":"","height":""}],"twitter_card":"summary_large_image","twitter_misc":{"Temps estimat de lectura":"1 minut"},"schema":{"@context":"https:\/\/schema.org","@graph":[{"@type":"WebPage","@id":"http:\/\/www.tectuprint.es\/ca\/productes\/","url":"http:\/\/www.tectuprint.es\/ca\/productes\/","name":"Productes - Tectuprint","isPartOf":{"@id":"http:\/\/www.tectuprint.es\/ca\/#website"},"primaryImageOfPage":{"@id":"http:\/\/www.tectuprint.es\/ca\/productes\/#primaryimage"},"image":{"@id":"http:\/\/www.tectuprint.es\/ca\/productes\/#primaryimage"},"thumbnailUrl":"http:\/\/tectuprint.es\/wp-content\/uploads\/2023\/05\/MAQUINA-APILADORA-AUTOMATICA-STACKER-520-ST-1.jpg","datePublished":"2020-11-08T04:34:45+00:00","dateModified":"2025-11-19T13:51:52+00:00","breadcrumb":{"@id":"http:\/\/www.tectuprint.es\/ca\/productes\/#breadcrumb"},"inLanguage":"ca","potentialAction":[{"@type":"ReadAction","target":["http:\/\/www.tectuprint.es\/ca\/productes\/"]}]},{"@type":"ImageObject","inLanguage":"ca","@id":"http:\/\/www.tectuprint.es\/ca\/productes\/#primaryimage","url":"http:\/\/tectuprint.es\/wp-content\/uploads\/2023\/05\/MAQUINA-APILADORA-AUTOMATICA-STACKER-520-ST-1.jpg","contentUrl":"http:\/\/tectuprint.es\/wp-content\/uploads\/2023\/05\/MAQUINA-APILADORA-AUTOMATICA-STACKER-520-ST-1.jpg"},{"@type":"BreadcrumbList","@id":"http:\/\/www.tectuprint.es\/ca\/productes\/#breadcrumb","itemListElement":[{"@type":"ListItem","position":1,"name":"Portada","item":"https:\/\/www.tectuprint.es\/ca\/"},{"@type":"ListItem","position":2,"name":"Productes"}]},{"@type":"WebSite","@id":"http:\/\/www.tectuprint.es\/ca\/#website","url":"http:\/\/www.tectuprint.es\/ca\/","name":"Tectuprint - Soluciones para el sector gr\u00e1fico","description":"Soluciones para el Sector Gr\u00e1fico","publisher":{"@id":"http:\/\/www.tectuprint.es\/ca\/#organization"},"alternateName":"Tectuprint","potentialAction":[{"@type":"SearchAction","target":{"@type":"EntryPoint","urlTemplate":"http:\/\/www.tectuprint.es\/ca\/?s={search_term_string}"},"query-input":{"@type":"PropertyValueSpecification","valueRequired":true,"valueName":"search_term_string"}}],"inLanguage":"ca"},{"@type":"Organization","@id":"http:\/\/www.tectuprint.es\/ca\/#organization","name":"Tectuprint - Soluciones para el sector gr\u00e1fico","alternateName":"Tectuprint","url":"http:\/\/www.tectuprint.es\/ca\/","logo":{"@type":"ImageObject","inLanguage":"ca","@id":"http:\/\/www.tectuprint.es\/ca\/#\/schema\/logo\/image\/","url":"http:\/\/www.tectuprint.es\/wp-content\/uploads\/2023\/05\/tectuprint-logo.jpg","contentUrl":"http:\/\/www.tectuprint.es\/wp-content\/uploads\/2023\/05\/tectuprint-logo.jpg","width":300,"height":65,"caption":"Tectuprint - Soluciones para el sector gr\u00e1fico"},"image":{"@id":"http:\/\/www.tectuprint.es\/ca\/#\/schema\/logo\/image\/"}}]}},"_links":{"self":[{"href":"http:\/\/www.tectuprint.es\/ca\/wp-json\/wp\/v2\/pages\/2834","targetHints":{"allow":["GET"]}}],"collection":[{"href":"http:\/\/www.tectuprint.es\/ca\/wp-json\/wp\/v2\/pages"}],"about":[{"href":"http:\/\/www.tectuprint.es\/ca\/wp-json\/wp\/v2\/types\/page"}],"author":[{"embeddable":true,"href":"http:\/\/www.tectuprint.es\/ca\/wp-json\/wp\/v2\/users\/1"}],"replies":[{"embeddable":true,"href":"http:\/\/www.tectuprint.es\/ca\/wp-json\/wp\/v2\/comments?post=2834"}],"version-history":[{"count":3,"href":"http:\/\/www.tectuprint.es\/ca\/wp-json\/wp\/v2\/pages\/2834\/revisions"}],"predecessor-version":[{"id":2861,"href":"http:\/\/www.tectuprint.es\/ca\/wp-json\/wp\/v2\/pages\/2834\/revisions\/2861"}],"wp:attachment":[{"href":"http:\/\/www.tectuprint.es\/ca\/wp-json\/wp\/v2\/media?parent=2834"}],"curies":[{"name":"wp","href":"https:\/\/api.w.org\/{rel}","templated":true}]}}