{"id":2811,"date":"2020-11-08T05:31:57","date_gmt":"2020-11-08T04:31:57","guid":{"rendered":"https:\/\/tectuprint.es\/?page_id=2811"},"modified":"2025-11-19T14:48:03","modified_gmt":"2025-11-19T13:48:03","slug":"empresa","status":"publish","type":"page","link":"http:\/\/www.tectuprint.es\/ca\/empresa\/","title":{"rendered":"Empresa"},"content":{"rendered":"\t\t<div data-elementor-type=\"wp-page\" data-elementor-id=\"2811\" class=\"elementor elementor-2811 elementor-15\">\n\t\t\t\t\t\t<section class=\"elementor-section elementor-top-section elementor-element elementor-element-d72828f elementor-section-content-middle elementor-section-boxed elementor-section-height-default elementor-section-height-default\" data-id=\"d72828f\" data-element_type=\"section\" data-e-type=\"section\">\n\t\t\t\t\t\t\t<div class=\"elementor-background-overlay\"><\/div>\n\t\t\t\t\t\t\t<div class=\"elementor-container elementor-column-gap-wide\">\n\t\t\t\t\t<div class=\"elementor-column elementor-col-50 elementor-top-column elementor-element elementor-element-e4a094d\" data-id=\"e4a094d\" data-element_type=\"column\" data-e-type=\"column\">\n\t\t\t<div class=\"elementor-widget-wrap elementor-element-populated\">\n\t\t\t\t\t\t<div class=\"elementor-element elementor-element-940087b elementor-widget elementor-widget-image\" data-id=\"940087b\" data-element_type=\"widget\" data-e-type=\"widget\" data-widget_type=\"image.default\">\n\t\t\t\t<div class=\"elementor-widget-container\">\n\t\t\t\t\t\t\t\t\t\t\t\t\t\t\t<img fetchpriority=\"high\" decoding=\"async\" width=\"600\" height=\"450\" src=\"http:\/\/www.tectuprint.es\/wp-content\/uploads\/2023\/05\/MAQUINA-APILADORA-AUTOMATICA-STACKER-520-ST-4.jpg\" class=\"attachment-large size-large wp-image-2810\" alt=\"M\u00c1QUINA APILADORA AUTOM\u00c1TICA STACKER 520 ST-4\" srcset=\"http:\/\/www.tectuprint.es\/wp-content\/uploads\/2023\/05\/MAQUINA-APILADORA-AUTOMATICA-STACKER-520-ST-4.jpg 600w, http:\/\/www.tectuprint.es\/wp-content\/uploads\/2023\/05\/MAQUINA-APILADORA-AUTOMATICA-STACKER-520-ST-4-300x225.jpg 300w\" sizes=\"(max-width: 600px) 100vw, 600px\" \/>\t\t\t\t\t\t\t\t\t\t\t\t\t\t\t<\/div>\n\t\t\t\t<\/div>\n\t\t\t\t\t<\/div>\n\t\t<\/div>\n\t\t\t\t<div class=\"elementor-column elementor-col-50 elementor-top-column elementor-element elementor-element-1ad27a4\" data-id=\"1ad27a4\" data-element_type=\"column\" data-e-type=\"column\">\n\t\t\t<div class=\"elementor-widget-wrap elementor-element-populated\">\n\t\t\t\t\t\t<div class=\"elementor-element elementor-element-e42587b elementor-widget elementor-widget-heading\" data-id=\"e42587b\" data-element_type=\"widget\" data-e-type=\"widget\" data-widget_type=\"heading.default\">\n\t\t\t\t<div class=\"elementor-widget-container\">\n\t\t\t\t\t<h2 class=\"elementor-heading-title elementor-size-default\">Estudi, disseny i fabricaci\u00f3 de  solucions per al sector gr\u00e0fic<\/h2>\t\t\t\t<\/div>\n\t\t\t\t<\/div>\n\t\t\t\t\t<\/div>\n\t\t<\/div>\n\t\t\t\t\t<\/div>\n\t\t<\/section>\n\t\t\t\t<section class=\"elementor-section elementor-top-section elementor-element elementor-element-4460e2d elementor-section-full_width elementor-section-height-default elementor-section-height-default\" data-id=\"4460e2d\" data-element_type=\"section\" data-e-type=\"section\" data-settings=\"{&quot;background_background&quot;:&quot;classic&quot;}\">\n\t\t\t\t\t\t<div class=\"elementor-container elementor-column-gap-no\">\n\t\t\t\t\t<div class=\"elementor-column elementor-col-100 elementor-top-column elementor-element elementor-element-747f5f0\" data-id=\"747f5f0\" data-element_type=\"column\" data-e-type=\"column\">\n\t\t\t<div class=\"elementor-widget-wrap elementor-element-populated\">\n\t\t\t\t\t\t<section class=\"elementor-section elementor-inner-section elementor-element elementor-element-9e5100c elementor-section-content-middle elementor-section-boxed elementor-section-height-default elementor-section-height-default\" data-id=\"9e5100c\" data-element_type=\"section\" data-e-type=\"section\">\n\t\t\t\t\t\t<div class=\"elementor-container elementor-column-gap-extended\">\n\t\t\t\t\t<div class=\"elementor-column elementor-col-50 elementor-inner-column elementor-element elementor-element-6aa34a5\" data-id=\"6aa34a5\" data-element_type=\"column\" data-e-type=\"column\">\n\t\t\t<div class=\"elementor-widget-wrap elementor-element-populated\">\n\t\t\t\t\t\t<div class=\"elementor-element elementor-element-c31622d elementor-widget elementor-widget-text-editor\" data-id=\"c31622d\" data-element_type=\"widget\" data-e-type=\"widget\" data-widget_type=\"text-editor.default\">\n\t\t\t\t<div class=\"elementor-widget-container\">\n\t\t\t\t\t\t\t\t\t<p><b>Empresa amb una gran inversi\u00f3 en I+D<\/b><span style=\"font-weight: 400;\">, comptem amb un ampli portafoli de solucions est\u00e0ndard que podem modificar i adaptar a les seves necessitats. Tamb\u00e9 desenvolupem <\/span><b>solucions a mida, claus en m\u00e0<\/b><span style=\"font-weight: 400;\">, comptem amb un equip de professionals especialitzats en equips del fabricant espanyol <\/span><b>ROTATEK<\/b><span style=\"font-weight: 400;\">, per la qual cosa els podem oferir servei. Parlant de servei, un dels <\/span><b>pilars forts de la nostra companyia<\/b><span style=\"font-weight: 400;\"> \u00e9s el servei postvenda, l\u2019atenci\u00f3 al client; el nostre <\/span><b>servei t\u00e8cnic<\/b><span style=\"font-weight: 400;\"> \u00e9s prioritari en la nostra estructura per poder atendre tots els nostres clients.<\/span><\/p><p><span style=\"font-weight: 400;\">A m\u00e9s, a <\/span><b>Tectuprint<\/b><span style=\"font-weight: 400;\"> som experts en la fabricaci\u00f3 d\u2019equips perif\u00e8rics per al sector gr\u00e0fic de <\/span><b>banda cont\u00ednua, tall bobinat, Stacker, perforaci\u00f3, maquin\u00e0ria d\u2019impressi\u00f3 offset i flexo<\/b><span style=\"font-weight: 400;\"> per al sector de les etiquetes. Tamb\u00e9 desenvolupem <\/span><b>equips per aplicar impressi\u00f3 digital (inkjet), torres d\u2019impressi\u00f3, suports i adaptacions<\/b><span style=\"font-weight: 400;\">.<\/span><\/p>\t\t\t\t\t\t\t\t<\/div>\n\t\t\t\t<\/div>\n\t\t\t\t\t<\/div>\n\t\t<\/div>\n\t\t\t\t<div class=\"elementor-column elementor-col-50 elementor-inner-column elementor-element elementor-element-7009baf\" data-id=\"7009baf\" data-element_type=\"column\" data-e-type=\"column\">\n\t\t\t<div class=\"elementor-widget-wrap elementor-element-populated\">\n\t\t\t\t\t\t<div class=\"elementor-element elementor-element-2317ac1 elementor-widget elementor-widget-video\" data-id=\"2317ac1\" data-element_type=\"widget\" data-e-type=\"widget\" data-settings=\"{&quot;youtube_url&quot;:&quot;https:\\\/\\\/youtu.be\\\/5TL4o3KJau4&quot;,&quot;video_type&quot;:&quot;youtube&quot;,&quot;controls&quot;:&quot;yes&quot;}\" data-widget_type=\"video.default\">\n\t\t\t\t<div class=\"elementor-widget-container\">\n\t\t\t\t\t\t\t<div class=\"elementor-wrapper elementor-open-inline\">\n\t\t\t<div class=\"elementor-video\"><\/div>\t\t<\/div>\n\t\t\t\t\t\t<\/div>\n\t\t\t\t<\/div>\n\t\t\t\t\t<\/div>\n\t\t<\/div>\n\t\t\t\t\t<\/div>\n\t\t<\/section>\n\t\t\t\t\t<\/div>\n\t\t<\/div>\n\t\t\t\t\t<\/div>\n\t\t<\/section>\n\t\t\t\t<section class=\"elementor-section elementor-top-section elementor-element elementor-element-9d389e6 elementor-section-full_width elementor-section-height-default elementor-section-height-default\" data-id=\"9d389e6\" data-element_type=\"section\" data-e-type=\"section\">\n\t\t\t\t\t\t<div class=\"elementor-container elementor-column-gap-extended\">\n\t\t\t\t\t<div class=\"elementor-column elementor-col-100 elementor-top-column elementor-element elementor-element-78272d0\" data-id=\"78272d0\" data-element_type=\"column\" data-e-type=\"column\">\n\t\t\t<div class=\"elementor-widget-wrap\">\n\t\t\t\t\t\t\t<\/div>\n\t\t<\/div>\n\t\t\t\t\t<\/div>\n\t\t<\/section>\n\t\t\t\t<\/div>\n\t\t","protected":false},"excerpt":{"rendered":"<p>Estudi, disseny i fabricaci\u00f3 de solucions per al sector gr\u00e0fic TECTUPRINT, S.L. \u00e9s una empresa especialitzada en l\u2019estudi, disseny i fabricaci\u00f3 de solucions per al sector gr\u00e0fic, amb m\u00e9s de 30 anys d\u2019experi\u00e8ncia en la ind\u00fastria gr\u00e0fica, completament orientada a la innovaci\u00f3 en un mercat molt canviant i adaptant-nos sempre a les necessitats espec\u00edfiques de [&hellip;]<\/p>\n","protected":false},"author":1,"featured_media":0,"parent":0,"menu_order":0,"comment_status":"closed","ping_status":"closed","template":"elementor_header_footer","meta":{"_acf_changed":false,"footnotes":""},"class_list":["post-2811","page","type-page","status-publish","hentry"],"acf":[],"yoast_head":"<!-- This site is optimized with the Yoast SEO plugin v27.4 - https:\/\/yoast.com\/product\/yoast-seo-wordpress\/ -->\n<title>Empresa - Tectuprint<\/title>\n<meta name=\"robots\" content=\"index, follow, max-snippet:-1, max-image-preview:large, max-video-preview:-1\" \/>\n<link rel=\"canonical\" href=\"http:\/\/www.tectuprint.es\/ca\/empresa\/\" \/>\n<meta property=\"og:locale\" content=\"ca_ES\" \/>\n<meta property=\"og:type\" content=\"article\" \/>\n<meta property=\"og:title\" content=\"Empresa - Tectuprint\" \/>\n<meta property=\"og:description\" content=\"Estudi, disseny i fabricaci\u00f3 de solucions per al sector gr\u00e0fic TECTUPRINT, S.L. \u00e9s una empresa especialitzada en l\u2019estudi, disseny i fabricaci\u00f3 de solucions per al sector gr\u00e0fic, amb m\u00e9s de 30 anys d\u2019experi\u00e8ncia en la ind\u00fastria gr\u00e0fica, completament orientada a la innovaci\u00f3 en un mercat molt canviant i adaptant-nos sempre a les necessitats espec\u00edfiques de [&hellip;]\" \/>\n<meta property=\"og:url\" content=\"http:\/\/www.tectuprint.es\/ca\/empresa\/\" \/>\n<meta property=\"og:site_name\" content=\"Tectuprint\" \/>\n<meta property=\"article:modified_time\" content=\"2025-11-19T13:48:03+00:00\" \/>\n<meta property=\"og:image\" content=\"http:\/\/tectuprint.es\/wp-content\/uploads\/2023\/05\/MAQUINA-APILADORA-AUTOMATICA-STACKER-520-ST-4.jpg\" \/>\n<meta name=\"twitter:card\" content=\"summary_large_image\" \/>\n<meta name=\"twitter:label1\" content=\"Temps estimat de lectura\" \/>\n\t<meta name=\"twitter:data1\" content=\"2 minuts\" \/>\n<script type=\"application\/ld+json\" class=\"yoast-schema-graph\">{\"@context\":\"https:\\\/\\\/schema.org\",\"@graph\":[{\"@type\":\"WebPage\",\"@id\":\"http:\\\/\\\/www.tectuprint.es\\\/ca\\\/empresa\\\/\",\"url\":\"http:\\\/\\\/www.tectuprint.es\\\/ca\\\/empresa\\\/\",\"name\":\"Empresa - Tectuprint\",\"isPartOf\":{\"@id\":\"http:\\\/\\\/www.tectuprint.es\\\/ca\\\/#website\"},\"primaryImageOfPage\":{\"@id\":\"http:\\\/\\\/www.tectuprint.es\\\/ca\\\/empresa\\\/#primaryimage\"},\"image\":{\"@id\":\"http:\\\/\\\/www.tectuprint.es\\\/ca\\\/empresa\\\/#primaryimage\"},\"thumbnailUrl\":\"http:\\\/\\\/tectuprint.es\\\/wp-content\\\/uploads\\\/2023\\\/05\\\/MAQUINA-APILADORA-AUTOMATICA-STACKER-520-ST-4.jpg\",\"datePublished\":\"2020-11-08T04:31:57+00:00\",\"dateModified\":\"2025-11-19T13:48:03+00:00\",\"breadcrumb\":{\"@id\":\"http:\\\/\\\/www.tectuprint.es\\\/ca\\\/empresa\\\/#breadcrumb\"},\"inLanguage\":\"ca\",\"potentialAction\":[{\"@type\":\"ReadAction\",\"target\":[\"http:\\\/\\\/www.tectuprint.es\\\/ca\\\/empresa\\\/\"]}]},{\"@type\":\"ImageObject\",\"inLanguage\":\"ca\",\"@id\":\"http:\\\/\\\/www.tectuprint.es\\\/ca\\\/empresa\\\/#primaryimage\",\"url\":\"http:\\\/\\\/tectuprint.es\\\/wp-content\\\/uploads\\\/2023\\\/05\\\/MAQUINA-APILADORA-AUTOMATICA-STACKER-520-ST-4.jpg\",\"contentUrl\":\"http:\\\/\\\/tectuprint.es\\\/wp-content\\\/uploads\\\/2023\\\/05\\\/MAQUINA-APILADORA-AUTOMATICA-STACKER-520-ST-4.jpg\"},{\"@type\":\"BreadcrumbList\",\"@id\":\"http:\\\/\\\/www.tectuprint.es\\\/ca\\\/empresa\\\/#breadcrumb\",\"itemListElement\":[{\"@type\":\"ListItem\",\"position\":1,\"name\":\"Portada\",\"item\":\"https:\\\/\\\/www.tectuprint.es\\\/ca\\\/\"},{\"@type\":\"ListItem\",\"position\":2,\"name\":\"Empresa\"}]},{\"@type\":\"WebSite\",\"@id\":\"http:\\\/\\\/www.tectuprint.es\\\/ca\\\/#website\",\"url\":\"http:\\\/\\\/www.tectuprint.es\\\/ca\\\/\",\"name\":\"Tectuprint - Soluciones para el sector gr\u00e1fico\",\"description\":\"Soluciones para el Sector Gr\u00e1fico\",\"publisher\":{\"@id\":\"http:\\\/\\\/www.tectuprint.es\\\/ca\\\/#organization\"},\"alternateName\":\"Tectuprint\",\"potentialAction\":[{\"@type\":\"SearchAction\",\"target\":{\"@type\":\"EntryPoint\",\"urlTemplate\":\"http:\\\/\\\/www.tectuprint.es\\\/ca\\\/?s={search_term_string}\"},\"query-input\":{\"@type\":\"PropertyValueSpecification\",\"valueRequired\":true,\"valueName\":\"search_term_string\"}}],\"inLanguage\":\"ca\"},{\"@type\":\"Organization\",\"@id\":\"http:\\\/\\\/www.tectuprint.es\\\/ca\\\/#organization\",\"name\":\"Tectuprint - Soluciones para el sector gr\u00e1fico\",\"alternateName\":\"Tectuprint\",\"url\":\"http:\\\/\\\/www.tectuprint.es\\\/ca\\\/\",\"logo\":{\"@type\":\"ImageObject\",\"inLanguage\":\"ca\",\"@id\":\"http:\\\/\\\/www.tectuprint.es\\\/ca\\\/#\\\/schema\\\/logo\\\/image\\\/\",\"url\":\"http:\\\/\\\/www.tectuprint.es\\\/wp-content\\\/uploads\\\/2023\\\/05\\\/tectuprint-logo.jpg\",\"contentUrl\":\"http:\\\/\\\/www.tectuprint.es\\\/wp-content\\\/uploads\\\/2023\\\/05\\\/tectuprint-logo.jpg\",\"width\":300,\"height\":65,\"caption\":\"Tectuprint - Soluciones para el sector gr\u00e1fico\"},\"image\":{\"@id\":\"http:\\\/\\\/www.tectuprint.es\\\/ca\\\/#\\\/schema\\\/logo\\\/image\\\/\"}}]}<\/script>\n<!-- \/ Yoast SEO plugin. -->","yoast_head_json":{"title":"Empresa - Tectuprint","robots":{"index":"index","follow":"follow","max-snippet":"max-snippet:-1","max-image-preview":"max-image-preview:large","max-video-preview":"max-video-preview:-1"},"canonical":"http:\/\/www.tectuprint.es\/ca\/empresa\/","og_locale":"ca_ES","og_type":"article","og_title":"Empresa - Tectuprint","og_description":"Estudi, disseny i fabricaci\u00f3 de solucions per al sector gr\u00e0fic TECTUPRINT, S.L. \u00e9s una empresa especialitzada en l\u2019estudi, disseny i fabricaci\u00f3 de solucions per al sector gr\u00e0fic, amb m\u00e9s de 30 anys d\u2019experi\u00e8ncia en la ind\u00fastria gr\u00e0fica, completament orientada a la innovaci\u00f3 en un mercat molt canviant i adaptant-nos sempre a les necessitats espec\u00edfiques de [&hellip;]","og_url":"http:\/\/www.tectuprint.es\/ca\/empresa\/","og_site_name":"Tectuprint","article_modified_time":"2025-11-19T13:48:03+00:00","og_image":[{"url":"http:\/\/tectuprint.es\/wp-content\/uploads\/2023\/05\/MAQUINA-APILADORA-AUTOMATICA-STACKER-520-ST-4.jpg","type":"","width":"","height":""}],"twitter_card":"summary_large_image","twitter_misc":{"Temps estimat de lectura":"2 minuts"},"schema":{"@context":"https:\/\/schema.org","@graph":[{"@type":"WebPage","@id":"http:\/\/www.tectuprint.es\/ca\/empresa\/","url":"http:\/\/www.tectuprint.es\/ca\/empresa\/","name":"Empresa - Tectuprint","isPartOf":{"@id":"http:\/\/www.tectuprint.es\/ca\/#website"},"primaryImageOfPage":{"@id":"http:\/\/www.tectuprint.es\/ca\/empresa\/#primaryimage"},"image":{"@id":"http:\/\/www.tectuprint.es\/ca\/empresa\/#primaryimage"},"thumbnailUrl":"http:\/\/tectuprint.es\/wp-content\/uploads\/2023\/05\/MAQUINA-APILADORA-AUTOMATICA-STACKER-520-ST-4.jpg","datePublished":"2020-11-08T04:31:57+00:00","dateModified":"2025-11-19T13:48:03+00:00","breadcrumb":{"@id":"http:\/\/www.tectuprint.es\/ca\/empresa\/#breadcrumb"},"inLanguage":"ca","potentialAction":[{"@type":"ReadAction","target":["http:\/\/www.tectuprint.es\/ca\/empresa\/"]}]},{"@type":"ImageObject","inLanguage":"ca","@id":"http:\/\/www.tectuprint.es\/ca\/empresa\/#primaryimage","url":"http:\/\/tectuprint.es\/wp-content\/uploads\/2023\/05\/MAQUINA-APILADORA-AUTOMATICA-STACKER-520-ST-4.jpg","contentUrl":"http:\/\/tectuprint.es\/wp-content\/uploads\/2023\/05\/MAQUINA-APILADORA-AUTOMATICA-STACKER-520-ST-4.jpg"},{"@type":"BreadcrumbList","@id":"http:\/\/www.tectuprint.es\/ca\/empresa\/#breadcrumb","itemListElement":[{"@type":"ListItem","position":1,"name":"Portada","item":"https:\/\/www.tectuprint.es\/ca\/"},{"@type":"ListItem","position":2,"name":"Empresa"}]},{"@type":"WebSite","@id":"http:\/\/www.tectuprint.es\/ca\/#website","url":"http:\/\/www.tectuprint.es\/ca\/","name":"Tectuprint - Soluciones para el sector gr\u00e1fico","description":"Soluciones para el Sector Gr\u00e1fico","publisher":{"@id":"http:\/\/www.tectuprint.es\/ca\/#organization"},"alternateName":"Tectuprint","potentialAction":[{"@type":"SearchAction","target":{"@type":"EntryPoint","urlTemplate":"http:\/\/www.tectuprint.es\/ca\/?s={search_term_string}"},"query-input":{"@type":"PropertyValueSpecification","valueRequired":true,"valueName":"search_term_string"}}],"inLanguage":"ca"},{"@type":"Organization","@id":"http:\/\/www.tectuprint.es\/ca\/#organization","name":"Tectuprint - Soluciones para el sector gr\u00e1fico","alternateName":"Tectuprint","url":"http:\/\/www.tectuprint.es\/ca\/","logo":{"@type":"ImageObject","inLanguage":"ca","@id":"http:\/\/www.tectuprint.es\/ca\/#\/schema\/logo\/image\/","url":"http:\/\/www.tectuprint.es\/wp-content\/uploads\/2023\/05\/tectuprint-logo.jpg","contentUrl":"http:\/\/www.tectuprint.es\/wp-content\/uploads\/2023\/05\/tectuprint-logo.jpg","width":300,"height":65,"caption":"Tectuprint - Soluciones para el sector gr\u00e1fico"},"image":{"@id":"http:\/\/www.tectuprint.es\/ca\/#\/schema\/logo\/image\/"}}]}},"_links":{"self":[{"href":"http:\/\/www.tectuprint.es\/ca\/wp-json\/wp\/v2\/pages\/2811","targetHints":{"allow":["GET"]}}],"collection":[{"href":"http:\/\/www.tectuprint.es\/ca\/wp-json\/wp\/v2\/pages"}],"about":[{"href":"http:\/\/www.tectuprint.es\/ca\/wp-json\/wp\/v2\/types\/page"}],"author":[{"embeddable":true,"href":"http:\/\/www.tectuprint.es\/ca\/wp-json\/wp\/v2\/users\/1"}],"replies":[{"embeddable":true,"href":"http:\/\/www.tectuprint.es\/ca\/wp-json\/wp\/v2\/comments?post=2811"}],"version-history":[{"count":12,"href":"http:\/\/www.tectuprint.es\/ca\/wp-json\/wp\/v2\/pages\/2811\/revisions"}],"predecessor-version":[{"id":2860,"href":"http:\/\/www.tectuprint.es\/ca\/wp-json\/wp\/v2\/pages\/2811\/revisions\/2860"}],"wp:attachment":[{"href":"http:\/\/www.tectuprint.es\/ca\/wp-json\/wp\/v2\/media?parent=2811"}],"curies":[{"name":"wp","href":"https:\/\/api.w.org\/{rel}","templated":true}]}}